{"id":5648,"date":"2024-06-13T10:29:21","date_gmt":"2024-06-13T10:29:21","guid":{"rendered":"https:\/\/www.cosebelleantichemoderne.com\/prodotto\/paesina-stone-coffee-table-h-60cm\/"},"modified":"2023-10-05T10:29:21","modified_gmt":"2023-10-05T10:29:21","slug":"coffee-table-in-stone-country-h-60cm","status":"publish","type":"product","link":"https:\/\/www.cosebelleantichemoderne.com\/en\/prodotto\/coffee-table-in-stone-country-h-60cm\/","title":{"rendered":"Paesina Stone Coffee Table H 60cm"},"content":{"rendered":"<p>Paesina Stone coffee table handcrafted in Italy.<\/p>\n<p>Height 60cm, Diameter of the top 38cm.<\/p>\n<p>The preciousness of the material the cleanness of the form come together in a unique, versatile and highly elegant object, suitable for adding an artistic touch to any room in the home, from the living room to the bedroom. The natural veining of the stone, combined with its clean, classic shape, make it an ideal complement to any decorative style.<\/p>\n<p>In a classic and antique d\u00e9cor, it will know how to enhance the immortal luxury of the antique, giving a light and modern touch. In the most modern and essential environments it will sit to great effect alongside other natural materials such as wood, concrete and iron, favored by new interior design trends, giving rooms an undisputed classic and elegant touch.<\/p>\n<p><em>Rare and prized, the Paesina Stone was also celebrated by the poet Pablo Neruda who, exiled in Florence in 1951, dedicated these beautiful verses to it.<\/em><\/p>\n<blockquote><p>Orange spots&#8211;of oxide<br \/>\nGreen veins above the limestone peace<br \/>\nThat the foam beats with its keys<br \/>\nOr the sunrise with its rose,<br \/>\nAre so these stones:<br \/>\nNo one knows whether they came out of the sea or to the sea they return,<br \/>\nsomething surprised them while they were living,<br \/>\nIn the stillness they went out<br \/>\nAnd they built a dead city.<br \/>\nA city without cries, without kitchens,<br \/>\nA solemn enclosure of purity,<br \/>\npure fallen forms<br \/>\nIn a disorder without resurrection,<br \/>\nIn a multitude that lost its gaze<br \/>\nin a gray monastery<br \/>\nCondemned to the naked truth of his gods.<\/p><\/blockquote>\n<h4>THE MATERIAL.<\/h4>\n<p>La <em><br \/>\n  <strong>Paesina stone<\/strong><br \/>\n<\/em> consists mainly of compact limestone and clay, and is typical almost exclusively of Tuscany, particularly the Florence area. In fact, in the world it is also known as <em>&#8220;Florence stone <\/em>.&#8221; Geologically, it originated about 50 million years ago, and its finds are still exclusively accidental; in fact, there are no deposits or places designated for its extraction. This makes it a very rare and highly prized material.<\/p>\n<p>The peculiarity of the stone lies in the patterns created by mineralized solutions in Iron and Manganese, that is, effects that look like ruined cities, stormy seas, inlets, rocks, volcanoes, and mountains. Hence its particular name originates.<\/p>\n<p>In <em>crystal therapy<\/em>, the Paesina Stone, is considered the stone of new beginnings, of renewal; it encourages the establishment of a fighting and tenacious nature, helping to pursue one&#8217;s goals to the end.<\/p>\n<p>&nbsp;<\/p>\n","protected":false},"excerpt":{"rendered":"<ul>\n<li><strong>Height 60cm, top diameter 38cm.  <\/strong><\/li>\n<li>Slight variations can be determined by the processing and use of precious natural materials.<\/li>\n<li>Essential and fine coffee table handcrafted in Italy from Paesina Stone.<\/li>\n<li>A versatile and refined piece of furniture, thanks to its clean lines and natural shades in warm beige tones, it adapts very effectively to any decorative style, from classic to modern. Ideal as a side table or stand to enhance sculptures and other fine objects.<\/li>\n<li>The charm of natural stone with its unrepeatable veining, combined with impeccable craftsmanship, make this simple piece of furniture an artistic, unique and unrepeatable object. It will know how to give a touch of originality and elegance by harmonizing with any kind of environment and decor, from classic to modern.<\/li>\n<li>La <em><br \/>\n  <strong>Paesina Stone<\/strong><br \/>\n<\/em> is a highly prized natural material typical of Tuscany, particularly the Florence area. Its name comes from the particular arrangement of its shades. In each block, in fact, the stone reveals designs that seem to come out of a painter&#8217;s hand, disheveled and crumbling, beautiful landscapes appear sharp against the light brownish background, leaving a veil of amazement in anyone who observes them. It is an is extraordinarily rare stone that is found only by chance; in fact, there are no quarries for it.<\/li>\n<\/ul>\n","protected":false},"featured_media":5494,"comment_status":"closed","ping_status":"closed","template":"","meta":{"_acf_changed":false},"product_brand":[],"product_cat":[180,185],"product_tag":[309,346,345],"class_list":{"0":"post-5648","1":"product","2":"type-product","3":"status-publish","4":"has-post-thumbnail","6":"product_cat-interior","7":"product_cat-sculpture","8":"product_tag-decoration","9":"product_tag-furniture","10":"product_tag-paesina-stone","12":"first","13":"instock","14":"sale","15":"shipping-taxable","16":"purchasable","17":"product-type-simple"},"acf":[],"yoast_head":"<!-- This site is optimized with the Yoast SEO plugin v27.4 - https:\/\/yoast.com\/product\/yoast-seo-wordpress\/ -->\n<title>Paesina Stone Coffee Table H 60cm - CBAM<\/title>\n<meta name=\"description\" content=\"Paesina Stone coffee table handcrafted in Italy. A unique and valuable object, it combines practicality and elegance, adapting to any decorative style.\" \/>\n<meta name=\"robots\" content=\"index, follow, max-snippet:-1, max-image-preview:large, max-video-preview:-1\" \/>\n<link rel=\"canonical\" href=\"https:\/\/www.cosebelleantichemoderne.com\/en\/prodotto\/coffee-table-in-stone-country-h-60cm\/\" \/>\n<meta property=\"og:locale\" content=\"en_US\" \/>\n<meta property=\"og:type\" content=\"article\" \/>\n<meta property=\"og:title\" content=\"Paesina Stone Coffee Table H 60cm - CBAM\" \/>\n<meta property=\"og:description\" content=\"Paesina Stone coffee table handcrafted in Italy. A unique and valuable object, it combines practicality and elegance, adapting to any decorative style.\" \/>\n<meta property=\"og:url\" content=\"https:\/\/www.cosebelleantichemoderne.com\/en\/prodotto\/coffee-table-in-stone-country-h-60cm\/\" \/>\n<meta property=\"og:site_name\" content=\"CBAM\" \/>\n<meta property=\"article:publisher\" content=\"https:\/\/www.facebook.com\/GaDArKStudioGroup\" \/>\n<meta property=\"og:image\" content=\"https:\/\/www.cosebelleantichemoderne.com\/wp-content\/uploads\/2023\/10\/tavolino-in-pietra-paesina-cosebelleantichemoderne.png\" \/>\n\t<meta property=\"og:image:width\" content=\"1600\" \/>\n\t<meta property=\"og:image:height\" content=\"1600\" \/>\n\t<meta property=\"og:image:type\" content=\"image\/png\" \/>\n<meta name=\"twitter:card\" content=\"summary_large_image\" \/>\n<meta name=\"twitter:label1\" content=\"Est. reading time\" \/>\n\t<meta name=\"twitter:data1\" content=\"2 minutes\" \/>\n<script type=\"application\/ld+json\" class=\"yoast-schema-graph\">{\"@context\":\"https:\\\/\\\/schema.org\",\"@graph\":[{\"@type\":\"WebPage\",\"@id\":\"https:\\\/\\\/www.cosebelleantichemoderne.com\\\/en\\\/prodotto\\\/coffee-table-in-stone-country-h-60cm\\\/\",\"url\":\"https:\\\/\\\/www.cosebelleantichemoderne.com\\\/en\\\/prodotto\\\/coffee-table-in-stone-country-h-60cm\\\/\",\"name\":\"Paesina Stone Coffee Table H 60cm - CBAM\",\"isPartOf\":{\"@id\":\"https:\\\/\\\/www.cosebelleantichemoderne.com\\\/en\\\/#website\"},\"primaryImageOfPage\":{\"@id\":\"https:\\\/\\\/www.cosebelleantichemoderne.com\\\/en\\\/prodotto\\\/coffee-table-in-stone-country-h-60cm\\\/#primaryimage\"},\"image\":{\"@id\":\"https:\\\/\\\/www.cosebelleantichemoderne.com\\\/en\\\/prodotto\\\/coffee-table-in-stone-country-h-60cm\\\/#primaryimage\"},\"thumbnailUrl\":\"https:\\\/\\\/www.cosebelleantichemoderne.com\\\/wp-content\\\/uploads\\\/2023\\\/10\\\/tavolino-in-pietra-paesina-cosebelleantichemoderne.png\",\"datePublished\":\"2024-06-13T10:29:21+00:00\",\"description\":\"Paesina Stone coffee table handcrafted in Italy. A unique and valuable object, it combines practicality and elegance, adapting to any decorative style.\",\"breadcrumb\":{\"@id\":\"https:\\\/\\\/www.cosebelleantichemoderne.com\\\/en\\\/prodotto\\\/coffee-table-in-stone-country-h-60cm\\\/#breadcrumb\"},\"inLanguage\":\"en-US\",\"potentialAction\":[{\"@type\":\"ReadAction\",\"target\":[\"https:\\\/\\\/www.cosebelleantichemoderne.com\\\/en\\\/prodotto\\\/coffee-table-in-stone-country-h-60cm\\\/\"]}]},{\"@type\":\"ImageObject\",\"inLanguage\":\"en-US\",\"@id\":\"https:\\\/\\\/www.cosebelleantichemoderne.com\\\/en\\\/prodotto\\\/coffee-table-in-stone-country-h-60cm\\\/#primaryimage\",\"url\":\"https:\\\/\\\/www.cosebelleantichemoderne.com\\\/wp-content\\\/uploads\\\/2023\\\/10\\\/tavolino-in-pietra-paesina-cosebelleantichemoderne.png\",\"contentUrl\":\"https:\\\/\\\/www.cosebelleantichemoderne.com\\\/wp-content\\\/uploads\\\/2023\\\/10\\\/tavolino-in-pietra-paesina-cosebelleantichemoderne.png\",\"width\":1600,\"height\":1600,\"caption\":\"Rara e pregiata, la Pietra Paesina, fu celebrata anche dal poeta Pablo Neruda che, esule a Firenze nel 1951 le dedic\u00f2 i suoi bellissimi versi.\u00a0 Macchie arancione \u2026 d\u2019ossido vene verdi sopra la pace calcarea che la schiuma batte con le sue chiavi o l\u2019alba con la sua rosa, son cos\u00ec queste pietre: nessuno sa se uscirono dal mare o al mare tornano, qualcosa le sorprese mentre vivevano, nell\u2019immobilit\u00e0 si spensero e costruirono una citt\u00e0 morta. Una citt\u00e0 senza grida, senza cucine, un solenne recinto \u2026 di purezza, forme pure cadute in un disordine senza resurrezioni, in una moltitudine che perse lo sguardo in un grigio monastero condannato alla verit\u00e0 nuda dei suoi dei.\"},{\"@type\":\"BreadcrumbList\",\"@id\":\"https:\\\/\\\/www.cosebelleantichemoderne.com\\\/en\\\/prodotto\\\/coffee-table-in-stone-country-h-60cm\\\/#breadcrumb\",\"itemListElement\":[{\"@type\":\"ListItem\",\"position\":1,\"name\":\"Home\",\"item\":\"https:\\\/\\\/www.cosebelleantichemoderne.com\\\/en\\\/marble-interior-design-unique-hand-polished-pieces\\\/\"},{\"@type\":\"ListItem\",\"position\":2,\"name\":\"Shop\",\"item\":\"https:\\\/\\\/www.cosebelleantichemoderne.com\\\/en\\\/shop\\\/\"},{\"@type\":\"ListItem\",\"position\":3,\"name\":\"Paesina Stone Coffee Table H 60cm\"}]},{\"@type\":\"WebSite\",\"@id\":\"https:\\\/\\\/www.cosebelleantichemoderne.com\\\/en\\\/#website\",\"url\":\"https:\\\/\\\/www.cosebelleantichemoderne.com\\\/en\\\/\",\"name\":\"Cose Belle Antiche Moderne - CBAM\",\"description\":\"Cose belle Antiche e Moderne\",\"publisher\":{\"@id\":\"https:\\\/\\\/www.cosebelleantichemoderne.com\\\/en\\\/#organization\"},\"alternateName\":\"CBAM\",\"potentialAction\":[{\"@type\":\"SearchAction\",\"target\":{\"@type\":\"EntryPoint\",\"urlTemplate\":\"https:\\\/\\\/www.cosebelleantichemoderne.com\\\/en\\\/?s={search_term_string}\"},\"query-input\":{\"@type\":\"PropertyValueSpecification\",\"valueRequired\":true,\"valueName\":\"search_term_string\"}}],\"inLanguage\":\"en-US\"},{\"@type\":\"Organization\",\"@id\":\"https:\\\/\\\/www.cosebelleantichemoderne.com\\\/en\\\/#organization\",\"name\":\"Cose Belle Antiche Moderne - CBAM\",\"alternateName\":\"CBAM\",\"url\":\"https:\\\/\\\/www.cosebelleantichemoderne.com\\\/en\\\/\",\"logo\":{\"@type\":\"ImageObject\",\"inLanguage\":\"en-US\",\"@id\":\"https:\\\/\\\/www.cosebelleantichemoderne.com\\\/en\\\/#\\\/schema\\\/logo\\\/image\\\/\",\"url\":\"https:\\\/\\\/www.cosebelleantichemoderne.com\\\/wp-content\\\/uploads\\\/2020\\\/07\\\/Logo.png\",\"contentUrl\":\"https:\\\/\\\/www.cosebelleantichemoderne.com\\\/wp-content\\\/uploads\\\/2020\\\/07\\\/Logo.png\",\"width\":566,\"height\":194,\"caption\":\"Cose Belle Antiche Moderne - CBAM\"},\"image\":{\"@id\":\"https:\\\/\\\/www.cosebelleantichemoderne.com\\\/en\\\/#\\\/schema\\\/logo\\\/image\\\/\"},\"sameAs\":[\"https:\\\/\\\/www.facebook.com\\\/GaDArKStudioGroup\",\"https:\\\/\\\/www.instagram.com\\\/gad_cbam\\\/\",\"https:\\\/\\\/studio.youtube.com\\\/channel\\\/UCTxBZjBvDyg_FCroatLqjFA\"]}]}<\/script>\n<!-- \/ Yoast SEO plugin. -->","yoast_head_json":{"title":"Paesina Stone Coffee Table H 60cm - CBAM","description":"Paesina Stone coffee table handcrafted in Italy. A unique and valuable object, it combines practicality and elegance, adapting to any decorative style.","robots":{"index":"index","follow":"follow","max-snippet":"max-snippet:-1","max-image-preview":"max-image-preview:large","max-video-preview":"max-video-preview:-1"},"canonical":"https:\/\/www.cosebelleantichemoderne.com\/en\/prodotto\/coffee-table-in-stone-country-h-60cm\/","og_locale":"en_US","og_type":"article","og_title":"Paesina Stone Coffee Table H 60cm - CBAM","og_description":"Paesina Stone coffee table handcrafted in Italy. A unique and valuable object, it combines practicality and elegance, adapting to any decorative style.","og_url":"https:\/\/www.cosebelleantichemoderne.com\/en\/prodotto\/coffee-table-in-stone-country-h-60cm\/","og_site_name":"CBAM","article_publisher":"https:\/\/www.facebook.com\/GaDArKStudioGroup","og_image":[{"width":1600,"height":1600,"url":"https:\/\/www.cosebelleantichemoderne.com\/wp-content\/uploads\/2023\/10\/tavolino-in-pietra-paesina-cosebelleantichemoderne.png","type":"image\/png"}],"twitter_card":"summary_large_image","twitter_misc":{"Est. reading time":"2 minutes"},"schema":{"@context":"https:\/\/schema.org","@graph":[{"@type":"WebPage","@id":"https:\/\/www.cosebelleantichemoderne.com\/en\/prodotto\/coffee-table-in-stone-country-h-60cm\/","url":"https:\/\/www.cosebelleantichemoderne.com\/en\/prodotto\/coffee-table-in-stone-country-h-60cm\/","name":"Paesina Stone Coffee Table H 60cm - CBAM","isPartOf":{"@id":"https:\/\/www.cosebelleantichemoderne.com\/en\/#website"},"primaryImageOfPage":{"@id":"https:\/\/www.cosebelleantichemoderne.com\/en\/prodotto\/coffee-table-in-stone-country-h-60cm\/#primaryimage"},"image":{"@id":"https:\/\/www.cosebelleantichemoderne.com\/en\/prodotto\/coffee-table-in-stone-country-h-60cm\/#primaryimage"},"thumbnailUrl":"https:\/\/www.cosebelleantichemoderne.com\/wp-content\/uploads\/2023\/10\/tavolino-in-pietra-paesina-cosebelleantichemoderne.png","datePublished":"2024-06-13T10:29:21+00:00","description":"Paesina Stone coffee table handcrafted in Italy. A unique and valuable object, it combines practicality and elegance, adapting to any decorative style.","breadcrumb":{"@id":"https:\/\/www.cosebelleantichemoderne.com\/en\/prodotto\/coffee-table-in-stone-country-h-60cm\/#breadcrumb"},"inLanguage":"en-US","potentialAction":[{"@type":"ReadAction","target":["https:\/\/www.cosebelleantichemoderne.com\/en\/prodotto\/coffee-table-in-stone-country-h-60cm\/"]}]},{"@type":"ImageObject","inLanguage":"en-US","@id":"https:\/\/www.cosebelleantichemoderne.com\/en\/prodotto\/coffee-table-in-stone-country-h-60cm\/#primaryimage","url":"https:\/\/www.cosebelleantichemoderne.com\/wp-content\/uploads\/2023\/10\/tavolino-in-pietra-paesina-cosebelleantichemoderne.png","contentUrl":"https:\/\/www.cosebelleantichemoderne.com\/wp-content\/uploads\/2023\/10\/tavolino-in-pietra-paesina-cosebelleantichemoderne.png","width":1600,"height":1600,"caption":"Rara e pregiata, la Pietra Paesina, fu celebrata anche dal poeta Pablo Neruda che, esule a Firenze nel 1951 le dedic\u00f2 i suoi bellissimi versi.\u00a0 Macchie arancione \u2026 d\u2019ossido vene verdi sopra la pace calcarea che la schiuma batte con le sue chiavi o l\u2019alba con la sua rosa, son cos\u00ec queste pietre: nessuno sa se uscirono dal mare o al mare tornano, qualcosa le sorprese mentre vivevano, nell\u2019immobilit\u00e0 si spensero e costruirono una citt\u00e0 morta. Una citt\u00e0 senza grida, senza cucine, un solenne recinto \u2026 di purezza, forme pure cadute in un disordine senza resurrezioni, in una moltitudine che perse lo sguardo in un grigio monastero condannato alla verit\u00e0 nuda dei suoi dei."},{"@type":"BreadcrumbList","@id":"https:\/\/www.cosebelleantichemoderne.com\/en\/prodotto\/coffee-table-in-stone-country-h-60cm\/#breadcrumb","itemListElement":[{"@type":"ListItem","position":1,"name":"Home","item":"https:\/\/www.cosebelleantichemoderne.com\/en\/marble-interior-design-unique-hand-polished-pieces\/"},{"@type":"ListItem","position":2,"name":"Shop","item":"https:\/\/www.cosebelleantichemoderne.com\/en\/shop\/"},{"@type":"ListItem","position":3,"name":"Paesina Stone Coffee Table H 60cm"}]},{"@type":"WebSite","@id":"https:\/\/www.cosebelleantichemoderne.com\/en\/#website","url":"https:\/\/www.cosebelleantichemoderne.com\/en\/","name":"Cose Belle Antiche Moderne - CBAM","description":"Cose belle Antiche e Moderne","publisher":{"@id":"https:\/\/www.cosebelleantichemoderne.com\/en\/#organization"},"alternateName":"CBAM","potentialAction":[{"@type":"SearchAction","target":{"@type":"EntryPoint","urlTemplate":"https:\/\/www.cosebelleantichemoderne.com\/en\/?s={search_term_string}"},"query-input":{"@type":"PropertyValueSpecification","valueRequired":true,"valueName":"search_term_string"}}],"inLanguage":"en-US"},{"@type":"Organization","@id":"https:\/\/www.cosebelleantichemoderne.com\/en\/#organization","name":"Cose Belle Antiche Moderne - CBAM","alternateName":"CBAM","url":"https:\/\/www.cosebelleantichemoderne.com\/en\/","logo":{"@type":"ImageObject","inLanguage":"en-US","@id":"https:\/\/www.cosebelleantichemoderne.com\/en\/#\/schema\/logo\/image\/","url":"https:\/\/www.cosebelleantichemoderne.com\/wp-content\/uploads\/2020\/07\/Logo.png","contentUrl":"https:\/\/www.cosebelleantichemoderne.com\/wp-content\/uploads\/2020\/07\/Logo.png","width":566,"height":194,"caption":"Cose Belle Antiche Moderne - CBAM"},"image":{"@id":"https:\/\/www.cosebelleantichemoderne.com\/en\/#\/schema\/logo\/image\/"},"sameAs":["https:\/\/www.facebook.com\/GaDArKStudioGroup","https:\/\/www.instagram.com\/gad_cbam\/","https:\/\/studio.youtube.com\/channel\/UCTxBZjBvDyg_FCroatLqjFA"]}]}},"_links":{"self":[{"href":"https:\/\/www.cosebelleantichemoderne.com\/en\/wp-json\/wp\/v2\/product\/5648","targetHints":{"allow":["GET"]}}],"collection":[{"href":"https:\/\/www.cosebelleantichemoderne.com\/en\/wp-json\/wp\/v2\/product"}],"about":[{"href":"https:\/\/www.cosebelleantichemoderne.com\/en\/wp-json\/wp\/v2\/types\/product"}],"replies":[{"embeddable":true,"href":"https:\/\/www.cosebelleantichemoderne.com\/en\/wp-json\/wp\/v2\/comments?post=5648"}],"wp:featuredmedia":[{"embeddable":true,"href":"https:\/\/www.cosebelleantichemoderne.com\/en\/wp-json\/wp\/v2\/media\/5494"}],"wp:attachment":[{"href":"https:\/\/www.cosebelleantichemoderne.com\/en\/wp-json\/wp\/v2\/media?parent=5648"}],"wp:term":[{"taxonomy":"product_brand","embeddable":true,"href":"https:\/\/www.cosebelleantichemoderne.com\/en\/wp-json\/wp\/v2\/product_brand?post=5648"},{"taxonomy":"product_cat","embeddable":true,"href":"https:\/\/www.cosebelleantichemoderne.com\/en\/wp-json\/wp\/v2\/product_cat?post=5648"},{"taxonomy":"product_tag","embeddable":true,"href":"https:\/\/www.cosebelleantichemoderne.com\/en\/wp-json\/wp\/v2\/product_tag?post=5648"}],"curies":[{"name":"wp","href":"https:\/\/api.w.org\/{rel}","templated":true}]}}