{"id":3304,"date":"2023-03-04T18:09:51","date_gmt":"2023-03-04T18:09:51","guid":{"rendered":"https:\/\/www.cosebelleantichemoderne.com\/?post_type=product&#038;p=3304"},"modified":"2024-06-05T09:08:26","modified_gmt":"2024-06-05T09:08:26","slug":"vaso-mediceo-in-travertino-chiaro-h-38cm","status":"publish","type":"product","link":"https:\/\/www.cosebelleantichemoderne.com\/en\/prodotto\/vaso-mediceo-in-travertino-chiaro-h-38cm\/","title":{"rendered":"Vaso Mediceo in Travertino Chiaro H 38cm"},"content":{"rendered":"<p>Vaso Mediceo in travertino chiaro realizzato a mano in Italia.<\/p>\n<h5>IL MATERIALE<\/h5>\n<p><span class=\"a-list-item\">Il <em><strong>TRAVERTINO Classico<\/strong><\/em> \u00e8 senza dubbio il travertino italiano per eccellenza. \u00c8 un materiale altamente compatto e poroso. <\/span>Ha una colorazione naturale beige chiaro omogeneo con striature che variano dal beige al bianco. Noto sin dall&#8217;antichit\u00e0 per le sue qualit\u00e0 strutturali, rimanda subito all\u2019architettura classica e barocca di Roma. Il Colosseo la Fontana di Trevi sono solo alcuni esempi di come questo materiale sia stato sin da tempi antichissimi prediletto in architettura.<\/p>\n<p>Contraddistinto da una elevata porosit\u00e0, che ne fa risaltare la naturalezza, \u00e8 al tempo stesso un materiale durevole e malleabile. Grazie all&#8217; ottima resistenza agli agenti atmosferici e alla possibilit\u00e0 di essere levigato e scolpito con facilit\u00e0, <span class=\"a-list-item\">ancora oggi trova impiego in realizzazioni di pregio, da ampi rivestimenti come pavimenti, scale e cucine fino alla progettazione di complementi d&#8217;arredo e oggetti ornamentali di pregio.\u00a0<\/span><\/p>\n<p>Il travertino, grazie al suo aspetto \u201cnaturalmente\u201d rustico, dovuto alla porosit\u00e0 e all\u2019aspetto opaco, esalta ed \u00e8 esaltato da ambienti ed arredi dal classico gusto rustico e retr\u00f2 o dal moderno shabby. Tuttavia, la forma classica di questo vaso mediceo in travertino chiaro ne fa un perfetto complemento anche per arredi classici e d\u2019antiquariato, dove i legni scuri e pregiati e il color oro, spesso ricorrente, sapranno esaltarne le caratteristiche naturali.<\/p>\n<h5>IL VASO MEDICEO<\/h5>\n<p>Iconico e intramontabile, il vaso detto <em><strong>MEDICEO<\/strong> <\/em>trae origine dall\u2019antichissimo esemplare. Scolpito ad Atene intorno alla met\u00e0 del I sec. a.C., fu successivamente ritrovato nelle collezioni di Villa Medici a Roma, da cui prese il nome. Il monumentale vaso in marmo oggi \u00e8 conservato nel Museo degli Uffizi di Firenze.<\/p>\n<p>Veri e propri oggetti d\u2019arte, furono realizzati nei secoli successivi fino ai nostri giorni in svariati materiali, conservando per\u00f2 le caratteristiche di stile del modello di riferimento.<\/p>\n<p>Scopri di pi\u00f9 sul nostro <a href=\"https:\/\/www.cosebelleantichemoderne.com\/dalla-storia-allinterior-design-il-fascino-dei-vasi-medicei\/\" target=\"_blank\" rel=\"noopener\">blog<\/a>.<\/p>\n","protected":false},"excerpt":{"rendered":"<ul>\n<li><span class=\"a-list-item\"><strong>Altezza 38cm, base quadrata 17x17cm.<\/strong><\/span><\/li>\n<li><strong>Peso circa 17 kg.<\/strong><\/li>\n<\/ul>\n<ul>\n<li><span class=\"a-list-item\">TRAVERTINO CHIARO NATURALE.<\/span><\/li>\n<li><span class=\"a-list-item\">Realizzato a mano in Italia. Eventuali differenze rispetto all\u2019immagine sono da considerarsi garanzia di unicit\u00e0 dell\u2019oggetto e del materiale. Disponibile in altre varianti.<\/span><\/li>\n<li><span class=\"a-list-item\">Vaso mediceo in travertino naturale. La forma classica e senza tempo \u00e8 unita alla praticit\u00e0 multifunzionale per un risultato di grande impatto, che sapr\u00e0 rendere lussuoso ogni tipo di ambiente, dal classico al moderno. Evidente il riferimento al famigerato Vaso Medici, che nel corso della storia \u00e8 diventato un vero oggetto di culto per la decorazione di giardini, ville e ambienti di pregio. Prezioso elemento per la decorazione per interni o esterni, coniuga stile, durevolezza e funzionalit\u00e0.<\/span><\/li>\n<li><span class=\"a-list-item\">Il TRAVERTINO Classico \u00e8 senza dubbio il travertino italiano per eccellenza. Usato fin dall\u2019antichit\u00e0 per realizzare celebri opere come il Colosseo e la Fontana di Trevi, ancora oggi trova impiego in realizzazioni di pregio, da ampi rivestimenti come pavimenti, scale e cucine fino alla progettazione di camini, tavoli, complementi di arredo e colonne. \u00c8 un materiale altamente compatto e poroso, caratterizzato da un fondo beige chiaro con striature di colore caldo.<\/span><\/li>\n<li><\/li>\n<\/ul>\n","protected":false},"featured_media":3358,"comment_status":"open","ping_status":"closed","template":"","meta":{"_acf_changed":false},"product_brand":[],"product_cat":[87,119],"product_tag":[94,259],"class_list":{"0":"post-3304","1":"product","2":"type-product","3":"status-publish","4":"has-post-thumbnail","6":"product_cat-home-decor","7":"product_cat-vasi-design","8":"product_tag-marmo","9":"product_tag-vasi","11":"first","12":"instock","13":"shipping-taxable","14":"purchasable","15":"product-type-simple"},"acf":[],"yoast_head":"<!-- This site is optimized with the Yoast SEO plugin v27.4 - https:\/\/yoast.com\/product\/yoast-seo-wordpress\/ -->\n<title>Vaso Mediceo in Travertino Chiaro H 38cm - CBAM<\/title>\n<meta name=\"description\" content=\"Vaso Mediceo in travertino chiaro realizzato a mano in Italia. Forma classica stilizzata, adatto ad ambienti ed arredi dal classico al moderno.\" \/>\n<meta name=\"robots\" content=\"index, follow, max-snippet:-1, max-image-preview:large, max-video-preview:-1\" \/>\n<link rel=\"canonical\" href=\"https:\/\/www.cosebelleantichemoderne.com\/en\/prodotto\/vaso-mediceo-in-travertino-chiaro-h-38cm\/\" \/>\n<meta property=\"og:locale\" content=\"en_US\" \/>\n<meta property=\"og:type\" content=\"article\" \/>\n<meta property=\"og:title\" content=\"Vaso Mediceo in Travertino Chiaro H 38cm - CBAM\" \/>\n<meta property=\"og:description\" content=\"Vaso Mediceo in travertino chiaro realizzato a mano in Italia. Forma classica stilizzata, adatto ad ambienti ed arredi dal classico al moderno.\" \/>\n<meta property=\"og:url\" content=\"https:\/\/www.cosebelleantichemoderne.com\/en\/prodotto\/vaso-mediceo-in-travertino-chiaro-h-38cm\/\" \/>\n<meta property=\"og:site_name\" content=\"CBAM\" \/>\n<meta property=\"article:publisher\" content=\"https:\/\/www.facebook.com\/GaDArKStudioGroup\" \/>\n<meta property=\"article:modified_time\" content=\"2024-06-05T09:08:26+00:00\" \/>\n<meta property=\"og:image\" content=\"https:\/\/www.cosebelleantichemoderne.com\/wp-content\/uploads\/2023\/03\/vaso-mediceo-in-travertino-chiaro-cosebelleantichemoderne.jpg\" \/>\n\t<meta property=\"og:image:width\" content=\"1600\" \/>\n\t<meta property=\"og:image:height\" content=\"1600\" \/>\n\t<meta property=\"og:image:type\" content=\"image\/jpeg\" \/>\n<meta name=\"twitter:card\" content=\"summary_large_image\" \/>\n<meta name=\"twitter:label1\" content=\"Est. reading time\" \/>\n\t<meta name=\"twitter:data1\" content=\"2 minutes\" \/>\n<script type=\"application\/ld+json\" class=\"yoast-schema-graph\">{\"@context\":\"https:\\\/\\\/schema.org\",\"@graph\":[{\"@type\":\"WebPage\",\"@id\":\"https:\\\/\\\/www.cosebelleantichemoderne.com\\\/en\\\/prodotto\\\/vaso-mediceo-in-travertino-chiaro-h-38cm\\\/\",\"url\":\"https:\\\/\\\/www.cosebelleantichemoderne.com\\\/en\\\/prodotto\\\/vaso-mediceo-in-travertino-chiaro-h-38cm\\\/\",\"name\":\"Vaso Mediceo in Travertino Chiaro H 38cm - CBAM\",\"isPartOf\":{\"@id\":\"https:\\\/\\\/www.cosebelleantichemoderne.com\\\/en\\\/#website\"},\"primaryImageOfPage\":{\"@id\":\"https:\\\/\\\/www.cosebelleantichemoderne.com\\\/en\\\/prodotto\\\/vaso-mediceo-in-travertino-chiaro-h-38cm\\\/#primaryimage\"},\"image\":{\"@id\":\"https:\\\/\\\/www.cosebelleantichemoderne.com\\\/en\\\/prodotto\\\/vaso-mediceo-in-travertino-chiaro-h-38cm\\\/#primaryimage\"},\"thumbnailUrl\":\"https:\\\/\\\/www.cosebelleantichemoderne.com\\\/wp-content\\\/uploads\\\/2023\\\/03\\\/vaso-mediceo-in-travertino-chiaro-cosebelleantichemoderne.jpg\",\"datePublished\":\"2023-03-04T18:09:51+00:00\",\"dateModified\":\"2024-06-05T09:08:26+00:00\",\"description\":\"Vaso Mediceo in travertino chiaro realizzato a mano in Italia. Forma classica stilizzata, adatto ad ambienti ed arredi dal classico al moderno.\",\"breadcrumb\":{\"@id\":\"https:\\\/\\\/www.cosebelleantichemoderne.com\\\/en\\\/prodotto\\\/vaso-mediceo-in-travertino-chiaro-h-38cm\\\/#breadcrumb\"},\"inLanguage\":\"en-US\",\"potentialAction\":[{\"@type\":\"ReadAction\",\"target\":[\"https:\\\/\\\/www.cosebelleantichemoderne.com\\\/en\\\/prodotto\\\/vaso-mediceo-in-travertino-chiaro-h-38cm\\\/\"]}]},{\"@type\":\"ImageObject\",\"inLanguage\":\"en-US\",\"@id\":\"https:\\\/\\\/www.cosebelleantichemoderne.com\\\/en\\\/prodotto\\\/vaso-mediceo-in-travertino-chiaro-h-38cm\\\/#primaryimage\",\"url\":\"https:\\\/\\\/www.cosebelleantichemoderne.com\\\/wp-content\\\/uploads\\\/2023\\\/03\\\/vaso-mediceo-in-travertino-chiaro-cosebelleantichemoderne.jpg\",\"contentUrl\":\"https:\\\/\\\/www.cosebelleantichemoderne.com\\\/wp-content\\\/uploads\\\/2023\\\/03\\\/vaso-mediceo-in-travertino-chiaro-cosebelleantichemoderne.jpg\",\"width\":1600,\"height\":1600,\"caption\":\"vaso-mediceo-in-travertino-chiaro-cosebelleantichemoderne\"},{\"@type\":\"BreadcrumbList\",\"@id\":\"https:\\\/\\\/www.cosebelleantichemoderne.com\\\/en\\\/prodotto\\\/vaso-mediceo-in-travertino-chiaro-h-38cm\\\/#breadcrumb\",\"itemListElement\":[{\"@type\":\"ListItem\",\"position\":1,\"name\":\"Home\",\"item\":\"https:\\\/\\\/www.cosebelleantichemoderne.com\\\/en\\\/marble-interior-design-unique-hand-polished-pieces\\\/\"},{\"@type\":\"ListItem\",\"position\":2,\"name\":\"Shop\",\"item\":\"https:\\\/\\\/www.cosebelleantichemoderne.com\\\/en\\\/shop\\\/\"},{\"@type\":\"ListItem\",\"position\":3,\"name\":\"Vaso Mediceo in Travertino Chiaro H 38cm\"}]},{\"@type\":\"WebSite\",\"@id\":\"https:\\\/\\\/www.cosebelleantichemoderne.com\\\/en\\\/#website\",\"url\":\"https:\\\/\\\/www.cosebelleantichemoderne.com\\\/en\\\/\",\"name\":\"Cose Belle Antiche Moderne - CBAM\",\"description\":\"Cose belle Antiche e Moderne\",\"publisher\":{\"@id\":\"https:\\\/\\\/www.cosebelleantichemoderne.com\\\/en\\\/#organization\"},\"alternateName\":\"CBAM\",\"potentialAction\":[{\"@type\":\"SearchAction\",\"target\":{\"@type\":\"EntryPoint\",\"urlTemplate\":\"https:\\\/\\\/www.cosebelleantichemoderne.com\\\/en\\\/?s={search_term_string}\"},\"query-input\":{\"@type\":\"PropertyValueSpecification\",\"valueRequired\":true,\"valueName\":\"search_term_string\"}}],\"inLanguage\":\"en-US\"},{\"@type\":\"Organization\",\"@id\":\"https:\\\/\\\/www.cosebelleantichemoderne.com\\\/en\\\/#organization\",\"name\":\"Cose Belle Antiche Moderne - CBAM\",\"alternateName\":\"CBAM\",\"url\":\"https:\\\/\\\/www.cosebelleantichemoderne.com\\\/en\\\/\",\"logo\":{\"@type\":\"ImageObject\",\"inLanguage\":\"en-US\",\"@id\":\"https:\\\/\\\/www.cosebelleantichemoderne.com\\\/en\\\/#\\\/schema\\\/logo\\\/image\\\/\",\"url\":\"https:\\\/\\\/www.cosebelleantichemoderne.com\\\/wp-content\\\/uploads\\\/2020\\\/07\\\/Logo.png\",\"contentUrl\":\"https:\\\/\\\/www.cosebelleantichemoderne.com\\\/wp-content\\\/uploads\\\/2020\\\/07\\\/Logo.png\",\"width\":566,\"height\":194,\"caption\":\"Cose Belle Antiche Moderne - CBAM\"},\"image\":{\"@id\":\"https:\\\/\\\/www.cosebelleantichemoderne.com\\\/en\\\/#\\\/schema\\\/logo\\\/image\\\/\"},\"sameAs\":[\"https:\\\/\\\/www.facebook.com\\\/GaDArKStudioGroup\",\"https:\\\/\\\/www.instagram.com\\\/gad_cbam\\\/\",\"https:\\\/\\\/studio.youtube.com\\\/channel\\\/UCTxBZjBvDyg_FCroatLqjFA\"]}]}<\/script>\n<!-- \/ Yoast SEO plugin. -->","yoast_head_json":{"title":"Vaso Mediceo in Travertino Chiaro H 38cm - CBAM","description":"Vaso Mediceo in travertino chiaro realizzato a mano in Italia. Forma classica stilizzata, adatto ad ambienti ed arredi dal classico al moderno.","robots":{"index":"index","follow":"follow","max-snippet":"max-snippet:-1","max-image-preview":"max-image-preview:large","max-video-preview":"max-video-preview:-1"},"canonical":"https:\/\/www.cosebelleantichemoderne.com\/en\/prodotto\/vaso-mediceo-in-travertino-chiaro-h-38cm\/","og_locale":"en_US","og_type":"article","og_title":"Vaso Mediceo in Travertino Chiaro H 38cm - CBAM","og_description":"Vaso Mediceo in travertino chiaro realizzato a mano in Italia. Forma classica stilizzata, adatto ad ambienti ed arredi dal classico al moderno.","og_url":"https:\/\/www.cosebelleantichemoderne.com\/en\/prodotto\/vaso-mediceo-in-travertino-chiaro-h-38cm\/","og_site_name":"CBAM","article_publisher":"https:\/\/www.facebook.com\/GaDArKStudioGroup","article_modified_time":"2024-06-05T09:08:26+00:00","og_image":[{"width":1600,"height":1600,"url":"https:\/\/www.cosebelleantichemoderne.com\/wp-content\/uploads\/2023\/03\/vaso-mediceo-in-travertino-chiaro-cosebelleantichemoderne.jpg","type":"image\/jpeg"}],"twitter_card":"summary_large_image","twitter_misc":{"Est. reading time":"2 minutes"},"schema":{"@context":"https:\/\/schema.org","@graph":[{"@type":"WebPage","@id":"https:\/\/www.cosebelleantichemoderne.com\/en\/prodotto\/vaso-mediceo-in-travertino-chiaro-h-38cm\/","url":"https:\/\/www.cosebelleantichemoderne.com\/en\/prodotto\/vaso-mediceo-in-travertino-chiaro-h-38cm\/","name":"Vaso Mediceo in Travertino Chiaro H 38cm - CBAM","isPartOf":{"@id":"https:\/\/www.cosebelleantichemoderne.com\/en\/#website"},"primaryImageOfPage":{"@id":"https:\/\/www.cosebelleantichemoderne.com\/en\/prodotto\/vaso-mediceo-in-travertino-chiaro-h-38cm\/#primaryimage"},"image":{"@id":"https:\/\/www.cosebelleantichemoderne.com\/en\/prodotto\/vaso-mediceo-in-travertino-chiaro-h-38cm\/#primaryimage"},"thumbnailUrl":"https:\/\/www.cosebelleantichemoderne.com\/wp-content\/uploads\/2023\/03\/vaso-mediceo-in-travertino-chiaro-cosebelleantichemoderne.jpg","datePublished":"2023-03-04T18:09:51+00:00","dateModified":"2024-06-05T09:08:26+00:00","description":"Vaso Mediceo in travertino chiaro realizzato a mano in Italia. Forma classica stilizzata, adatto ad ambienti ed arredi dal classico al moderno.","breadcrumb":{"@id":"https:\/\/www.cosebelleantichemoderne.com\/en\/prodotto\/vaso-mediceo-in-travertino-chiaro-h-38cm\/#breadcrumb"},"inLanguage":"en-US","potentialAction":[{"@type":"ReadAction","target":["https:\/\/www.cosebelleantichemoderne.com\/en\/prodotto\/vaso-mediceo-in-travertino-chiaro-h-38cm\/"]}]},{"@type":"ImageObject","inLanguage":"en-US","@id":"https:\/\/www.cosebelleantichemoderne.com\/en\/prodotto\/vaso-mediceo-in-travertino-chiaro-h-38cm\/#primaryimage","url":"https:\/\/www.cosebelleantichemoderne.com\/wp-content\/uploads\/2023\/03\/vaso-mediceo-in-travertino-chiaro-cosebelleantichemoderne.jpg","contentUrl":"https:\/\/www.cosebelleantichemoderne.com\/wp-content\/uploads\/2023\/03\/vaso-mediceo-in-travertino-chiaro-cosebelleantichemoderne.jpg","width":1600,"height":1600,"caption":"vaso-mediceo-in-travertino-chiaro-cosebelleantichemoderne"},{"@type":"BreadcrumbList","@id":"https:\/\/www.cosebelleantichemoderne.com\/en\/prodotto\/vaso-mediceo-in-travertino-chiaro-h-38cm\/#breadcrumb","itemListElement":[{"@type":"ListItem","position":1,"name":"Home","item":"https:\/\/www.cosebelleantichemoderne.com\/en\/marble-interior-design-unique-hand-polished-pieces\/"},{"@type":"ListItem","position":2,"name":"Shop","item":"https:\/\/www.cosebelleantichemoderne.com\/en\/shop\/"},{"@type":"ListItem","position":3,"name":"Vaso Mediceo in Travertino Chiaro H 38cm"}]},{"@type":"WebSite","@id":"https:\/\/www.cosebelleantichemoderne.com\/en\/#website","url":"https:\/\/www.cosebelleantichemoderne.com\/en\/","name":"Cose Belle Antiche Moderne - CBAM","description":"Cose belle Antiche e Moderne","publisher":{"@id":"https:\/\/www.cosebelleantichemoderne.com\/en\/#organization"},"alternateName":"CBAM","potentialAction":[{"@type":"SearchAction","target":{"@type":"EntryPoint","urlTemplate":"https:\/\/www.cosebelleantichemoderne.com\/en\/?s={search_term_string}"},"query-input":{"@type":"PropertyValueSpecification","valueRequired":true,"valueName":"search_term_string"}}],"inLanguage":"en-US"},{"@type":"Organization","@id":"https:\/\/www.cosebelleantichemoderne.com\/en\/#organization","name":"Cose Belle Antiche Moderne - CBAM","alternateName":"CBAM","url":"https:\/\/www.cosebelleantichemoderne.com\/en\/","logo":{"@type":"ImageObject","inLanguage":"en-US","@id":"https:\/\/www.cosebelleantichemoderne.com\/en\/#\/schema\/logo\/image\/","url":"https:\/\/www.cosebelleantichemoderne.com\/wp-content\/uploads\/2020\/07\/Logo.png","contentUrl":"https:\/\/www.cosebelleantichemoderne.com\/wp-content\/uploads\/2020\/07\/Logo.png","width":566,"height":194,"caption":"Cose Belle Antiche Moderne - CBAM"},"image":{"@id":"https:\/\/www.cosebelleantichemoderne.com\/en\/#\/schema\/logo\/image\/"},"sameAs":["https:\/\/www.facebook.com\/GaDArKStudioGroup","https:\/\/www.instagram.com\/gad_cbam\/","https:\/\/studio.youtube.com\/channel\/UCTxBZjBvDyg_FCroatLqjFA"]}]}},"_links":{"self":[{"href":"https:\/\/www.cosebelleantichemoderne.com\/en\/wp-json\/wp\/v2\/product\/3304","targetHints":{"allow":["GET"]}}],"collection":[{"href":"https:\/\/www.cosebelleantichemoderne.com\/en\/wp-json\/wp\/v2\/product"}],"about":[{"href":"https:\/\/www.cosebelleantichemoderne.com\/en\/wp-json\/wp\/v2\/types\/product"}],"replies":[{"embeddable":true,"href":"https:\/\/www.cosebelleantichemoderne.com\/en\/wp-json\/wp\/v2\/comments?post=3304"}],"wp:featuredmedia":[{"embeddable":true,"href":"https:\/\/www.cosebelleantichemoderne.com\/en\/wp-json\/wp\/v2\/media\/3358"}],"wp:attachment":[{"href":"https:\/\/www.cosebelleantichemoderne.com\/en\/wp-json\/wp\/v2\/media?parent=3304"}],"wp:term":[{"taxonomy":"product_brand","embeddable":true,"href":"https:\/\/www.cosebelleantichemoderne.com\/en\/wp-json\/wp\/v2\/product_brand?post=3304"},{"taxonomy":"product_cat","embeddable":true,"href":"https:\/\/www.cosebelleantichemoderne.com\/en\/wp-json\/wp\/v2\/product_cat?post=3304"},{"taxonomy":"product_tag","embeddable":true,"href":"https:\/\/www.cosebelleantichemoderne.com\/en\/wp-json\/wp\/v2\/product_tag?post=3304"}],"curies":[{"name":"wp","href":"https:\/\/api.w.org\/{rel}","templated":true}]}}