{"id":3116,"date":"2023-02-01T15:55:49","date_gmt":"2023-02-01T15:55:49","guid":{"rendered":"https:\/\/www.cosebelleantichemoderne.com\/?post_type=product&#038;p=3116"},"modified":"2025-06-20T11:03:28","modified_gmt":"2025-06-20T11:03:28","slug":"camino-in-marmo-di-carrara-con-decoro-classico-l-150cm","status":"publish","type":"product","link":"https:\/\/www.cosebelleantichemoderne.com\/en\/prodotto\/camino-in-marmo-di-carrara-con-decoro-classico-l-150cm\/","title":{"rendered":"Camino in Marmo di Carrara con Decoro Classico L 150cm"},"content":{"rendered":"<p>Camino in marmo di Carrara con decoro classico,\u00a0 realizzato e scolpito in Italia.<\/p>\n<h4><a href=\"https:\/\/www.cosebelleantichemoderne.com\/nel-segno-del-fuoco\/\">Il caminetto, storia e\u00a0 tradizione.<\/a><\/h4>\n<p>Fin dall\u2019alba dei tempi, una delle primarie necessit\u00e0 del concetto di \u201cabitare\u201d dell\u2019uomo \u00e8 stata quella di procurarsi, addomesticare, confinare e mantenere il fuoco sfruttandolo per illuminare, scaldarsi, e cucinare. Il\u00a0<em>camino<\/em> deve la sua nascita ai normanni, ma conosce il suo splendore nell\u2019epoca di Luigi XVI.<\/p>\n<p>Anche se nel mondo moderno l\u2019esigenza \u00e8 spesso puramente estetica e decorativa, il caminetto resta simbolo indiscusso di calore familiare e convivialit\u00e0. Un elemento d\u2019arredo che siamo portati ad associare naturalmente all\u2019inverno, \u00a0ma che pu\u00f2 diventare, con semplici idee,\u00a0 il pezzo forte nella decorazione della casa in ogni stagione.<\/p>\n<p>Nell\u2019architettura moderna, l\u2019attenzione crescente all\u2019ambiente e a fonti di riscaldamento a basso impatto ambientale, sta portando ad apprezzare sempre pi\u00f9 l\u2019uso del camino nelle moderne abitazioni, coniugando con successo la funzione puramente estetica e decorativa a quella pratica e quotidiana.<\/p>\n<h5>IL MATERIALE<\/h5>\n<p>Il <a href=\"https:\/\/www.cosebelleantichemoderne.com\/il-marmo-di-carrara\/\"><strong><em>marmo di Carrara<\/em><\/strong><\/a> \u00e8 la pietra naturale italiana conosciuta e apprezzata in tutto il mondo sia per le sue imparagonabili qualit\u00e0 estetiche che per le sue caratteristiche strutturali, fisiche e morfologiche, che la rendono unica ed incredibilmente versatile. Tutti i grandi scultori si sono misurati con questo materiale che nella variet\u00e0 pi\u00f9 chiara si chiama non a caso <em>Statuario<\/em>.<\/p>\n<p><span class=\"a-list-item\">Ha una tonalit\u00e0 di fondo bianco perlato, leggermente nuvolato con intrusioni e punti grigiastri pi\u00f9 o meno presenti ed evidenti, venature variegate, millimetriche o centimetriche. Prezioso alleato della moderna concezione di living, il marmo bianco si colloca in qualsiasi tipo di ambiente e arredamento, dal classico al moderno, dando un tocco indiscusso di eleganza e pregio.<\/span><\/p>\n<p>&nbsp;<\/p>\n<h5>LA DECORAZIONE<\/h5>\n<p>Lo stile Luigi XVI precede di qualche anno il regno di Luigi XVI, da cui prende il nome e segna il passaggio dalle forme ridondanti e bizzarre del rococ\u00f2 al pi\u00f9 sobrio neoclassicismo, Il\u00a0fil rouge\u00a0\u00e8 senz\u2019altro il richiamo alla cultura classica sia greca che romana.<\/p>\n<p>Il ritorno a questi modelli classici porta a prediligere una compostezza delle forme e decorazioni simmetriche che rendono ancora oggi lo stile Luigi XVI sinonimo di alta qualit\u00e0 manifatturiera ed eleganza. Intarsi e decorazioni evocano temi classici con ampio uso di motivi floreali, ghirlande o foglie d\u2019alloro.<\/p>\n<p>Decisamente pi\u00f9 sobri e meno bizzarri delle decorazioni rococ\u00f2, gli arredi e le decorazioni in stile Luigi XVI, come questo camino in marmo di Carrara,\u00a0 rispettano uno stile raffinato e sobrio, che oggi \u00e8 ispirazione anche per le pi\u00f9 moderne concezioni di interior design.<\/p>\n","protected":false},"excerpt":{"rendered":"<ul>\n<li><span class=\"a-list-item\"><strong>Larghezza 150cm, Altezza 120cm, Profondit\u00e0 30 cm.<br \/>\nPeso circa 150 kg. Peso Spedizione 250 Kg.<\/strong><\/span><\/li>\n<li><span class=\"a-list-item\">La cornice si adatta anche a dispositivi a gas o per simulazione fiamma. <\/span><\/li>\n<li><span class=\"a-list-item\">Prodotto in Italia. Eventuali imperfezioni e differenze rispetto all&#8217;immagine sono da considerarsi garanzia di unicit\u00e0. <\/span><\/li>\n<li><span class=\"a-list-item\">Rivestimento per camino, realizzato e scolpito in marmo di Carrara in stile Luigi XVI. Intarsi e decorazioni dall\u2019evidente ispirazione classica, sono qui lavorati nella purezza della pietra. L&#8217;equilibrio delle loro forme, in armonia con le irripetibili venature del marmo, \u00e8 in grado di dare all&#8217;intero arredo un&#8217;aria elegante e ricercata. Si abbiner\u00e0 con facilit\u00e0 ad arredamenti classici e importanti pezzi d&#8217;antiquariato, ma anche alle linee minimaliste di ambientazioni moderne e di design. <\/span><\/li>\n<li><span class=\"a-list-item\">Il MARMO di Carrara ha una tonalit\u00e0 di fondo bianco perlato, leggermente nuvolato con intrusioni e punti grigiastri pi\u00f9 o meno presenti ed evidenti. \u00c8 il marmo del grande Rinascimento Italiano, che ha consegnato all&#8217;immortalit\u00e0 opere come Il David di Michelangelo, considerato il capolavoro pi\u00f9 perfetto di tutti i tempi. Prezioso alleato della moderna concezione di design, si colloca in ogni tipo di ambiente e arredamento, dal classico al moderno, dando un tocco indiscusso di eleganza e pregio. <\/span><\/li>\n<li><span class=\"a-list-item\">Lo stile Luigi XVI precede di qualche anno il regno di Luigi XVI, da cui prende il nome, e segna il passaggio dalle forme ridondanti e bizzarre del rococ\u00f2 al pi\u00f9 sobrio neoclassicismo, Il fil rouge \u00e8 senz\u2019altro il richiamo alla cultura classica sia greca che romana. Il ritorno a questi modelli porta a prediligere una compostezza delle forme e decorazioni simmetriche che rendono ancora oggi lo stile Luigi XVI sinonimo di alta qualit\u00e0 manifatturiera ed eleganza. <\/span><\/li>\n<\/ul>\n","protected":false},"featured_media":3117,"comment_status":"open","ping_status":"closed","template":"","meta":{"_acf_changed":false},"product_brand":[],"product_cat":[117,82],"product_tag":[227,94],"class_list":{"0":"post-3116","1":"product","2":"type-product","3":"status-publish","4":"has-post-thumbnail","6":"product_cat-camini","7":"product_cat-design","8":"product_tag-camino","9":"product_tag-marmo","10":"product_shipping_class-pesanti-europa","12":"first","13":"instock","14":"shipping-taxable","15":"purchasable","16":"product-type-simple"},"acf":[],"yoast_head":"<!-- This site is optimized with the Yoast SEO plugin v27.4 - https:\/\/yoast.com\/product\/yoast-seo-wordpress\/ -->\n<title>Camino in Marmo di Carrara con Decoro Classico L 150cm - CBAM<\/title>\n<meta name=\"description\" content=\"Camino in marmo di Carrara con decoro classico, realizzato e scolpito in Italia. Si adatta ad ambienti ed arredi sia classici che moderni.\" \/>\n<meta name=\"robots\" content=\"index, follow, max-snippet:-1, max-image-preview:large, max-video-preview:-1\" \/>\n<link rel=\"canonical\" href=\"https:\/\/www.cosebelleantichemoderne.com\/en\/prodotto\/camino-in-marmo-di-carrara-con-decoro-classico-l-150cm\/\" \/>\n<meta property=\"og:locale\" content=\"en_US\" \/>\n<meta property=\"og:type\" content=\"article\" \/>\n<meta property=\"og:title\" content=\"Camino in Marmo di Carrara con Decoro Classico L 150cm - CBAM\" \/>\n<meta property=\"og:description\" content=\"Camino in marmo di Carrara con decoro classico, realizzato e scolpito in Italia. Si adatta ad ambienti ed arredi sia classici che moderni.\" \/>\n<meta property=\"og:url\" content=\"https:\/\/www.cosebelleantichemoderne.com\/en\/prodotto\/camino-in-marmo-di-carrara-con-decoro-classico-l-150cm\/\" \/>\n<meta property=\"og:site_name\" content=\"CBAM\" \/>\n<meta property=\"article:publisher\" content=\"https:\/\/www.facebook.com\/GaDArKStudioGroup\" \/>\n<meta property=\"article:modified_time\" content=\"2025-06-20T11:03:28+00:00\" \/>\n<meta property=\"og:image\" content=\"https:\/\/www.cosebelleantichemoderne.com\/wp-content\/uploads\/2023\/02\/camino-in-marmo-di-Carrara-made-in-Italy-cosebelleantichemoderne-1.jpg\" \/>\n\t<meta property=\"og:image:width\" content=\"1600\" \/>\n\t<meta property=\"og:image:height\" content=\"1600\" \/>\n\t<meta property=\"og:image:type\" content=\"image\/jpeg\" \/>\n<meta name=\"twitter:card\" content=\"summary_large_image\" \/>\n<meta name=\"twitter:label1\" content=\"Est. reading time\" \/>\n\t<meta name=\"twitter:data1\" content=\"3 minutes\" \/>\n<script type=\"application\/ld+json\" class=\"yoast-schema-graph\">{\"@context\":\"https:\\\/\\\/schema.org\",\"@graph\":[{\"@type\":\"WebPage\",\"@id\":\"https:\\\/\\\/www.cosebelleantichemoderne.com\\\/en\\\/prodotto\\\/camino-in-marmo-di-carrara-con-decoro-classico-l-150cm\\\/\",\"url\":\"https:\\\/\\\/www.cosebelleantichemoderne.com\\\/en\\\/prodotto\\\/camino-in-marmo-di-carrara-con-decoro-classico-l-150cm\\\/\",\"name\":\"Camino in Marmo di Carrara con Decoro Classico L 150cm - CBAM\",\"isPartOf\":{\"@id\":\"https:\\\/\\\/www.cosebelleantichemoderne.com\\\/en\\\/#website\"},\"primaryImageOfPage\":{\"@id\":\"https:\\\/\\\/www.cosebelleantichemoderne.com\\\/en\\\/prodotto\\\/camino-in-marmo-di-carrara-con-decoro-classico-l-150cm\\\/#primaryimage\"},\"image\":{\"@id\":\"https:\\\/\\\/www.cosebelleantichemoderne.com\\\/en\\\/prodotto\\\/camino-in-marmo-di-carrara-con-decoro-classico-l-150cm\\\/#primaryimage\"},\"thumbnailUrl\":\"https:\\\/\\\/www.cosebelleantichemoderne.com\\\/wp-content\\\/uploads\\\/2023\\\/02\\\/camino-in-marmo-di-Carrara-made-in-Italy-cosebelleantichemoderne-1.jpg\",\"datePublished\":\"2023-02-01T15:55:49+00:00\",\"dateModified\":\"2025-06-20T11:03:28+00:00\",\"description\":\"Camino in marmo di Carrara con decoro classico, realizzato e scolpito in Italia. Si adatta ad ambienti ed arredi sia classici che moderni.\",\"breadcrumb\":{\"@id\":\"https:\\\/\\\/www.cosebelleantichemoderne.com\\\/en\\\/prodotto\\\/camino-in-marmo-di-carrara-con-decoro-classico-l-150cm\\\/#breadcrumb\"},\"inLanguage\":\"en-US\",\"potentialAction\":[{\"@type\":\"ReadAction\",\"target\":[\"https:\\\/\\\/www.cosebelleantichemoderne.com\\\/en\\\/prodotto\\\/camino-in-marmo-di-carrara-con-decoro-classico-l-150cm\\\/\"]}]},{\"@type\":\"ImageObject\",\"inLanguage\":\"en-US\",\"@id\":\"https:\\\/\\\/www.cosebelleantichemoderne.com\\\/en\\\/prodotto\\\/camino-in-marmo-di-carrara-con-decoro-classico-l-150cm\\\/#primaryimage\",\"url\":\"https:\\\/\\\/www.cosebelleantichemoderne.com\\\/wp-content\\\/uploads\\\/2023\\\/02\\\/camino-in-marmo-di-Carrara-made-in-Italy-cosebelleantichemoderne-1.jpg\",\"contentUrl\":\"https:\\\/\\\/www.cosebelleantichemoderne.com\\\/wp-content\\\/uploads\\\/2023\\\/02\\\/camino-in-marmo-di-Carrara-made-in-Italy-cosebelleantichemoderne-1.jpg\",\"width\":1600,\"height\":1600,\"caption\":\"camino-decoro-classico-LuigiXVI-marmo-bianco-Carrara-cornice-rivestimento-arredo-casa-cosebelleantichemoderne\"},{\"@type\":\"BreadcrumbList\",\"@id\":\"https:\\\/\\\/www.cosebelleantichemoderne.com\\\/en\\\/prodotto\\\/camino-in-marmo-di-carrara-con-decoro-classico-l-150cm\\\/#breadcrumb\",\"itemListElement\":[{\"@type\":\"ListItem\",\"position\":1,\"name\":\"Home\",\"item\":\"https:\\\/\\\/www.cosebelleantichemoderne.com\\\/en\\\/marble-interior-design-unique-hand-polished-pieces\\\/\"},{\"@type\":\"ListItem\",\"position\":2,\"name\":\"Shop\",\"item\":\"https:\\\/\\\/www.cosebelleantichemoderne.com\\\/en\\\/shop\\\/\"},{\"@type\":\"ListItem\",\"position\":3,\"name\":\"Camino in Marmo di Carrara con Decoro Classico L 150cm\"}]},{\"@type\":\"WebSite\",\"@id\":\"https:\\\/\\\/www.cosebelleantichemoderne.com\\\/en\\\/#website\",\"url\":\"https:\\\/\\\/www.cosebelleantichemoderne.com\\\/en\\\/\",\"name\":\"Cose Belle Antiche Moderne - CBAM\",\"description\":\"Cose belle Antiche e Moderne\",\"publisher\":{\"@id\":\"https:\\\/\\\/www.cosebelleantichemoderne.com\\\/en\\\/#organization\"},\"alternateName\":\"CBAM\",\"potentialAction\":[{\"@type\":\"SearchAction\",\"target\":{\"@type\":\"EntryPoint\",\"urlTemplate\":\"https:\\\/\\\/www.cosebelleantichemoderne.com\\\/en\\\/?s={search_term_string}\"},\"query-input\":{\"@type\":\"PropertyValueSpecification\",\"valueRequired\":true,\"valueName\":\"search_term_string\"}}],\"inLanguage\":\"en-US\"},{\"@type\":\"Organization\",\"@id\":\"https:\\\/\\\/www.cosebelleantichemoderne.com\\\/en\\\/#organization\",\"name\":\"Cose Belle Antiche Moderne - CBAM\",\"alternateName\":\"CBAM\",\"url\":\"https:\\\/\\\/www.cosebelleantichemoderne.com\\\/en\\\/\",\"logo\":{\"@type\":\"ImageObject\",\"inLanguage\":\"en-US\",\"@id\":\"https:\\\/\\\/www.cosebelleantichemoderne.com\\\/en\\\/#\\\/schema\\\/logo\\\/image\\\/\",\"url\":\"https:\\\/\\\/www.cosebelleantichemoderne.com\\\/wp-content\\\/uploads\\\/2020\\\/07\\\/Logo.png\",\"contentUrl\":\"https:\\\/\\\/www.cosebelleantichemoderne.com\\\/wp-content\\\/uploads\\\/2020\\\/07\\\/Logo.png\",\"width\":566,\"height\":194,\"caption\":\"Cose Belle Antiche Moderne - CBAM\"},\"image\":{\"@id\":\"https:\\\/\\\/www.cosebelleantichemoderne.com\\\/en\\\/#\\\/schema\\\/logo\\\/image\\\/\"},\"sameAs\":[\"https:\\\/\\\/www.facebook.com\\\/GaDArKStudioGroup\",\"https:\\\/\\\/www.instagram.com\\\/gad_cbam\\\/\",\"https:\\\/\\\/studio.youtube.com\\\/channel\\\/UCTxBZjBvDyg_FCroatLqjFA\"]}]}<\/script>\n<!-- \/ Yoast SEO plugin. -->","yoast_head_json":{"title":"Camino in Marmo di Carrara con Decoro Classico L 150cm - CBAM","description":"Camino in marmo di Carrara con decoro classico, realizzato e scolpito in Italia. Si adatta ad ambienti ed arredi sia classici che moderni.","robots":{"index":"index","follow":"follow","max-snippet":"max-snippet:-1","max-image-preview":"max-image-preview:large","max-video-preview":"max-video-preview:-1"},"canonical":"https:\/\/www.cosebelleantichemoderne.com\/en\/prodotto\/camino-in-marmo-di-carrara-con-decoro-classico-l-150cm\/","og_locale":"en_US","og_type":"article","og_title":"Camino in Marmo di Carrara con Decoro Classico L 150cm - CBAM","og_description":"Camino in marmo di Carrara con decoro classico, realizzato e scolpito in Italia. Si adatta ad ambienti ed arredi sia classici che moderni.","og_url":"https:\/\/www.cosebelleantichemoderne.com\/en\/prodotto\/camino-in-marmo-di-carrara-con-decoro-classico-l-150cm\/","og_site_name":"CBAM","article_publisher":"https:\/\/www.facebook.com\/GaDArKStudioGroup","article_modified_time":"2025-06-20T11:03:28+00:00","og_image":[{"width":1600,"height":1600,"url":"https:\/\/www.cosebelleantichemoderne.com\/wp-content\/uploads\/2023\/02\/camino-in-marmo-di-Carrara-made-in-Italy-cosebelleantichemoderne-1.jpg","type":"image\/jpeg"}],"twitter_card":"summary_large_image","twitter_misc":{"Est. reading time":"3 minutes"},"schema":{"@context":"https:\/\/schema.org","@graph":[{"@type":"WebPage","@id":"https:\/\/www.cosebelleantichemoderne.com\/en\/prodotto\/camino-in-marmo-di-carrara-con-decoro-classico-l-150cm\/","url":"https:\/\/www.cosebelleantichemoderne.com\/en\/prodotto\/camino-in-marmo-di-carrara-con-decoro-classico-l-150cm\/","name":"Camino in Marmo di Carrara con Decoro Classico L 150cm - CBAM","isPartOf":{"@id":"https:\/\/www.cosebelleantichemoderne.com\/en\/#website"},"primaryImageOfPage":{"@id":"https:\/\/www.cosebelleantichemoderne.com\/en\/prodotto\/camino-in-marmo-di-carrara-con-decoro-classico-l-150cm\/#primaryimage"},"image":{"@id":"https:\/\/www.cosebelleantichemoderne.com\/en\/prodotto\/camino-in-marmo-di-carrara-con-decoro-classico-l-150cm\/#primaryimage"},"thumbnailUrl":"https:\/\/www.cosebelleantichemoderne.com\/wp-content\/uploads\/2023\/02\/camino-in-marmo-di-Carrara-made-in-Italy-cosebelleantichemoderne-1.jpg","datePublished":"2023-02-01T15:55:49+00:00","dateModified":"2025-06-20T11:03:28+00:00","description":"Camino in marmo di Carrara con decoro classico, realizzato e scolpito in Italia. Si adatta ad ambienti ed arredi sia classici che moderni.","breadcrumb":{"@id":"https:\/\/www.cosebelleantichemoderne.com\/en\/prodotto\/camino-in-marmo-di-carrara-con-decoro-classico-l-150cm\/#breadcrumb"},"inLanguage":"en-US","potentialAction":[{"@type":"ReadAction","target":["https:\/\/www.cosebelleantichemoderne.com\/en\/prodotto\/camino-in-marmo-di-carrara-con-decoro-classico-l-150cm\/"]}]},{"@type":"ImageObject","inLanguage":"en-US","@id":"https:\/\/www.cosebelleantichemoderne.com\/en\/prodotto\/camino-in-marmo-di-carrara-con-decoro-classico-l-150cm\/#primaryimage","url":"https:\/\/www.cosebelleantichemoderne.com\/wp-content\/uploads\/2023\/02\/camino-in-marmo-di-Carrara-made-in-Italy-cosebelleantichemoderne-1.jpg","contentUrl":"https:\/\/www.cosebelleantichemoderne.com\/wp-content\/uploads\/2023\/02\/camino-in-marmo-di-Carrara-made-in-Italy-cosebelleantichemoderne-1.jpg","width":1600,"height":1600,"caption":"camino-decoro-classico-LuigiXVI-marmo-bianco-Carrara-cornice-rivestimento-arredo-casa-cosebelleantichemoderne"},{"@type":"BreadcrumbList","@id":"https:\/\/www.cosebelleantichemoderne.com\/en\/prodotto\/camino-in-marmo-di-carrara-con-decoro-classico-l-150cm\/#breadcrumb","itemListElement":[{"@type":"ListItem","position":1,"name":"Home","item":"https:\/\/www.cosebelleantichemoderne.com\/en\/marble-interior-design-unique-hand-polished-pieces\/"},{"@type":"ListItem","position":2,"name":"Shop","item":"https:\/\/www.cosebelleantichemoderne.com\/en\/shop\/"},{"@type":"ListItem","position":3,"name":"Camino in Marmo di Carrara con Decoro Classico L 150cm"}]},{"@type":"WebSite","@id":"https:\/\/www.cosebelleantichemoderne.com\/en\/#website","url":"https:\/\/www.cosebelleantichemoderne.com\/en\/","name":"Cose Belle Antiche Moderne - CBAM","description":"Cose belle Antiche e Moderne","publisher":{"@id":"https:\/\/www.cosebelleantichemoderne.com\/en\/#organization"},"alternateName":"CBAM","potentialAction":[{"@type":"SearchAction","target":{"@type":"EntryPoint","urlTemplate":"https:\/\/www.cosebelleantichemoderne.com\/en\/?s={search_term_string}"},"query-input":{"@type":"PropertyValueSpecification","valueRequired":true,"valueName":"search_term_string"}}],"inLanguage":"en-US"},{"@type":"Organization","@id":"https:\/\/www.cosebelleantichemoderne.com\/en\/#organization","name":"Cose Belle Antiche Moderne - CBAM","alternateName":"CBAM","url":"https:\/\/www.cosebelleantichemoderne.com\/en\/","logo":{"@type":"ImageObject","inLanguage":"en-US","@id":"https:\/\/www.cosebelleantichemoderne.com\/en\/#\/schema\/logo\/image\/","url":"https:\/\/www.cosebelleantichemoderne.com\/wp-content\/uploads\/2020\/07\/Logo.png","contentUrl":"https:\/\/www.cosebelleantichemoderne.com\/wp-content\/uploads\/2020\/07\/Logo.png","width":566,"height":194,"caption":"Cose Belle Antiche Moderne - CBAM"},"image":{"@id":"https:\/\/www.cosebelleantichemoderne.com\/en\/#\/schema\/logo\/image\/"},"sameAs":["https:\/\/www.facebook.com\/GaDArKStudioGroup","https:\/\/www.instagram.com\/gad_cbam\/","https:\/\/studio.youtube.com\/channel\/UCTxBZjBvDyg_FCroatLqjFA"]}]}},"_links":{"self":[{"href":"https:\/\/www.cosebelleantichemoderne.com\/en\/wp-json\/wp\/v2\/product\/3116","targetHints":{"allow":["GET"]}}],"collection":[{"href":"https:\/\/www.cosebelleantichemoderne.com\/en\/wp-json\/wp\/v2\/product"}],"about":[{"href":"https:\/\/www.cosebelleantichemoderne.com\/en\/wp-json\/wp\/v2\/types\/product"}],"replies":[{"embeddable":true,"href":"https:\/\/www.cosebelleantichemoderne.com\/en\/wp-json\/wp\/v2\/comments?post=3116"}],"wp:featuredmedia":[{"embeddable":true,"href":"https:\/\/www.cosebelleantichemoderne.com\/en\/wp-json\/wp\/v2\/media\/3117"}],"wp:attachment":[{"href":"https:\/\/www.cosebelleantichemoderne.com\/en\/wp-json\/wp\/v2\/media?parent=3116"}],"wp:term":[{"taxonomy":"product_brand","embeddable":true,"href":"https:\/\/www.cosebelleantichemoderne.com\/en\/wp-json\/wp\/v2\/product_brand?post=3116"},{"taxonomy":"product_cat","embeddable":true,"href":"https:\/\/www.cosebelleantichemoderne.com\/en\/wp-json\/wp\/v2\/product_cat?post=3116"},{"taxonomy":"product_tag","embeddable":true,"href":"https:\/\/www.cosebelleantichemoderne.com\/en\/wp-json\/wp\/v2\/product_tag?post=3116"}],"curies":[{"name":"wp","href":"https:\/\/api.w.org\/{rel}","templated":true}]}}