{"id":2993,"date":"2023-01-19T17:02:14","date_gmt":"2023-01-19T17:02:14","guid":{"rendered":"https:\/\/www.cosebelleantichemoderne.com\/?post_type=product&#038;p=2993"},"modified":"2023-06-22T14:38:44","modified_gmt":"2023-06-22T14:38:44","slug":"scultura-buddha-in-ottone-h-15cm","status":"publish","type":"product","link":"https:\/\/www.cosebelleantichemoderne.com\/en\/prodotto\/scultura-buddha-in-ottone-h-15cm\/","title":{"rendered":"Scultura Buddha in Ottone H 15cm"},"content":{"rendered":"<p>Scultura Buddha in ottone<\/p>\n<p>Altezza 15 cm, Larghezza 12 cm, Profondit\u00e0 8 cm, in ottone lucido naturale.<\/p>\n<p>Scultura da tavolo decorativa che rappresenta il Buddha nella posizione di meditazione.\u00a0 Oltre ad essere la rappresentazione commerciale di una cultura millenaria, diventa anche uno speciale elemento decorativo per i tuoi arredi. Collocata in qualsiasi stanza della casa doner\u00e0 alla tua abitazione un\u2019atmosfera mistica incline alla riflessione. La statua di Buddha pu\u00f2 essere riprodotta nelle dimensioni pi\u00f9 disparate ed \u00e8 perfetta per restituire agli angoli della casa una sensazione di <strong>pace<\/strong> e <strong>serenit\u00e0<\/strong>.<\/p>\n<h5>IL MATERIALE<\/h5>\n<p><strong>L\u2019ottone \u00e8 una lega di metallo ottenuta da rame e zinco<\/strong> e ha alcune propriet\u00e0 davvero peculiari, che lo rendono una delle leghe maggiormente usate. Sono innumerevoli i possibili utilizzi dell\u2019ottone, soprattutto per via della sua versatilit\u00e0 \u00e8 impiegato in moltissimi prodotti industriali. <strong>L\u2019ottone \u00e8 molto usato per le decorazioni<\/strong>, grazie al particolare colore che comprende i toni dell\u2019oro, rosso e argento. \u00a0La presenza dello zinco \u00e8 quella che assicura le maggiori propriet\u00e0 dell\u2019ottone metallo. L\u2019ottone lega, infatti, assicura innumerevoli benefici e utilizzi, soprattutto per l\u2019impiego nella realizzazione di oggetti decorativi. Questo materiale sottoposto ad ossidazione, crea particolarei linee che determinano un chiaroscuro, rendendo l&#8217;oggetto unico ed irripetibile.<\/p>\n<h5>SIMBOLOGIA<\/h5>\n<p><b>Siddh\u0101rtha Gautama<\/b>, meglio conosciuto come <b>Gautama Buddha<\/b>, comunmente chiamato <strong>Buddha <\/strong>era un\u00a0 monaco, filosofo e mistico indiano, fondatore del buddhismo.<\/p>\n<p>La statua del Buddha la ritroviamo usata principalemte in luoghi arredati secondo quella che e&#8217; la concezione del <strong>Fang Shuj. <\/strong>E&#8217;<span class=\"a-list-item\"> l\u2019arte di creare armonia, benessere e prosperit\u00e0 negli ambienti. Ricco di simboli, immagini, frasi ed esposizioni di oggetti propiziatori.<\/span><\/p>\n<p>L\u2019uso pi\u00f9 comune del Buddha nel Feng shui \u00e8 quello di utilizzare una statua o un quadro per portare salute, benessere e buona energia a coloro che vivono nella casa. Non c\u2019\u00e8 un posto preciso dove collocarlo ma posizionarlo all\u2019ingresso di casa o nel soggiorno, di fronte alla porta d\u2019ingresso, dar\u00e0 modo di attivare un flusso energetico che ripulir\u00e0 l\u2019energia negativa di chi entra in casa. Per chi invece pratica la meditazione, avere un Buddha nel luogo in cui si medita\u00a0\u00e8 un aiuto in pi\u00f9 alla connessione con il proprio S\u00e9 Superiore. Il suo potere innalza le energie della casa e delle persone che ci vivono, porta gioia e diffonde ad ognuno un senso di pace.<\/p>\n<p><strong>Le statue raffiguranti il Buddha<\/strong>\u00a0sono molto diverse tra loro: alcune lo ritraggono sorridente, altre grasso, altre ancora sdraiato. Le varie rappresentazioni sono il frutto degli adattamenti effettuati dai vari Paesi Orientali e dalle relative culture nel corso dei secoli. Pu\u00f2 assumere diverse posture a seconda delle quali viene attribuito un significato simbolico diverso.<\/p>\n<p><strong>RIDE<\/strong>\u00a0\u00e8 senz&#8217;altro la raffigurazione pi\u00f9 popolare. Ha origini cinesi. Secondo la tradizione, sfregare il ventre del Buddha porta prosperit\u00e0 e fortuna. Si trova non soltanto all&#8217;interno dei luoghi sacri, ma anche nelle abitazioni, nei giardini e anche nei ristoranti.<\/p>\n<p><strong>IN PIEDI<\/strong>\u00a0con la mano destra alzata all&#8217;altezza delle spalle con il palmo della mano verso l&#8217;esterno e le dita rivolte verso il cielo, simboleggia la protezione e la rassicurazione dei suoi seguaci, nonch\u00e9 la liberazione dalle loro paure.<\/p>\n<p><strong>SEDUTO CON LA MANO SINISTRA APPOGGIATA SULLE GAMBE<\/strong>\u00a0ed ha il palmo rivolto verso l&#8217;alto con le dita che puntano verso il basso simboleggia il gesto del dono: offerta, benvenuto, carit\u00e0, compassione.<\/p>\n<p><strong>SEDUTO CON LA MANO DESTRA APPOGGIATA SULLE GAMBE<\/strong>\u00a0con le dita allungate verso la terra ed il palmo rivolto verso l&#8217;interno; la mano sinistra appoggiata in grembo e aperta e con il palmo rivolto verso l&#8217;alto,rappresenta la volont\u00e0 di raggiungere l&#8217;illuminazione attraverso la meditazione.<\/p>\n<p><strong>CON LE GAMBE INCROCIATE<\/strong>\u00a0e i piedi appoggiati alle gambe verso il grembo, con le piante di entrambi i piedi rivolte verso l&#8217;alto, simboleggia la serenit\u00e0.<\/p>\n<p><strong>CAMMINA<\/strong>\u00a0rappresenta il momento in cui \u00e8 tornato sulla terra dopo la consegna del Dharma in cielo, accompagnato da Indra (Signore dei Deva) e Brahma (creatore di Dio nell&#8217;Induismo).<\/p>\n<p><strong>SEMI-SDRAIATO CON UNA GAMBA PIEGATA<\/strong> simbolicamente l&#8217;equilibrio e la compostezza.<\/p>\n<p><strong>SDRAIATO SUL FIANCO DESTRO <\/strong>\u00e8 solitamente rivolto a Ovest e appoggia la testa alla mano festa. Simboleggia il momento in cui il Buddha si abbandona nel Nirvana finale.<\/p>\n<p><strong>CORONATO DAI NAGA<\/strong> in questa particolare raffigurazione il Buddha \u00e8 coronato dai Naga, divinit\u00e0 sotto forma di serpenti che lo proteggono.<\/p>\n<p>&nbsp;<\/p>\n","protected":false},"excerpt":{"rendered":"<ul>\n<li><span class=\"a-list-item\">Altezza 15 cm, Larghezza 12 cm, Profondit\u00e0 8 cm.<br \/>\nRealizzata in Ottone. Finitura Lucida Naturale.<\/span><\/li>\n<li><span class=\"a-list-item\">Realizzata a mano in Italia. Lievi variazioni sono da attribuire alla lavorazione artistica e all\u2019impiego del materiale naturale.<\/span><\/li>\n<li>La statua del Buddha la ritroviamo usata principalemte in luoghi arredati secondo quella che e&#8217; la concezione del <strong>Fang Shuj. <\/strong>E&#8217;<span class=\"a-list-item\"> l\u2019arte di creare armonia, benessere e prosperit\u00e0 negli ambienti. Ricco di simboli, immagini, frasi ed esposizioni di oggetti propiziatori.<\/span> Come ad esempio il Buddha in meditazione. \u00c8 usato principalmente perch\u00e9 considerato portatore di salute e benessere a gli abitanti della casa. Il Feng Shui prevede la sua sistemazione all\u2019ingresso cosi da allontanare le energie negative provenienti dall\u2019esterno.<\/li>\n<li><span class=\"a-list-item\">L\u2019ottone \u00e8 una lega che si ottiene dall\u2019unione dello zinco e del rame. La presenza dello zinco \u00e8 quella che assicura le maggiori propriet\u00e0 dell\u2019ottone metallo. L\u2019ottone lega, infatti, assicura innumerevoli benefici e utilizzi, soprattutto per l\u2019impiego nella realizzazione di oggetti decorativi. Questo materiale, con il passare del tempo , si ossida creando linee di chiaroscuro, rendendo l\u2019oggetto un pezzo unico.<\/span><\/li>\n<\/ul>\n","protected":false},"featured_media":2994,"comment_status":"open","ping_status":"closed","template":"","meta":{"_acf_changed":false},"product_brand":[],"product_cat":[87,120],"product_tag":[101],"class_list":{"0":"post-2993","1":"product","2":"type-product","3":"status-publish","4":"has-post-thumbnail","6":"product_cat-home-decor","7":"product_cat-piccole-sculture","8":"product_tag-scultura","10":"first","11":"instock","12":"shipping-taxable","13":"purchasable","14":"product-type-simple"},"acf":[],"yoast_head":"<!-- This site is optimized with the Yoast SEO plugin v27.4 - https:\/\/yoast.com\/product\/yoast-seo-wordpress\/ -->\n<title>Scultura Buddha in Ottone H 15cm - CBAM<\/title>\n<meta name=\"description\" content=\"Scultura Buddha in ottone realizzata a mano in Italia. Oggetto decorativo simbolo del Buddhismo che raffigura il Buddha nella posizione di meditazione.\" \/>\n<meta name=\"robots\" content=\"index, follow, max-snippet:-1, max-image-preview:large, max-video-preview:-1\" \/>\n<link rel=\"canonical\" href=\"https:\/\/www.cosebelleantichemoderne.com\/en\/prodotto\/scultura-buddha-in-ottone-h-15cm\/\" \/>\n<meta property=\"og:locale\" content=\"en_US\" \/>\n<meta property=\"og:type\" content=\"article\" \/>\n<meta property=\"og:title\" content=\"Scultura Buddha in Ottone H 15cm - CBAM\" \/>\n<meta property=\"og:description\" content=\"Scultura Buddha in ottone realizzata a mano in Italia. Oggetto decorativo simbolo del Buddhismo che raffigura il Buddha nella posizione di meditazione.\" \/>\n<meta property=\"og:url\" content=\"https:\/\/www.cosebelleantichemoderne.com\/en\/prodotto\/scultura-buddha-in-ottone-h-15cm\/\" \/>\n<meta property=\"og:site_name\" content=\"CBAM\" \/>\n<meta property=\"article:publisher\" content=\"https:\/\/www.facebook.com\/GaDArKStudioGroup\" \/>\n<meta property=\"article:modified_time\" content=\"2023-06-22T14:38:44+00:00\" \/>\n<meta property=\"og:image\" content=\"https:\/\/www.cosebelleantichemoderne.com\/wp-content\/uploads\/2023\/01\/Scultura-da-tavolo-ottone-statua-sacra-buddha-seduto-decorazione-meditazione-casa-simbolo-buddismo-cosebelleantichemoderne.jpg\" \/>\n\t<meta property=\"og:image:width\" content=\"1600\" \/>\n\t<meta property=\"og:image:height\" content=\"1600\" \/>\n\t<meta property=\"og:image:type\" content=\"image\/jpeg\" \/>\n<meta name=\"twitter:card\" content=\"summary_large_image\" \/>\n<meta name=\"twitter:label1\" content=\"Est. reading time\" \/>\n\t<meta name=\"twitter:data1\" content=\"4 minutes\" \/>\n<script type=\"application\/ld+json\" class=\"yoast-schema-graph\">{\"@context\":\"https:\\\/\\\/schema.org\",\"@graph\":[{\"@type\":\"WebPage\",\"@id\":\"https:\\\/\\\/www.cosebelleantichemoderne.com\\\/en\\\/prodotto\\\/scultura-buddha-in-ottone-h-15cm\\\/\",\"url\":\"https:\\\/\\\/www.cosebelleantichemoderne.com\\\/en\\\/prodotto\\\/scultura-buddha-in-ottone-h-15cm\\\/\",\"name\":\"Scultura Buddha in Ottone H 15cm - CBAM\",\"isPartOf\":{\"@id\":\"https:\\\/\\\/www.cosebelleantichemoderne.com\\\/en\\\/#website\"},\"primaryImageOfPage\":{\"@id\":\"https:\\\/\\\/www.cosebelleantichemoderne.com\\\/en\\\/prodotto\\\/scultura-buddha-in-ottone-h-15cm\\\/#primaryimage\"},\"image\":{\"@id\":\"https:\\\/\\\/www.cosebelleantichemoderne.com\\\/en\\\/prodotto\\\/scultura-buddha-in-ottone-h-15cm\\\/#primaryimage\"},\"thumbnailUrl\":\"https:\\\/\\\/www.cosebelleantichemoderne.com\\\/wp-content\\\/uploads\\\/2023\\\/01\\\/Scultura-da-tavolo-ottone-statua-sacra-buddha-seduto-decorazione-meditazione-casa-simbolo-buddismo-cosebelleantichemoderne.jpg\",\"datePublished\":\"2023-01-19T17:02:14+00:00\",\"dateModified\":\"2023-06-22T14:38:44+00:00\",\"description\":\"Scultura Buddha in ottone realizzata a mano in Italia. Oggetto decorativo simbolo del Buddhismo che raffigura il Buddha nella posizione di meditazione.\",\"breadcrumb\":{\"@id\":\"https:\\\/\\\/www.cosebelleantichemoderne.com\\\/en\\\/prodotto\\\/scultura-buddha-in-ottone-h-15cm\\\/#breadcrumb\"},\"inLanguage\":\"en-US\",\"potentialAction\":[{\"@type\":\"ReadAction\",\"target\":[\"https:\\\/\\\/www.cosebelleantichemoderne.com\\\/en\\\/prodotto\\\/scultura-buddha-in-ottone-h-15cm\\\/\"]}]},{\"@type\":\"ImageObject\",\"inLanguage\":\"en-US\",\"@id\":\"https:\\\/\\\/www.cosebelleantichemoderne.com\\\/en\\\/prodotto\\\/scultura-buddha-in-ottone-h-15cm\\\/#primaryimage\",\"url\":\"https:\\\/\\\/www.cosebelleantichemoderne.com\\\/wp-content\\\/uploads\\\/2023\\\/01\\\/Scultura-da-tavolo-ottone-statua-sacra-buddha-seduto-decorazione-meditazione-casa-simbolo-buddismo-cosebelleantichemoderne.jpg\",\"contentUrl\":\"https:\\\/\\\/www.cosebelleantichemoderne.com\\\/wp-content\\\/uploads\\\/2023\\\/01\\\/Scultura-da-tavolo-ottone-statua-sacra-buddha-seduto-decorazione-meditazione-casa-simbolo-buddismo-cosebelleantichemoderne.jpg\",\"width\":1600,\"height\":1600,\"caption\":\"Scultura-da-tavolo-ottone-statua-sacra-buddha-seduto-decorazione-meditazione-casa-simbolo-buddismo-cosebelleantichemoderne\"},{\"@type\":\"BreadcrumbList\",\"@id\":\"https:\\\/\\\/www.cosebelleantichemoderne.com\\\/en\\\/prodotto\\\/scultura-buddha-in-ottone-h-15cm\\\/#breadcrumb\",\"itemListElement\":[{\"@type\":\"ListItem\",\"position\":1,\"name\":\"Home\",\"item\":\"https:\\\/\\\/www.cosebelleantichemoderne.com\\\/en\\\/marble-interior-design-unique-hand-polished-pieces\\\/\"},{\"@type\":\"ListItem\",\"position\":2,\"name\":\"Shop\",\"item\":\"https:\\\/\\\/www.cosebelleantichemoderne.com\\\/en\\\/shop\\\/\"},{\"@type\":\"ListItem\",\"position\":3,\"name\":\"Scultura Buddha in Ottone H 15cm\"}]},{\"@type\":\"WebSite\",\"@id\":\"https:\\\/\\\/www.cosebelleantichemoderne.com\\\/en\\\/#website\",\"url\":\"https:\\\/\\\/www.cosebelleantichemoderne.com\\\/en\\\/\",\"name\":\"Cose Belle Antiche Moderne - CBAM\",\"description\":\"Cose belle Antiche e Moderne\",\"publisher\":{\"@id\":\"https:\\\/\\\/www.cosebelleantichemoderne.com\\\/en\\\/#organization\"},\"alternateName\":\"CBAM\",\"potentialAction\":[{\"@type\":\"SearchAction\",\"target\":{\"@type\":\"EntryPoint\",\"urlTemplate\":\"https:\\\/\\\/www.cosebelleantichemoderne.com\\\/en\\\/?s={search_term_string}\"},\"query-input\":{\"@type\":\"PropertyValueSpecification\",\"valueRequired\":true,\"valueName\":\"search_term_string\"}}],\"inLanguage\":\"en-US\"},{\"@type\":\"Organization\",\"@id\":\"https:\\\/\\\/www.cosebelleantichemoderne.com\\\/en\\\/#organization\",\"name\":\"Cose Belle Antiche Moderne - CBAM\",\"alternateName\":\"CBAM\",\"url\":\"https:\\\/\\\/www.cosebelleantichemoderne.com\\\/en\\\/\",\"logo\":{\"@type\":\"ImageObject\",\"inLanguage\":\"en-US\",\"@id\":\"https:\\\/\\\/www.cosebelleantichemoderne.com\\\/en\\\/#\\\/schema\\\/logo\\\/image\\\/\",\"url\":\"https:\\\/\\\/www.cosebelleantichemoderne.com\\\/wp-content\\\/uploads\\\/2020\\\/07\\\/Logo.png\",\"contentUrl\":\"https:\\\/\\\/www.cosebelleantichemoderne.com\\\/wp-content\\\/uploads\\\/2020\\\/07\\\/Logo.png\",\"width\":566,\"height\":194,\"caption\":\"Cose Belle Antiche Moderne - CBAM\"},\"image\":{\"@id\":\"https:\\\/\\\/www.cosebelleantichemoderne.com\\\/en\\\/#\\\/schema\\\/logo\\\/image\\\/\"},\"sameAs\":[\"https:\\\/\\\/www.facebook.com\\\/GaDArKStudioGroup\",\"https:\\\/\\\/www.instagram.com\\\/gad_cbam\\\/\",\"https:\\\/\\\/studio.youtube.com\\\/channel\\\/UCTxBZjBvDyg_FCroatLqjFA\"]}]}<\/script>\n<!-- \/ Yoast SEO plugin. -->","yoast_head_json":{"title":"Scultura Buddha in Ottone H 15cm - CBAM","description":"Scultura Buddha in ottone realizzata a mano in Italia. Oggetto decorativo simbolo del Buddhismo che raffigura il Buddha nella posizione di meditazione.","robots":{"index":"index","follow":"follow","max-snippet":"max-snippet:-1","max-image-preview":"max-image-preview:large","max-video-preview":"max-video-preview:-1"},"canonical":"https:\/\/www.cosebelleantichemoderne.com\/en\/prodotto\/scultura-buddha-in-ottone-h-15cm\/","og_locale":"en_US","og_type":"article","og_title":"Scultura Buddha in Ottone H 15cm - CBAM","og_description":"Scultura Buddha in ottone realizzata a mano in Italia. Oggetto decorativo simbolo del Buddhismo che raffigura il Buddha nella posizione di meditazione.","og_url":"https:\/\/www.cosebelleantichemoderne.com\/en\/prodotto\/scultura-buddha-in-ottone-h-15cm\/","og_site_name":"CBAM","article_publisher":"https:\/\/www.facebook.com\/GaDArKStudioGroup","article_modified_time":"2023-06-22T14:38:44+00:00","og_image":[{"width":1600,"height":1600,"url":"https:\/\/www.cosebelleantichemoderne.com\/wp-content\/uploads\/2023\/01\/Scultura-da-tavolo-ottone-statua-sacra-buddha-seduto-decorazione-meditazione-casa-simbolo-buddismo-cosebelleantichemoderne.jpg","type":"image\/jpeg"}],"twitter_card":"summary_large_image","twitter_misc":{"Est. reading time":"4 minutes"},"schema":{"@context":"https:\/\/schema.org","@graph":[{"@type":"WebPage","@id":"https:\/\/www.cosebelleantichemoderne.com\/en\/prodotto\/scultura-buddha-in-ottone-h-15cm\/","url":"https:\/\/www.cosebelleantichemoderne.com\/en\/prodotto\/scultura-buddha-in-ottone-h-15cm\/","name":"Scultura Buddha in Ottone H 15cm - CBAM","isPartOf":{"@id":"https:\/\/www.cosebelleantichemoderne.com\/en\/#website"},"primaryImageOfPage":{"@id":"https:\/\/www.cosebelleantichemoderne.com\/en\/prodotto\/scultura-buddha-in-ottone-h-15cm\/#primaryimage"},"image":{"@id":"https:\/\/www.cosebelleantichemoderne.com\/en\/prodotto\/scultura-buddha-in-ottone-h-15cm\/#primaryimage"},"thumbnailUrl":"https:\/\/www.cosebelleantichemoderne.com\/wp-content\/uploads\/2023\/01\/Scultura-da-tavolo-ottone-statua-sacra-buddha-seduto-decorazione-meditazione-casa-simbolo-buddismo-cosebelleantichemoderne.jpg","datePublished":"2023-01-19T17:02:14+00:00","dateModified":"2023-06-22T14:38:44+00:00","description":"Scultura Buddha in ottone realizzata a mano in Italia. Oggetto decorativo simbolo del Buddhismo che raffigura il Buddha nella posizione di meditazione.","breadcrumb":{"@id":"https:\/\/www.cosebelleantichemoderne.com\/en\/prodotto\/scultura-buddha-in-ottone-h-15cm\/#breadcrumb"},"inLanguage":"en-US","potentialAction":[{"@type":"ReadAction","target":["https:\/\/www.cosebelleantichemoderne.com\/en\/prodotto\/scultura-buddha-in-ottone-h-15cm\/"]}]},{"@type":"ImageObject","inLanguage":"en-US","@id":"https:\/\/www.cosebelleantichemoderne.com\/en\/prodotto\/scultura-buddha-in-ottone-h-15cm\/#primaryimage","url":"https:\/\/www.cosebelleantichemoderne.com\/wp-content\/uploads\/2023\/01\/Scultura-da-tavolo-ottone-statua-sacra-buddha-seduto-decorazione-meditazione-casa-simbolo-buddismo-cosebelleantichemoderne.jpg","contentUrl":"https:\/\/www.cosebelleantichemoderne.com\/wp-content\/uploads\/2023\/01\/Scultura-da-tavolo-ottone-statua-sacra-buddha-seduto-decorazione-meditazione-casa-simbolo-buddismo-cosebelleantichemoderne.jpg","width":1600,"height":1600,"caption":"Scultura-da-tavolo-ottone-statua-sacra-buddha-seduto-decorazione-meditazione-casa-simbolo-buddismo-cosebelleantichemoderne"},{"@type":"BreadcrumbList","@id":"https:\/\/www.cosebelleantichemoderne.com\/en\/prodotto\/scultura-buddha-in-ottone-h-15cm\/#breadcrumb","itemListElement":[{"@type":"ListItem","position":1,"name":"Home","item":"https:\/\/www.cosebelleantichemoderne.com\/en\/marble-interior-design-unique-hand-polished-pieces\/"},{"@type":"ListItem","position":2,"name":"Shop","item":"https:\/\/www.cosebelleantichemoderne.com\/en\/shop\/"},{"@type":"ListItem","position":3,"name":"Scultura Buddha in Ottone H 15cm"}]},{"@type":"WebSite","@id":"https:\/\/www.cosebelleantichemoderne.com\/en\/#website","url":"https:\/\/www.cosebelleantichemoderne.com\/en\/","name":"Cose Belle Antiche Moderne - CBAM","description":"Cose belle Antiche e Moderne","publisher":{"@id":"https:\/\/www.cosebelleantichemoderne.com\/en\/#organization"},"alternateName":"CBAM","potentialAction":[{"@type":"SearchAction","target":{"@type":"EntryPoint","urlTemplate":"https:\/\/www.cosebelleantichemoderne.com\/en\/?s={search_term_string}"},"query-input":{"@type":"PropertyValueSpecification","valueRequired":true,"valueName":"search_term_string"}}],"inLanguage":"en-US"},{"@type":"Organization","@id":"https:\/\/www.cosebelleantichemoderne.com\/en\/#organization","name":"Cose Belle Antiche Moderne - CBAM","alternateName":"CBAM","url":"https:\/\/www.cosebelleantichemoderne.com\/en\/","logo":{"@type":"ImageObject","inLanguage":"en-US","@id":"https:\/\/www.cosebelleantichemoderne.com\/en\/#\/schema\/logo\/image\/","url":"https:\/\/www.cosebelleantichemoderne.com\/wp-content\/uploads\/2020\/07\/Logo.png","contentUrl":"https:\/\/www.cosebelleantichemoderne.com\/wp-content\/uploads\/2020\/07\/Logo.png","width":566,"height":194,"caption":"Cose Belle Antiche Moderne - CBAM"},"image":{"@id":"https:\/\/www.cosebelleantichemoderne.com\/en\/#\/schema\/logo\/image\/"},"sameAs":["https:\/\/www.facebook.com\/GaDArKStudioGroup","https:\/\/www.instagram.com\/gad_cbam\/","https:\/\/studio.youtube.com\/channel\/UCTxBZjBvDyg_FCroatLqjFA"]}]}},"_links":{"self":[{"href":"https:\/\/www.cosebelleantichemoderne.com\/en\/wp-json\/wp\/v2\/product\/2993","targetHints":{"allow":["GET"]}}],"collection":[{"href":"https:\/\/www.cosebelleantichemoderne.com\/en\/wp-json\/wp\/v2\/product"}],"about":[{"href":"https:\/\/www.cosebelleantichemoderne.com\/en\/wp-json\/wp\/v2\/types\/product"}],"replies":[{"embeddable":true,"href":"https:\/\/www.cosebelleantichemoderne.com\/en\/wp-json\/wp\/v2\/comments?post=2993"}],"wp:featuredmedia":[{"embeddable":true,"href":"https:\/\/www.cosebelleantichemoderne.com\/en\/wp-json\/wp\/v2\/media\/2994"}],"wp:attachment":[{"href":"https:\/\/www.cosebelleantichemoderne.com\/en\/wp-json\/wp\/v2\/media?parent=2993"}],"wp:term":[{"taxonomy":"product_brand","embeddable":true,"href":"https:\/\/www.cosebelleantichemoderne.com\/en\/wp-json\/wp\/v2\/product_brand?post=2993"},{"taxonomy":"product_cat","embeddable":true,"href":"https:\/\/www.cosebelleantichemoderne.com\/en\/wp-json\/wp\/v2\/product_cat?post=2993"},{"taxonomy":"product_tag","embeddable":true,"href":"https:\/\/www.cosebelleantichemoderne.com\/en\/wp-json\/wp\/v2\/product_tag?post=2993"}],"curies":[{"name":"wp","href":"https:\/\/api.w.org\/{rel}","templated":true}]}}