{"id":2716,"date":"2022-09-30T10:40:08","date_gmt":"2022-09-30T10:40:08","guid":{"rendered":"https:\/\/www.cosebelleantichemoderne.com\/?post_type=product&#038;p=2716"},"modified":"2023-06-22T14:42:57","modified_gmt":"2023-06-22T14:42:57","slug":"statua-della-vergine-maria-in-marmo-carrara-varie-misure","status":"publish","type":"product","link":"https:\/\/www.cosebelleantichemoderne.com\/en\/prodotto\/statua-della-vergine-maria-in-marmo-carrara-varie-misure\/","title":{"rendered":"Statua della Vergine Maria in Marmo di Carrara VARIE MISURE"},"content":{"rendered":"<p>Statua della Vergine Maria in <a href=\"https:\/\/www.cosebelleantichemoderne.com\/en\/carrara-marble\/\">marmo <\/a>bianco Carrara<\/p>\n<h5>L&#8217;OPERA<\/h5>\n<p>Madonna in marmo bianco di Carrara, realizzata a mano in Italia.<\/p>\n<p>La sacralit\u00e0 del soggetto, la posa classica e le venature irripetibili rendono la scultura un\u2019opera d\u2019arte intensa e unica. Espressione artistica della visione spirituale pi\u00f9 profonda, questa statua della Vergine Maria supera l\u2019idea della semplice rappresentazione del soggetto religioso.<\/p>\n<p><a href=\"https:\/\/www.cosebelleantichemoderne.com\/il-marmo-di-carrara\/\">IL MATERIALE<\/a><\/p>\n<p>Il marmo di Carrara \u00e8 senza dubbio la pietra italiana pi\u00f9 conosciuta e amata in ogni epoca e luogo. Prediletto da Michelangelo e dai pi\u00f9 grandi scultori rinascimentali italiani, viene estratto a Carrara, lungo la costa della Toscana settentrionale. Celebre per il suo paesaggio dominato da montagne bianche caratterizzate dai bacini marmiferi a cielo aperto, <em>Carrara<\/em> \u00e8 diventata simbolo dell&#8217;eccelenza italiana e marchio di fabbrica di uno dei marmi pi\u00f9 pregiati del mondo.<\/p>\n<p>I primi ad apprezzare l\u2019aspetto artistico e commerciale del marmo di Carrara sono stati i Romani, che lo utilizzavano per la costruzione di palazzi imperiali o per la realizzazione di statue gi\u00e0 dal primo secolo a.C. L\u2019industria marmorea raggiunse il suo massimo prestigio verso la fine del Quattrocento con l\u2019arrivo di grandi personalit\u00e0 del Rinascimento.<\/p>\n<p>&nbsp;<\/p>\n<p><em><strong>C.B.A.M.\u00a0<\/strong> <\/em><\/p>\n<p>Stile e solidit\u00e0 scolpiti nel tempo. Un insieme di soluzioni e servizi dedicati a <em>progettazione, ristrutturazione e decorazione di ambienti interni ed esterni<\/em>.<\/p>\n<p>Passato e presente, tradizione e innovazione si incontrano per creare forme uniche, progetti e soluzioni di design per interni ed esterni. Materiali di altissimo pregio vengono estratti e selezionati dalle pi\u00f9 importanti aziende del settore. La lavorazione, dalla nascita alla creazione, \u00e8 affidata ai migliori architetti, aritsti, scultori e aritgiani del nostro territorio, <em>specializzati in opere monumentali e sacre per chiese, collezioni private, musei o arredo urbano.<\/em><\/p>\n<p>&nbsp;<\/p>\n<p>&nbsp;<\/p>\n<p>&nbsp;<\/p>\n<p>&nbsp;<\/p>\n","protected":false},"excerpt":{"rendered":"<h4><em>\u201cmarmo\u201d<\/em>\u00a0 deriva dal greco <em>marmaros, che significa <\/em>\u201cpietra splendente\u201d<\/h4>\n<ul>\n<li>Disponibile su ordinazione in misure da 150 a 180 cm<\/li>\n<li>Consegna in 60\/80 giorni. Spedizione assicurata in tutta Italia ed Europa.<\/li>\n<li>Realizzato a mano in Italia. Lievi variazioni possono essere determinate dalla lavorazione artistica e dall\u2019impiego di materiali naturali.<\/li>\n<\/ul>\n<p>&nbsp;<\/p>\n<ul>\n<li>Statua in marmo bianco Carrara della Vergine Maria in una delle raffigurazioni classiche nell\u2019atto di porgere le mani vuote a Dio. Simbolo di purezza, devozione, maternit\u00e0 ed eterna raffigurazione del Bello, la scultura vive attraverso le venature naturali del marmo.<\/li>\n<\/ul>\n","protected":false},"featured_media":2719,"comment_status":"open","ping_status":"closed","template":"","meta":{"_acf_changed":false},"product_brand":[],"product_cat":[109,114],"product_tag":[239,85,94],"class_list":{"0":"post-2716","1":"product","2":"type-product","3":"status-publish","4":"has-post-thumbnail","6":"product_cat-esterni","7":"product_cat-statue","8":"product_tag-artesacra","9":"product_tag-cosebelleantichemoderne","10":"product_tag-marmo","12":"first","13":"instock","14":"shipping-taxable","15":"purchasable","16":"product-type-variable"},"acf":[],"yoast_head":"<!-- This site is optimized with the Yoast SEO plugin v27.4 - https:\/\/yoast.com\/product\/yoast-seo-wordpress\/ -->\n<title>Statua della Vergine Maria in Marmo di Carrara VARIE MISURE - CBAM<\/title>\n<meta name=\"description\" content=\"Statua della Vergine Maria in marmo Carrara. Realizziamo opere in marmo, arte sacra e sculture per parchi, chiese, case e giardini.\" \/>\n<meta name=\"robots\" content=\"index, follow, max-snippet:-1, max-image-preview:large, max-video-preview:-1\" \/>\n<link rel=\"canonical\" href=\"https:\/\/www.cosebelleantichemoderne.com\/en\/prodotto\/statua-della-vergine-maria-in-marmo-carrara-varie-misure\/\" \/>\n<meta property=\"og:locale\" content=\"en_US\" \/>\n<meta property=\"og:type\" content=\"article\" \/>\n<meta property=\"og:title\" content=\"Statua della Vergine Maria in Marmo di Carrara VARIE MISURE - CBAM\" \/>\n<meta property=\"og:description\" content=\"Statua della Vergine Maria in marmo Carrara. Realizziamo opere in marmo, arte sacra e sculture per parchi, chiese, case e giardini.\" \/>\n<meta property=\"og:url\" content=\"https:\/\/www.cosebelleantichemoderne.com\/en\/prodotto\/statua-della-vergine-maria-in-marmo-carrara-varie-misure\/\" \/>\n<meta property=\"og:site_name\" content=\"CBAM\" \/>\n<meta property=\"article:publisher\" content=\"https:\/\/www.facebook.com\/GaDArKStudioGroup\" \/>\n<meta property=\"article:modified_time\" content=\"2023-06-22T14:42:57+00:00\" \/>\n<meta property=\"og:image\" content=\"https:\/\/www.cosebelleantichemoderne.com\/wp-content\/uploads\/2022\/09\/Statua-della-Vergine-Maria-in-marmo-bianco-Carrara-cosebelleantichemoderne.jpg\" \/>\n\t<meta property=\"og:image:width\" content=\"800\" \/>\n\t<meta property=\"og:image:height\" content=\"800\" \/>\n\t<meta property=\"og:image:type\" content=\"image\/jpeg\" \/>\n<meta name=\"twitter:card\" content=\"summary_large_image\" \/>\n<meta name=\"twitter:label1\" content=\"Est. reading time\" \/>\n\t<meta name=\"twitter:data1\" content=\"2 minutes\" \/>\n<script type=\"application\/ld+json\" class=\"yoast-schema-graph\">{\"@context\":\"https:\\\/\\\/schema.org\",\"@graph\":[{\"@type\":\"WebPage\",\"@id\":\"https:\\\/\\\/www.cosebelleantichemoderne.com\\\/en\\\/prodotto\\\/statua-della-vergine-maria-in-marmo-carrara-varie-misure\\\/\",\"url\":\"https:\\\/\\\/www.cosebelleantichemoderne.com\\\/en\\\/prodotto\\\/statua-della-vergine-maria-in-marmo-carrara-varie-misure\\\/\",\"name\":\"Statua della Vergine Maria in Marmo di Carrara VARIE MISURE - CBAM\",\"isPartOf\":{\"@id\":\"https:\\\/\\\/www.cosebelleantichemoderne.com\\\/en\\\/#website\"},\"primaryImageOfPage\":{\"@id\":\"https:\\\/\\\/www.cosebelleantichemoderne.com\\\/en\\\/prodotto\\\/statua-della-vergine-maria-in-marmo-carrara-varie-misure\\\/#primaryimage\"},\"image\":{\"@id\":\"https:\\\/\\\/www.cosebelleantichemoderne.com\\\/en\\\/prodotto\\\/statua-della-vergine-maria-in-marmo-carrara-varie-misure\\\/#primaryimage\"},\"thumbnailUrl\":\"https:\\\/\\\/www.cosebelleantichemoderne.com\\\/wp-content\\\/uploads\\\/2022\\\/09\\\/Statua-della-Vergine-Maria-in-marmo-bianco-Carrara-cosebelleantichemoderne.jpg\",\"datePublished\":\"2022-09-30T10:40:08+00:00\",\"dateModified\":\"2023-06-22T14:42:57+00:00\",\"description\":\"Statua della Vergine Maria in marmo Carrara. Realizziamo opere in marmo, arte sacra e sculture per parchi, chiese, case e giardini.\",\"breadcrumb\":{\"@id\":\"https:\\\/\\\/www.cosebelleantichemoderne.com\\\/en\\\/prodotto\\\/statua-della-vergine-maria-in-marmo-carrara-varie-misure\\\/#breadcrumb\"},\"inLanguage\":\"en-US\",\"potentialAction\":[{\"@type\":\"ReadAction\",\"target\":[\"https:\\\/\\\/www.cosebelleantichemoderne.com\\\/en\\\/prodotto\\\/statua-della-vergine-maria-in-marmo-carrara-varie-misure\\\/\"]}]},{\"@type\":\"ImageObject\",\"inLanguage\":\"en-US\",\"@id\":\"https:\\\/\\\/www.cosebelleantichemoderne.com\\\/en\\\/prodotto\\\/statua-della-vergine-maria-in-marmo-carrara-varie-misure\\\/#primaryimage\",\"url\":\"https:\\\/\\\/www.cosebelleantichemoderne.com\\\/wp-content\\\/uploads\\\/2022\\\/09\\\/Statua-della-Vergine-Maria-in-marmo-bianco-Carrara-cosebelleantichemoderne.jpg\",\"contentUrl\":\"https:\\\/\\\/www.cosebelleantichemoderne.com\\\/wp-content\\\/uploads\\\/2022\\\/09\\\/Statua-della-Vergine-Maria-in-marmo-bianco-Carrara-cosebelleantichemoderne.jpg\",\"width\":800,\"height\":800,\"caption\":\"Statua-della-Vergine-Maria-in-marmo-bianco-Carrara-cosebelleantichemoderne\"},{\"@type\":\"BreadcrumbList\",\"@id\":\"https:\\\/\\\/www.cosebelleantichemoderne.com\\\/en\\\/prodotto\\\/statua-della-vergine-maria-in-marmo-carrara-varie-misure\\\/#breadcrumb\",\"itemListElement\":[{\"@type\":\"ListItem\",\"position\":1,\"name\":\"Home\",\"item\":\"https:\\\/\\\/www.cosebelleantichemoderne.com\\\/en\\\/marble-interior-design-unique-hand-polished-pieces\\\/\"},{\"@type\":\"ListItem\",\"position\":2,\"name\":\"Shop\",\"item\":\"https:\\\/\\\/www.cosebelleantichemoderne.com\\\/en\\\/shop\\\/\"},{\"@type\":\"ListItem\",\"position\":3,\"name\":\"Statua della Vergine Maria in Marmo di Carrara VARIE MISURE\"}]},{\"@type\":\"WebSite\",\"@id\":\"https:\\\/\\\/www.cosebelleantichemoderne.com\\\/en\\\/#website\",\"url\":\"https:\\\/\\\/www.cosebelleantichemoderne.com\\\/en\\\/\",\"name\":\"Cose Belle Antiche Moderne - CBAM\",\"description\":\"Cose belle Antiche e Moderne\",\"publisher\":{\"@id\":\"https:\\\/\\\/www.cosebelleantichemoderne.com\\\/en\\\/#organization\"},\"alternateName\":\"CBAM\",\"potentialAction\":[{\"@type\":\"SearchAction\",\"target\":{\"@type\":\"EntryPoint\",\"urlTemplate\":\"https:\\\/\\\/www.cosebelleantichemoderne.com\\\/en\\\/?s={search_term_string}\"},\"query-input\":{\"@type\":\"PropertyValueSpecification\",\"valueRequired\":true,\"valueName\":\"search_term_string\"}}],\"inLanguage\":\"en-US\"},{\"@type\":\"Organization\",\"@id\":\"https:\\\/\\\/www.cosebelleantichemoderne.com\\\/en\\\/#organization\",\"name\":\"Cose Belle Antiche Moderne - CBAM\",\"alternateName\":\"CBAM\",\"url\":\"https:\\\/\\\/www.cosebelleantichemoderne.com\\\/en\\\/\",\"logo\":{\"@type\":\"ImageObject\",\"inLanguage\":\"en-US\",\"@id\":\"https:\\\/\\\/www.cosebelleantichemoderne.com\\\/en\\\/#\\\/schema\\\/logo\\\/image\\\/\",\"url\":\"https:\\\/\\\/www.cosebelleantichemoderne.com\\\/wp-content\\\/uploads\\\/2020\\\/07\\\/Logo.png\",\"contentUrl\":\"https:\\\/\\\/www.cosebelleantichemoderne.com\\\/wp-content\\\/uploads\\\/2020\\\/07\\\/Logo.png\",\"width\":566,\"height\":194,\"caption\":\"Cose Belle Antiche Moderne - CBAM\"},\"image\":{\"@id\":\"https:\\\/\\\/www.cosebelleantichemoderne.com\\\/en\\\/#\\\/schema\\\/logo\\\/image\\\/\"},\"sameAs\":[\"https:\\\/\\\/www.facebook.com\\\/GaDArKStudioGroup\",\"https:\\\/\\\/www.instagram.com\\\/gad_cbam\\\/\",\"https:\\\/\\\/studio.youtube.com\\\/channel\\\/UCTxBZjBvDyg_FCroatLqjFA\"]}]}<\/script>\n<!-- \/ Yoast SEO plugin. -->","yoast_head_json":{"title":"Statua della Vergine Maria in Marmo di Carrara VARIE MISURE - CBAM","description":"Statua della Vergine Maria in marmo Carrara. Realizziamo opere in marmo, arte sacra e sculture per parchi, chiese, case e giardini.","robots":{"index":"index","follow":"follow","max-snippet":"max-snippet:-1","max-image-preview":"max-image-preview:large","max-video-preview":"max-video-preview:-1"},"canonical":"https:\/\/www.cosebelleantichemoderne.com\/en\/prodotto\/statua-della-vergine-maria-in-marmo-carrara-varie-misure\/","og_locale":"en_US","og_type":"article","og_title":"Statua della Vergine Maria in Marmo di Carrara VARIE MISURE - CBAM","og_description":"Statua della Vergine Maria in marmo Carrara. Realizziamo opere in marmo, arte sacra e sculture per parchi, chiese, case e giardini.","og_url":"https:\/\/www.cosebelleantichemoderne.com\/en\/prodotto\/statua-della-vergine-maria-in-marmo-carrara-varie-misure\/","og_site_name":"CBAM","article_publisher":"https:\/\/www.facebook.com\/GaDArKStudioGroup","article_modified_time":"2023-06-22T14:42:57+00:00","og_image":[{"width":800,"height":800,"url":"https:\/\/www.cosebelleantichemoderne.com\/wp-content\/uploads\/2022\/09\/Statua-della-Vergine-Maria-in-marmo-bianco-Carrara-cosebelleantichemoderne.jpg","type":"image\/jpeg"}],"twitter_card":"summary_large_image","twitter_misc":{"Est. reading time":"2 minutes"},"schema":{"@context":"https:\/\/schema.org","@graph":[{"@type":"WebPage","@id":"https:\/\/www.cosebelleantichemoderne.com\/en\/prodotto\/statua-della-vergine-maria-in-marmo-carrara-varie-misure\/","url":"https:\/\/www.cosebelleantichemoderne.com\/en\/prodotto\/statua-della-vergine-maria-in-marmo-carrara-varie-misure\/","name":"Statua della Vergine Maria in Marmo di Carrara VARIE MISURE - CBAM","isPartOf":{"@id":"https:\/\/www.cosebelleantichemoderne.com\/en\/#website"},"primaryImageOfPage":{"@id":"https:\/\/www.cosebelleantichemoderne.com\/en\/prodotto\/statua-della-vergine-maria-in-marmo-carrara-varie-misure\/#primaryimage"},"image":{"@id":"https:\/\/www.cosebelleantichemoderne.com\/en\/prodotto\/statua-della-vergine-maria-in-marmo-carrara-varie-misure\/#primaryimage"},"thumbnailUrl":"https:\/\/www.cosebelleantichemoderne.com\/wp-content\/uploads\/2022\/09\/Statua-della-Vergine-Maria-in-marmo-bianco-Carrara-cosebelleantichemoderne.jpg","datePublished":"2022-09-30T10:40:08+00:00","dateModified":"2023-06-22T14:42:57+00:00","description":"Statua della Vergine Maria in marmo Carrara. Realizziamo opere in marmo, arte sacra e sculture per parchi, chiese, case e giardini.","breadcrumb":{"@id":"https:\/\/www.cosebelleantichemoderne.com\/en\/prodotto\/statua-della-vergine-maria-in-marmo-carrara-varie-misure\/#breadcrumb"},"inLanguage":"en-US","potentialAction":[{"@type":"ReadAction","target":["https:\/\/www.cosebelleantichemoderne.com\/en\/prodotto\/statua-della-vergine-maria-in-marmo-carrara-varie-misure\/"]}]},{"@type":"ImageObject","inLanguage":"en-US","@id":"https:\/\/www.cosebelleantichemoderne.com\/en\/prodotto\/statua-della-vergine-maria-in-marmo-carrara-varie-misure\/#primaryimage","url":"https:\/\/www.cosebelleantichemoderne.com\/wp-content\/uploads\/2022\/09\/Statua-della-Vergine-Maria-in-marmo-bianco-Carrara-cosebelleantichemoderne.jpg","contentUrl":"https:\/\/www.cosebelleantichemoderne.com\/wp-content\/uploads\/2022\/09\/Statua-della-Vergine-Maria-in-marmo-bianco-Carrara-cosebelleantichemoderne.jpg","width":800,"height":800,"caption":"Statua-della-Vergine-Maria-in-marmo-bianco-Carrara-cosebelleantichemoderne"},{"@type":"BreadcrumbList","@id":"https:\/\/www.cosebelleantichemoderne.com\/en\/prodotto\/statua-della-vergine-maria-in-marmo-carrara-varie-misure\/#breadcrumb","itemListElement":[{"@type":"ListItem","position":1,"name":"Home","item":"https:\/\/www.cosebelleantichemoderne.com\/en\/marble-interior-design-unique-hand-polished-pieces\/"},{"@type":"ListItem","position":2,"name":"Shop","item":"https:\/\/www.cosebelleantichemoderne.com\/en\/shop\/"},{"@type":"ListItem","position":3,"name":"Statua della Vergine Maria in Marmo di Carrara VARIE MISURE"}]},{"@type":"WebSite","@id":"https:\/\/www.cosebelleantichemoderne.com\/en\/#website","url":"https:\/\/www.cosebelleantichemoderne.com\/en\/","name":"Cose Belle Antiche Moderne - CBAM","description":"Cose belle Antiche e Moderne","publisher":{"@id":"https:\/\/www.cosebelleantichemoderne.com\/en\/#organization"},"alternateName":"CBAM","potentialAction":[{"@type":"SearchAction","target":{"@type":"EntryPoint","urlTemplate":"https:\/\/www.cosebelleantichemoderne.com\/en\/?s={search_term_string}"},"query-input":{"@type":"PropertyValueSpecification","valueRequired":true,"valueName":"search_term_string"}}],"inLanguage":"en-US"},{"@type":"Organization","@id":"https:\/\/www.cosebelleantichemoderne.com\/en\/#organization","name":"Cose Belle Antiche Moderne - CBAM","alternateName":"CBAM","url":"https:\/\/www.cosebelleantichemoderne.com\/en\/","logo":{"@type":"ImageObject","inLanguage":"en-US","@id":"https:\/\/www.cosebelleantichemoderne.com\/en\/#\/schema\/logo\/image\/","url":"https:\/\/www.cosebelleantichemoderne.com\/wp-content\/uploads\/2020\/07\/Logo.png","contentUrl":"https:\/\/www.cosebelleantichemoderne.com\/wp-content\/uploads\/2020\/07\/Logo.png","width":566,"height":194,"caption":"Cose Belle Antiche Moderne - CBAM"},"image":{"@id":"https:\/\/www.cosebelleantichemoderne.com\/en\/#\/schema\/logo\/image\/"},"sameAs":["https:\/\/www.facebook.com\/GaDArKStudioGroup","https:\/\/www.instagram.com\/gad_cbam\/","https:\/\/studio.youtube.com\/channel\/UCTxBZjBvDyg_FCroatLqjFA"]}]}},"_links":{"self":[{"href":"https:\/\/www.cosebelleantichemoderne.com\/en\/wp-json\/wp\/v2\/product\/2716","targetHints":{"allow":["GET"]}}],"collection":[{"href":"https:\/\/www.cosebelleantichemoderne.com\/en\/wp-json\/wp\/v2\/product"}],"about":[{"href":"https:\/\/www.cosebelleantichemoderne.com\/en\/wp-json\/wp\/v2\/types\/product"}],"replies":[{"embeddable":true,"href":"https:\/\/www.cosebelleantichemoderne.com\/en\/wp-json\/wp\/v2\/comments?post=2716"}],"wp:featuredmedia":[{"embeddable":true,"href":"https:\/\/www.cosebelleantichemoderne.com\/en\/wp-json\/wp\/v2\/media\/2719"}],"wp:attachment":[{"href":"https:\/\/www.cosebelleantichemoderne.com\/en\/wp-json\/wp\/v2\/media?parent=2716"}],"wp:term":[{"taxonomy":"product_brand","embeddable":true,"href":"https:\/\/www.cosebelleantichemoderne.com\/en\/wp-json\/wp\/v2\/product_brand?post=2716"},{"taxonomy":"product_cat","embeddable":true,"href":"https:\/\/www.cosebelleantichemoderne.com\/en\/wp-json\/wp\/v2\/product_cat?post=2716"},{"taxonomy":"product_tag","embeddable":true,"href":"https:\/\/www.cosebelleantichemoderne.com\/en\/wp-json\/wp\/v2\/product_tag?post=2716"}],"curies":[{"name":"wp","href":"https:\/\/api.w.org\/{rel}","templated":true}]}}