{"id":2463,"date":"2022-05-28T17:40:44","date_gmt":"2022-05-28T17:40:44","guid":{"rendered":"https:\/\/www.cosebelleantichemoderne.com\/?post_type=product&#038;p=2463"},"modified":"2025-06-20T11:03:39","modified_gmt":"2025-06-20T11:03:39","slug":"camino-in-marmo-bianco-carrara-l-130","status":"publish","type":"product","link":"https:\/\/www.cosebelleantichemoderne.com\/en\/prodotto\/camino-in-marmo-bianco-carrara-l-130\/","title":{"rendered":"Camino in Marmo Bianco Carrara L 130cm"},"content":{"rendered":"<p>Camino in marmo bianco Carrara<\/p>\n<h4><strong>Cornice, frontone per camino con decoro classico scolpito a mano.<\/strong><\/h4>\n<h4>IL MATERIALE<\/h4>\n<p>Il <a href=\"https:\/\/www.cosebelleantichemoderne.com\/category\/il-marmo-di-carrara\/\">marmo bianco Carrara<\/a> \u00e8 il marmo per antonomasia, la pietra naturale italiana conosciuta e apprezzata in tutto il mondo. Tutti i grandi scultori si sono misurati con questo materiale che nella variet\u00e0 pi\u00f9 chiara si chiama non a caso Statuario. \u00c8 il marmo del grande Rinascimento Italiano, che ha consegnato all&#8217;immotalit\u00e0 della Storia la magnificenza di citt\u00e0 come Firenze e di opere come Il David di Michelangelo, considerato il capolavoro pi\u00f9 perfetto di tutti i tempi.<\/p>\n<p>I cristalli di calcite che formano questo tipo di marmo non riflettono la luce, ma al contrario lasciano che essa penetri nel materiale, il quale appare quasi illuminato dall\u2019interno. Questa particolare qualit\u00e0 fa s\u00ec che il<strong> marmo bianco di Carrara<\/strong> sia tanto apprezzato nell\u2019ambito dell\u2019arte e dell\u2019edilizia in virt\u00f9 della sua raffinatezza estetica.<\/p>\n<p>Grazie al suo pregevole aspetto, il marmo bianco di Carrara \u00e8 ampiamente utilizzato per la costruzione di elementi architettonici di lusso: non solo pilastri, rivestimenti, colonne e pavimenti, ma anche cornici, basamenti e capitelli. Tale roccia \u00e8 spesso impiegata anche per la realizzazione di fontane, caminetti, statue, oggetti decorativi di ogni tipo, persino di lapidi, stele e altari.<\/p>\n<p>&nbsp;<\/p>\n","protected":false},"excerpt":{"rendered":"<ul>\n<li><strong>Larghezza 130cm, Altezza 120cm, Profondit\u00e0 30 cm.<\/strong><\/li>\n<li><strong>Peso circa 150 kg. Peso Spedizione 250 Kg.<\/strong><\/li>\n<li>Lievi variazioni possono essere determinate dalla lavorazione artistica e dall\u2019impiego di materiale naturale.<\/li>\n<li>Misure personalizzate su ordinazione.<\/li>\n<li>Adatta anche a dispositivi a gas o per simulazione fiamma.<\/li>\n<li>Cornice artistica per caminetto realizzata in <a href=\"https:\/\/www.cosebelleantichemoderne.com\/category\/il-marmo-di-carrara\/\">marmo bianco di Carrara<\/a> e scolpita a mano. Si colloca in qualsiasi tipo di ambiente e arredamento, dal classico al moderno, dando un tocco indiscusso di eleganza e pregio.<\/li>\n<li>Fin dall\u2019alba dei tempi una delle primarie necessit\u00e0 del concetto di <em>&#8220;abitare&#8221;<\/em> dell\u2019uomo \u00e8 stata quella di procurarsi, addomesticare, confinare e mantenere il fuoco sfruttandolo per illuminare, scaldarsi, e cucinare. Si pu\u00f2 affermare che il moderno caminetto affonda le sue origini nei focolai paleolitici passando per gli ipocausti romani e arrivando alle caminate del primo Medioevo. Nel mondo moderno l&#8217;esigenza \u00e8 spesso puramente estetica e decorativa, ma il caminetto resta simbolo indiscusso di calore familiare e convivialit\u00e0.<\/li>\n<\/ul>\n","protected":false},"featured_media":2464,"comment_status":"open","ping_status":"closed","template":"","meta":{"_acf_changed":false},"product_brand":[],"product_cat":[117,82],"product_tag":[227,85,94],"class_list":{"0":"post-2463","1":"product","2":"type-product","3":"status-publish","4":"has-post-thumbnail","6":"product_cat-camini","7":"product_cat-design","8":"product_tag-camino","9":"product_tag-cosebelleantichemoderne","10":"product_tag-marmo","11":"product_shipping_class-pesanti-europa","13":"first","14":"instock","15":"shipping-taxable","16":"purchasable","17":"product-type-simple"},"acf":[],"yoast_head":"<!-- This site is optimized with the Yoast SEO plugin v27.4 - https:\/\/yoast.com\/product\/yoast-seo-wordpress\/ -->\n<title>Camino in Marmo Bianco Carrara L 130cm - CBAM<\/title>\n<meta name=\"description\" content=\"Camino in marmo bianco. Frontone per caminetto con decoro calssico realizzato e scolpito a mano in Italia con marmo di Carrara.\" \/>\n<meta name=\"robots\" content=\"index, follow, max-snippet:-1, max-image-preview:large, max-video-preview:-1\" \/>\n<link rel=\"canonical\" href=\"https:\/\/www.cosebelleantichemoderne.com\/en\/prodotto\/camino-in-marmo-bianco-carrara-l-130\/\" \/>\n<meta property=\"og:locale\" content=\"en_US\" \/>\n<meta property=\"og:type\" content=\"article\" \/>\n<meta property=\"og:title\" content=\"Camino in Marmo Bianco Carrara L 130cm - CBAM\" \/>\n<meta property=\"og:description\" content=\"Camino in marmo bianco. Frontone per caminetto con decoro calssico realizzato e scolpito a mano in Italia con marmo di Carrara.\" \/>\n<meta property=\"og:url\" content=\"https:\/\/www.cosebelleantichemoderne.com\/en\/prodotto\/camino-in-marmo-bianco-carrara-l-130\/\" \/>\n<meta property=\"og:site_name\" content=\"CBAM\" \/>\n<meta property=\"article:publisher\" content=\"https:\/\/www.facebook.com\/GaDArKStudioGroup\" \/>\n<meta property=\"article:modified_time\" content=\"2025-06-20T11:03:39+00:00\" \/>\n<meta property=\"og:image\" content=\"https:\/\/www.cosebelleantichemoderne.com\/wp-content\/uploads\/2022\/05\/camino-in-marmo-bianco-made-in-Italy-arredo-casa-interior-design-cosebelleantichemoderne.jpeg\" \/>\n\t<meta property=\"og:image:width\" content=\"800\" \/>\n\t<meta property=\"og:image:height\" content=\"800\" \/>\n\t<meta property=\"og:image:type\" content=\"image\/jpeg\" \/>\n<meta name=\"twitter:card\" content=\"summary_large_image\" \/>\n<meta name=\"twitter:label1\" content=\"Est. reading time\" \/>\n\t<meta name=\"twitter:data1\" content=\"2 minutes\" \/>\n<script type=\"application\/ld+json\" class=\"yoast-schema-graph\">{\"@context\":\"https:\\\/\\\/schema.org\",\"@graph\":[{\"@type\":\"WebPage\",\"@id\":\"https:\\\/\\\/www.cosebelleantichemoderne.com\\\/en\\\/prodotto\\\/camino-in-marmo-bianco-carrara-l-130\\\/\",\"url\":\"https:\\\/\\\/www.cosebelleantichemoderne.com\\\/en\\\/prodotto\\\/camino-in-marmo-bianco-carrara-l-130\\\/\",\"name\":\"Camino in Marmo Bianco Carrara L 130cm - CBAM\",\"isPartOf\":{\"@id\":\"https:\\\/\\\/www.cosebelleantichemoderne.com\\\/en\\\/#website\"},\"primaryImageOfPage\":{\"@id\":\"https:\\\/\\\/www.cosebelleantichemoderne.com\\\/en\\\/prodotto\\\/camino-in-marmo-bianco-carrara-l-130\\\/#primaryimage\"},\"image\":{\"@id\":\"https:\\\/\\\/www.cosebelleantichemoderne.com\\\/en\\\/prodotto\\\/camino-in-marmo-bianco-carrara-l-130\\\/#primaryimage\"},\"thumbnailUrl\":\"https:\\\/\\\/www.cosebelleantichemoderne.com\\\/wp-content\\\/uploads\\\/2022\\\/05\\\/camino-in-marmo-bianco-made-in-Italy-arredo-casa-interior-design-cosebelleantichemoderne.jpeg\",\"datePublished\":\"2022-05-28T17:40:44+00:00\",\"dateModified\":\"2025-06-20T11:03:39+00:00\",\"description\":\"Camino in marmo bianco. Frontone per caminetto con decoro calssico realizzato e scolpito a mano in Italia con marmo di Carrara.\",\"breadcrumb\":{\"@id\":\"https:\\\/\\\/www.cosebelleantichemoderne.com\\\/en\\\/prodotto\\\/camino-in-marmo-bianco-carrara-l-130\\\/#breadcrumb\"},\"inLanguage\":\"en-US\",\"potentialAction\":[{\"@type\":\"ReadAction\",\"target\":[\"https:\\\/\\\/www.cosebelleantichemoderne.com\\\/en\\\/prodotto\\\/camino-in-marmo-bianco-carrara-l-130\\\/\"]}]},{\"@type\":\"ImageObject\",\"inLanguage\":\"en-US\",\"@id\":\"https:\\\/\\\/www.cosebelleantichemoderne.com\\\/en\\\/prodotto\\\/camino-in-marmo-bianco-carrara-l-130\\\/#primaryimage\",\"url\":\"https:\\\/\\\/www.cosebelleantichemoderne.com\\\/wp-content\\\/uploads\\\/2022\\\/05\\\/camino-in-marmo-bianco-made-in-Italy-arredo-casa-interior-design-cosebelleantichemoderne.jpeg\",\"contentUrl\":\"https:\\\/\\\/www.cosebelleantichemoderne.com\\\/wp-content\\\/uploads\\\/2022\\\/05\\\/camino-in-marmo-bianco-made-in-Italy-arredo-casa-interior-design-cosebelleantichemoderne.jpeg\",\"width\":800,\"height\":800,\"caption\":\"camino-in-marmo-bianco-made-in-Italy-arredo-casa-interior-design-cosebelleantichemoderne\"},{\"@type\":\"BreadcrumbList\",\"@id\":\"https:\\\/\\\/www.cosebelleantichemoderne.com\\\/en\\\/prodotto\\\/camino-in-marmo-bianco-carrara-l-130\\\/#breadcrumb\",\"itemListElement\":[{\"@type\":\"ListItem\",\"position\":1,\"name\":\"Home\",\"item\":\"https:\\\/\\\/www.cosebelleantichemoderne.com\\\/en\\\/marble-interior-design-unique-hand-polished-pieces\\\/\"},{\"@type\":\"ListItem\",\"position\":2,\"name\":\"Shop\",\"item\":\"https:\\\/\\\/www.cosebelleantichemoderne.com\\\/en\\\/shop\\\/\"},{\"@type\":\"ListItem\",\"position\":3,\"name\":\"Camino in Marmo Bianco Carrara L 130cm\"}]},{\"@type\":\"WebSite\",\"@id\":\"https:\\\/\\\/www.cosebelleantichemoderne.com\\\/en\\\/#website\",\"url\":\"https:\\\/\\\/www.cosebelleantichemoderne.com\\\/en\\\/\",\"name\":\"Cose Belle Antiche Moderne - CBAM\",\"description\":\"Cose belle Antiche e Moderne\",\"publisher\":{\"@id\":\"https:\\\/\\\/www.cosebelleantichemoderne.com\\\/en\\\/#organization\"},\"alternateName\":\"CBAM\",\"potentialAction\":[{\"@type\":\"SearchAction\",\"target\":{\"@type\":\"EntryPoint\",\"urlTemplate\":\"https:\\\/\\\/www.cosebelleantichemoderne.com\\\/en\\\/?s={search_term_string}\"},\"query-input\":{\"@type\":\"PropertyValueSpecification\",\"valueRequired\":true,\"valueName\":\"search_term_string\"}}],\"inLanguage\":\"en-US\"},{\"@type\":\"Organization\",\"@id\":\"https:\\\/\\\/www.cosebelleantichemoderne.com\\\/en\\\/#organization\",\"name\":\"Cose Belle Antiche Moderne - CBAM\",\"alternateName\":\"CBAM\",\"url\":\"https:\\\/\\\/www.cosebelleantichemoderne.com\\\/en\\\/\",\"logo\":{\"@type\":\"ImageObject\",\"inLanguage\":\"en-US\",\"@id\":\"https:\\\/\\\/www.cosebelleantichemoderne.com\\\/en\\\/#\\\/schema\\\/logo\\\/image\\\/\",\"url\":\"https:\\\/\\\/www.cosebelleantichemoderne.com\\\/wp-content\\\/uploads\\\/2020\\\/07\\\/Logo.png\",\"contentUrl\":\"https:\\\/\\\/www.cosebelleantichemoderne.com\\\/wp-content\\\/uploads\\\/2020\\\/07\\\/Logo.png\",\"width\":566,\"height\":194,\"caption\":\"Cose Belle Antiche Moderne - CBAM\"},\"image\":{\"@id\":\"https:\\\/\\\/www.cosebelleantichemoderne.com\\\/en\\\/#\\\/schema\\\/logo\\\/image\\\/\"},\"sameAs\":[\"https:\\\/\\\/www.facebook.com\\\/GaDArKStudioGroup\",\"https:\\\/\\\/www.instagram.com\\\/gad_cbam\\\/\",\"https:\\\/\\\/studio.youtube.com\\\/channel\\\/UCTxBZjBvDyg_FCroatLqjFA\"]}]}<\/script>\n<!-- \/ Yoast SEO plugin. -->","yoast_head_json":{"title":"Camino in Marmo Bianco Carrara L 130cm - CBAM","description":"Camino in marmo bianco. Frontone per caminetto con decoro calssico realizzato e scolpito a mano in Italia con marmo di Carrara.","robots":{"index":"index","follow":"follow","max-snippet":"max-snippet:-1","max-image-preview":"max-image-preview:large","max-video-preview":"max-video-preview:-1"},"canonical":"https:\/\/www.cosebelleantichemoderne.com\/en\/prodotto\/camino-in-marmo-bianco-carrara-l-130\/","og_locale":"en_US","og_type":"article","og_title":"Camino in Marmo Bianco Carrara L 130cm - CBAM","og_description":"Camino in marmo bianco. Frontone per caminetto con decoro calssico realizzato e scolpito a mano in Italia con marmo di Carrara.","og_url":"https:\/\/www.cosebelleantichemoderne.com\/en\/prodotto\/camino-in-marmo-bianco-carrara-l-130\/","og_site_name":"CBAM","article_publisher":"https:\/\/www.facebook.com\/GaDArKStudioGroup","article_modified_time":"2025-06-20T11:03:39+00:00","og_image":[{"width":800,"height":800,"url":"https:\/\/www.cosebelleantichemoderne.com\/wp-content\/uploads\/2022\/05\/camino-in-marmo-bianco-made-in-Italy-arredo-casa-interior-design-cosebelleantichemoderne.jpeg","type":"image\/jpeg"}],"twitter_card":"summary_large_image","twitter_misc":{"Est. reading time":"2 minutes"},"schema":{"@context":"https:\/\/schema.org","@graph":[{"@type":"WebPage","@id":"https:\/\/www.cosebelleantichemoderne.com\/en\/prodotto\/camino-in-marmo-bianco-carrara-l-130\/","url":"https:\/\/www.cosebelleantichemoderne.com\/en\/prodotto\/camino-in-marmo-bianco-carrara-l-130\/","name":"Camino in Marmo Bianco Carrara L 130cm - CBAM","isPartOf":{"@id":"https:\/\/www.cosebelleantichemoderne.com\/en\/#website"},"primaryImageOfPage":{"@id":"https:\/\/www.cosebelleantichemoderne.com\/en\/prodotto\/camino-in-marmo-bianco-carrara-l-130\/#primaryimage"},"image":{"@id":"https:\/\/www.cosebelleantichemoderne.com\/en\/prodotto\/camino-in-marmo-bianco-carrara-l-130\/#primaryimage"},"thumbnailUrl":"https:\/\/www.cosebelleantichemoderne.com\/wp-content\/uploads\/2022\/05\/camino-in-marmo-bianco-made-in-Italy-arredo-casa-interior-design-cosebelleantichemoderne.jpeg","datePublished":"2022-05-28T17:40:44+00:00","dateModified":"2025-06-20T11:03:39+00:00","description":"Camino in marmo bianco. Frontone per caminetto con decoro calssico realizzato e scolpito a mano in Italia con marmo di Carrara.","breadcrumb":{"@id":"https:\/\/www.cosebelleantichemoderne.com\/en\/prodotto\/camino-in-marmo-bianco-carrara-l-130\/#breadcrumb"},"inLanguage":"en-US","potentialAction":[{"@type":"ReadAction","target":["https:\/\/www.cosebelleantichemoderne.com\/en\/prodotto\/camino-in-marmo-bianco-carrara-l-130\/"]}]},{"@type":"ImageObject","inLanguage":"en-US","@id":"https:\/\/www.cosebelleantichemoderne.com\/en\/prodotto\/camino-in-marmo-bianco-carrara-l-130\/#primaryimage","url":"https:\/\/www.cosebelleantichemoderne.com\/wp-content\/uploads\/2022\/05\/camino-in-marmo-bianco-made-in-Italy-arredo-casa-interior-design-cosebelleantichemoderne.jpeg","contentUrl":"https:\/\/www.cosebelleantichemoderne.com\/wp-content\/uploads\/2022\/05\/camino-in-marmo-bianco-made-in-Italy-arredo-casa-interior-design-cosebelleantichemoderne.jpeg","width":800,"height":800,"caption":"camino-in-marmo-bianco-made-in-Italy-arredo-casa-interior-design-cosebelleantichemoderne"},{"@type":"BreadcrumbList","@id":"https:\/\/www.cosebelleantichemoderne.com\/en\/prodotto\/camino-in-marmo-bianco-carrara-l-130\/#breadcrumb","itemListElement":[{"@type":"ListItem","position":1,"name":"Home","item":"https:\/\/www.cosebelleantichemoderne.com\/en\/marble-interior-design-unique-hand-polished-pieces\/"},{"@type":"ListItem","position":2,"name":"Shop","item":"https:\/\/www.cosebelleantichemoderne.com\/en\/shop\/"},{"@type":"ListItem","position":3,"name":"Camino in Marmo Bianco Carrara L 130cm"}]},{"@type":"WebSite","@id":"https:\/\/www.cosebelleantichemoderne.com\/en\/#website","url":"https:\/\/www.cosebelleantichemoderne.com\/en\/","name":"Cose Belle Antiche Moderne - CBAM","description":"Cose belle Antiche e Moderne","publisher":{"@id":"https:\/\/www.cosebelleantichemoderne.com\/en\/#organization"},"alternateName":"CBAM","potentialAction":[{"@type":"SearchAction","target":{"@type":"EntryPoint","urlTemplate":"https:\/\/www.cosebelleantichemoderne.com\/en\/?s={search_term_string}"},"query-input":{"@type":"PropertyValueSpecification","valueRequired":true,"valueName":"search_term_string"}}],"inLanguage":"en-US"},{"@type":"Organization","@id":"https:\/\/www.cosebelleantichemoderne.com\/en\/#organization","name":"Cose Belle Antiche Moderne - CBAM","alternateName":"CBAM","url":"https:\/\/www.cosebelleantichemoderne.com\/en\/","logo":{"@type":"ImageObject","inLanguage":"en-US","@id":"https:\/\/www.cosebelleantichemoderne.com\/en\/#\/schema\/logo\/image\/","url":"https:\/\/www.cosebelleantichemoderne.com\/wp-content\/uploads\/2020\/07\/Logo.png","contentUrl":"https:\/\/www.cosebelleantichemoderne.com\/wp-content\/uploads\/2020\/07\/Logo.png","width":566,"height":194,"caption":"Cose Belle Antiche Moderne - CBAM"},"image":{"@id":"https:\/\/www.cosebelleantichemoderne.com\/en\/#\/schema\/logo\/image\/"},"sameAs":["https:\/\/www.facebook.com\/GaDArKStudioGroup","https:\/\/www.instagram.com\/gad_cbam\/","https:\/\/studio.youtube.com\/channel\/UCTxBZjBvDyg_FCroatLqjFA"]}]}},"_links":{"self":[{"href":"https:\/\/www.cosebelleantichemoderne.com\/en\/wp-json\/wp\/v2\/product\/2463","targetHints":{"allow":["GET"]}}],"collection":[{"href":"https:\/\/www.cosebelleantichemoderne.com\/en\/wp-json\/wp\/v2\/product"}],"about":[{"href":"https:\/\/www.cosebelleantichemoderne.com\/en\/wp-json\/wp\/v2\/types\/product"}],"replies":[{"embeddable":true,"href":"https:\/\/www.cosebelleantichemoderne.com\/en\/wp-json\/wp\/v2\/comments?post=2463"}],"wp:featuredmedia":[{"embeddable":true,"href":"https:\/\/www.cosebelleantichemoderne.com\/en\/wp-json\/wp\/v2\/media\/2464"}],"wp:attachment":[{"href":"https:\/\/www.cosebelleantichemoderne.com\/en\/wp-json\/wp\/v2\/media?parent=2463"}],"wp:term":[{"taxonomy":"product_brand","embeddable":true,"href":"https:\/\/www.cosebelleantichemoderne.com\/en\/wp-json\/wp\/v2\/product_brand?post=2463"},{"taxonomy":"product_cat","embeddable":true,"href":"https:\/\/www.cosebelleantichemoderne.com\/en\/wp-json\/wp\/v2\/product_cat?post=2463"},{"taxonomy":"product_tag","embeddable":true,"href":"https:\/\/www.cosebelleantichemoderne.com\/en\/wp-json\/wp\/v2\/product_tag?post=2463"}],"curies":[{"name":"wp","href":"https:\/\/api.w.org\/{rel}","templated":true}]}}