{"id":2068,"date":"2021-03-24T15:59:39","date_gmt":"2021-03-24T15:59:39","guid":{"rendered":"https:\/\/www.cosebelleantichemoderne.com\/prodotto\/alabastrite-onyx-floor-lamp\/"},"modified":"2022-04-21T09:33:08","modified_gmt":"2022-04-21T09:33:08","slug":"floor-lamp-in-onyx-alabastrite-italian-home-decor","status":"publish","type":"product","link":"https:\/\/www.cosebelleantichemoderne.com\/en\/prodotto\/floor-lamp-in-onyx-alabastrite-italian-home-decor\/","title":{"rendered":"Alabastrite Onyx Floor Lamp"},"content":{"rendered":"<p>https:\/\/www.cosebelleantichemoderne.com\/2020\/11\/25\/guida-alla-scelta-del-marmo-colori-arte-scultura-statueinterior-design-cosebelleantichemoderne\/<\/p>\n<p>Elegante e funzionale lampada realizzata in <em><strong>Onice Alabastrite<\/strong><\/em>, una particolare pietra con venature variegate.  Elemento artistico e funzionale adatto all&#8217;illuminazione di ambienti esclusivi e di pregio, si colloca bene sia in contesti moderni che classici.<\/p>\n<p>Grazie alle sue sfumature di colore uniche \u00e8 perfettamente adatto all&#8217;abbinamento con legni scuri e d&#8217;antiquariato ma anche con materiali come ferro e cemento, cari alla moderna concezione di Interior Design.<\/p>\n<p><em>Sul piano simbolico, l&#8217;<strong>onice<\/strong> porta equilibrio alla mente e al corpo, ed \u00e8 perfetta per coloro che sono volubili per natura, in quanto contribuisce a stare con i piedi per terra e a mettere ben a fuoco la nostra attenzione.<\/em>L\u2019onice Alabastrite, era molto popolare tra gli antichi Greci, Romani ed Egizi che ritenevano che potesse placare gli ardori sessuali. Una pietra di forza, adatta agli sportivi o a persone sottoposte a stress mentale ed emotivo.<\/p>\n<h3><\/h3>\n<h3>Materiale<\/h3>\n<p>Il termine Onice deriva dal greco \u1f44\u03bd\u03c5\u03be \u1f44\u03bd\u03c5\u03c7\u03bf\u03c2, che letteralmente significa \u201cunghia\u201d, ed \u00e8 un minerale , pi\u00f9 esattamente una variet\u00e0 di calcedonio (quarzo), dove vediamo alternarsi zone bianche, gialle e brune.  Con il nome di onice si indicano due tipi di rocce differenti<\/p>\n<ul>\n<li>l\u2019onice silicea, normalmente di colore nero con striature bianche e simile al calcedonio, ma non al quarzo e l\u2019onice calcarea, detta anche onice alabastrite o onice egiziana, che \u00e8 di colore bruno o verde chiaro.<\/li>\n<li>L&#8217;onice calcareo \u00e8 il &#8221;<i>marmor alabastrum&#8221;<\/i> dei Latini ove &#8221;alabastrum&#8221; deriva, come dice Plinio, da una fortezza detta <i>&#8220;Alabastra&#8221;<\/i>, costruita a Tebe in Egitto e dove vi erano numerosissime cave usate per l&#8217;edificazione dei templi.<\/li>\n<\/ul>\n<p>Pochi sanno che l\u2019Onice non \u00e8 altro che Agata, una variet\u00e0 compatta e fibrosa di quarzo, con bande piane e parallele di colori contrastanti. Le venature naturali da millimetriche a centimetriche, che vanno del marrone e ocra, donano a questa pietra un aspetto variopinto e diafano.<\/p>\n<p>Elegante e di pregio, presenta una notevole resistenza e risulta facile da pulire grazie alla sua superficie capace di limitare l\u2019assorbimento dello sporco e dell\u2019umidit\u00e0.<\/p>\n","protected":false},"excerpt":{"rendered":"<h5><span class=\"a-list-item\">Height 125 cm, Base 30&#215;30 cm. <\/span><\/h5>\n<ul>\n<li><span class=\"a-list-item\"> Alabastrite Onyx <\/span><\/li>\n<li><span class=\"a-list-item\"> Glossy finish. Suitable for outdoor and indoor environments. <\/span><\/li>\n<li><span class=\"a-list-item\"><span class=\"a-list-item\">Handmade in Italy. <\/span><\/span>Slight variations can be determined by the artistic workmanship and the use of precious natural materials.<span class=\"a-list-item\"><br \/>\n<\/span><\/li>\n<li>Onyx is a particular variety of quartz, with natural shades ranging from beige to pinkish brown.<\/li>\n<li>On a symbolic level, <span class=\"a-list-item\">Onyx brings balance to the mind and body, and is perfect for those who are fickle by nature, as it helps keep our feet on the ground and focus our attention.<\/span>\n<\/li>\n<\/ul>\n","protected":false},"featured_media":1480,"comment_status":"open","ping_status":"closed","template":"","meta":{"_acf_changed":false},"product_brand":[],"product_cat":[180,191],"product_tag":[139,140],"class_list":{"0":"post-2068","1":"product","2":"type-product","3":"status-publish","4":"has-post-thumbnail","6":"product_cat-interior","7":"product_cat-lamp","8":"product_tag-cosebelleantichemoderne-en-2","9":"product_tag-design-en","11":"first","12":"instock","13":"shipping-taxable","14":"purchasable","15":"product-type-simple"},"acf":[],"yoast_head":"<!-- This site is optimized with the Yoast SEO plugin v27.4 - https:\/\/yoast.com\/product\/yoast-seo-wordpress\/ -->\n<title>Alabastrite Onyx Floor Lamp - CBAM<\/title>\n<meta name=\"description\" content=\"Alabastrite Onyx Luxury Design Lamp, a particular precious stone with variegated veins. It adapts to all furnishings, from classic to modern.\" \/>\n<meta name=\"robots\" content=\"index, follow, max-snippet:-1, max-image-preview:large, max-video-preview:-1\" \/>\n<link rel=\"canonical\" href=\"https:\/\/www.cosebelleantichemoderne.com\/en\/prodotto\/floor-lamp-in-onyx-alabastrite-italian-home-decor\/\" \/>\n<meta property=\"og:locale\" content=\"en_US\" \/>\n<meta property=\"og:type\" content=\"article\" \/>\n<meta property=\"og:title\" content=\"Alabastrite Onyx Floor Lamp - CBAM\" \/>\n<meta property=\"og:description\" content=\"Alabastrite Onyx Luxury Design Lamp, a particular precious stone with variegated veins. It adapts to all furnishings, from classic to modern.\" \/>\n<meta property=\"og:url\" content=\"https:\/\/www.cosebelleantichemoderne.com\/en\/prodotto\/floor-lamp-in-onyx-alabastrite-italian-home-decor\/\" \/>\n<meta property=\"og:site_name\" content=\"CBAM\" \/>\n<meta property=\"article:publisher\" content=\"https:\/\/www.facebook.com\/GaDArKStudioGroup\" \/>\n<meta property=\"article:modified_time\" content=\"2022-04-21T09:33:08+00:00\" \/>\n<meta property=\"og:image\" content=\"https:\/\/www.cosebelleantichemoderne.com\/wp\/wp-content\/uploads\/2021\/03\/Lampada-Onice-Da-Terra-Rettangolare-Desing-Italiano-H.125Cm-Onyx-Rectangular-Floor-Lamp-cosebelleantichemoderne.jpg.jpg\" \/>\n\t<meta property=\"og:image:width\" content=\"1000\" \/>\n\t<meta property=\"og:image:height\" content=\"1000\" \/>\n\t<meta property=\"og:image:type\" content=\"image\/jpeg\" \/>\n<meta name=\"twitter:card\" content=\"summary_large_image\" \/>\n<meta name=\"twitter:label1\" content=\"Est. reading time\" \/>\n\t<meta name=\"twitter:data1\" content=\"2 minutes\" \/>\n<script type=\"application\/ld+json\" class=\"yoast-schema-graph\">{\"@context\":\"https:\\\/\\\/schema.org\",\"@graph\":[{\"@type\":\"WebPage\",\"@id\":\"https:\\\/\\\/www.cosebelleantichemoderne.com\\\/en\\\/prodotto\\\/floor-lamp-in-onyx-alabastrite-italian-home-decor\\\/\",\"url\":\"https:\\\/\\\/www.cosebelleantichemoderne.com\\\/en\\\/prodotto\\\/floor-lamp-in-onyx-alabastrite-italian-home-decor\\\/\",\"name\":\"Alabastrite Onyx Floor Lamp - CBAM\",\"isPartOf\":{\"@id\":\"https:\\\/\\\/www.cosebelleantichemoderne.com\\\/en\\\/#website\"},\"primaryImageOfPage\":{\"@id\":\"https:\\\/\\\/www.cosebelleantichemoderne.com\\\/en\\\/prodotto\\\/floor-lamp-in-onyx-alabastrite-italian-home-decor\\\/#primaryimage\"},\"image\":{\"@id\":\"https:\\\/\\\/www.cosebelleantichemoderne.com\\\/en\\\/prodotto\\\/floor-lamp-in-onyx-alabastrite-italian-home-decor\\\/#primaryimage\"},\"thumbnailUrl\":\"https:\\\/\\\/www.cosebelleantichemoderne.com\\\/wp-content\\\/uploads\\\/2021\\\/03\\\/Lampada-Onice-Da-Terra-Rettangolare-Desing-Italiano-H.125Cm-Onyx-Rectangular-Floor-Lamp-cosebelleantichemoderne.jpg.jpg\",\"datePublished\":\"2021-03-24T15:59:39+00:00\",\"dateModified\":\"2022-04-21T09:33:08+00:00\",\"description\":\"Alabastrite Onyx Luxury Design Lamp, a particular precious stone with variegated veins. It adapts to all furnishings, from classic to modern.\",\"breadcrumb\":{\"@id\":\"https:\\\/\\\/www.cosebelleantichemoderne.com\\\/en\\\/prodotto\\\/floor-lamp-in-onyx-alabastrite-italian-home-decor\\\/#breadcrumb\"},\"inLanguage\":\"en-US\",\"potentialAction\":[{\"@type\":\"ReadAction\",\"target\":[\"https:\\\/\\\/www.cosebelleantichemoderne.com\\\/en\\\/prodotto\\\/floor-lamp-in-onyx-alabastrite-italian-home-decor\\\/\"]}]},{\"@type\":\"ImageObject\",\"inLanguage\":\"en-US\",\"@id\":\"https:\\\/\\\/www.cosebelleantichemoderne.com\\\/en\\\/prodotto\\\/floor-lamp-in-onyx-alabastrite-italian-home-decor\\\/#primaryimage\",\"url\":\"https:\\\/\\\/www.cosebelleantichemoderne.com\\\/wp-content\\\/uploads\\\/2021\\\/03\\\/Lampada-Onice-Da-Terra-Rettangolare-Desing-Italiano-H.125Cm-Onyx-Rectangular-Floor-Lamp-cosebelleantichemoderne.jpg.jpg\",\"contentUrl\":\"https:\\\/\\\/www.cosebelleantichemoderne.com\\\/wp-content\\\/uploads\\\/2021\\\/03\\\/Lampada-Onice-Da-Terra-Rettangolare-Desing-Italiano-H.125Cm-Onyx-Rectangular-Floor-Lamp-cosebelleantichemoderne.jpg.jpg\",\"width\":1000,\"height\":1000,\"caption\":\"Lampada-Onice-Da-Terra-Rettangolare-Desing-Italiano-H.125Cm-Onyx-Rectangular-Floor-Lamp-cosebelleantichemoderne.jpg\"},{\"@type\":\"BreadcrumbList\",\"@id\":\"https:\\\/\\\/www.cosebelleantichemoderne.com\\\/en\\\/prodotto\\\/floor-lamp-in-onyx-alabastrite-italian-home-decor\\\/#breadcrumb\",\"itemListElement\":[{\"@type\":\"ListItem\",\"position\":1,\"name\":\"Home\",\"item\":\"https:\\\/\\\/www.cosebelleantichemoderne.com\\\/en\\\/marble-interior-design-unique-hand-polished-pieces\\\/\"},{\"@type\":\"ListItem\",\"position\":2,\"name\":\"Shop\",\"item\":\"https:\\\/\\\/www.cosebelleantichemoderne.com\\\/en\\\/shop\\\/\"},{\"@type\":\"ListItem\",\"position\":3,\"name\":\"Alabastrite Onyx Floor Lamp\"}]},{\"@type\":\"WebSite\",\"@id\":\"https:\\\/\\\/www.cosebelleantichemoderne.com\\\/en\\\/#website\",\"url\":\"https:\\\/\\\/www.cosebelleantichemoderne.com\\\/en\\\/\",\"name\":\"Cose Belle Antiche Moderne - CBAM\",\"description\":\"Cose belle Antiche e Moderne\",\"publisher\":{\"@id\":\"https:\\\/\\\/www.cosebelleantichemoderne.com\\\/en\\\/#organization\"},\"alternateName\":\"CBAM\",\"potentialAction\":[{\"@type\":\"SearchAction\",\"target\":{\"@type\":\"EntryPoint\",\"urlTemplate\":\"https:\\\/\\\/www.cosebelleantichemoderne.com\\\/en\\\/?s={search_term_string}\"},\"query-input\":{\"@type\":\"PropertyValueSpecification\",\"valueRequired\":true,\"valueName\":\"search_term_string\"}}],\"inLanguage\":\"en-US\"},{\"@type\":\"Organization\",\"@id\":\"https:\\\/\\\/www.cosebelleantichemoderne.com\\\/en\\\/#organization\",\"name\":\"Cose Belle Antiche Moderne - CBAM\",\"alternateName\":\"CBAM\",\"url\":\"https:\\\/\\\/www.cosebelleantichemoderne.com\\\/en\\\/\",\"logo\":{\"@type\":\"ImageObject\",\"inLanguage\":\"en-US\",\"@id\":\"https:\\\/\\\/www.cosebelleantichemoderne.com\\\/en\\\/#\\\/schema\\\/logo\\\/image\\\/\",\"url\":\"https:\\\/\\\/www.cosebelleantichemoderne.com\\\/wp-content\\\/uploads\\\/2020\\\/07\\\/Logo.png\",\"contentUrl\":\"https:\\\/\\\/www.cosebelleantichemoderne.com\\\/wp-content\\\/uploads\\\/2020\\\/07\\\/Logo.png\",\"width\":566,\"height\":194,\"caption\":\"Cose Belle Antiche Moderne - CBAM\"},\"image\":{\"@id\":\"https:\\\/\\\/www.cosebelleantichemoderne.com\\\/en\\\/#\\\/schema\\\/logo\\\/image\\\/\"},\"sameAs\":[\"https:\\\/\\\/www.facebook.com\\\/GaDArKStudioGroup\",\"https:\\\/\\\/www.instagram.com\\\/gad_cbam\\\/\",\"https:\\\/\\\/studio.youtube.com\\\/channel\\\/UCTxBZjBvDyg_FCroatLqjFA\"]}]}<\/script>\n<!-- \/ Yoast SEO plugin. -->","yoast_head_json":{"title":"Alabastrite Onyx Floor Lamp - CBAM","description":"Alabastrite Onyx Luxury Design Lamp, a particular precious stone with variegated veins. It adapts to all furnishings, from classic to modern.","robots":{"index":"index","follow":"follow","max-snippet":"max-snippet:-1","max-image-preview":"max-image-preview:large","max-video-preview":"max-video-preview:-1"},"canonical":"https:\/\/www.cosebelleantichemoderne.com\/en\/prodotto\/floor-lamp-in-onyx-alabastrite-italian-home-decor\/","og_locale":"en_US","og_type":"article","og_title":"Alabastrite Onyx Floor Lamp - CBAM","og_description":"Alabastrite Onyx Luxury Design Lamp, a particular precious stone with variegated veins. It adapts to all furnishings, from classic to modern.","og_url":"https:\/\/www.cosebelleantichemoderne.com\/en\/prodotto\/floor-lamp-in-onyx-alabastrite-italian-home-decor\/","og_site_name":"CBAM","article_publisher":"https:\/\/www.facebook.com\/GaDArKStudioGroup","article_modified_time":"2022-04-21T09:33:08+00:00","og_image":[{"width":1000,"height":1000,"url":"https:\/\/www.cosebelleantichemoderne.com\/wp\/wp-content\/uploads\/2021\/03\/Lampada-Onice-Da-Terra-Rettangolare-Desing-Italiano-H.125Cm-Onyx-Rectangular-Floor-Lamp-cosebelleantichemoderne.jpg.jpg","type":"image\/jpeg"}],"twitter_card":"summary_large_image","twitter_misc":{"Est. reading time":"2 minutes"},"schema":{"@context":"https:\/\/schema.org","@graph":[{"@type":"WebPage","@id":"https:\/\/www.cosebelleantichemoderne.com\/en\/prodotto\/floor-lamp-in-onyx-alabastrite-italian-home-decor\/","url":"https:\/\/www.cosebelleantichemoderne.com\/en\/prodotto\/floor-lamp-in-onyx-alabastrite-italian-home-decor\/","name":"Alabastrite Onyx Floor Lamp - CBAM","isPartOf":{"@id":"https:\/\/www.cosebelleantichemoderne.com\/en\/#website"},"primaryImageOfPage":{"@id":"https:\/\/www.cosebelleantichemoderne.com\/en\/prodotto\/floor-lamp-in-onyx-alabastrite-italian-home-decor\/#primaryimage"},"image":{"@id":"https:\/\/www.cosebelleantichemoderne.com\/en\/prodotto\/floor-lamp-in-onyx-alabastrite-italian-home-decor\/#primaryimage"},"thumbnailUrl":"https:\/\/www.cosebelleantichemoderne.com\/wp-content\/uploads\/2021\/03\/Lampada-Onice-Da-Terra-Rettangolare-Desing-Italiano-H.125Cm-Onyx-Rectangular-Floor-Lamp-cosebelleantichemoderne.jpg.jpg","datePublished":"2021-03-24T15:59:39+00:00","dateModified":"2022-04-21T09:33:08+00:00","description":"Alabastrite Onyx Luxury Design Lamp, a particular precious stone with variegated veins. It adapts to all furnishings, from classic to modern.","breadcrumb":{"@id":"https:\/\/www.cosebelleantichemoderne.com\/en\/prodotto\/floor-lamp-in-onyx-alabastrite-italian-home-decor\/#breadcrumb"},"inLanguage":"en-US","potentialAction":[{"@type":"ReadAction","target":["https:\/\/www.cosebelleantichemoderne.com\/en\/prodotto\/floor-lamp-in-onyx-alabastrite-italian-home-decor\/"]}]},{"@type":"ImageObject","inLanguage":"en-US","@id":"https:\/\/www.cosebelleantichemoderne.com\/en\/prodotto\/floor-lamp-in-onyx-alabastrite-italian-home-decor\/#primaryimage","url":"https:\/\/www.cosebelleantichemoderne.com\/wp-content\/uploads\/2021\/03\/Lampada-Onice-Da-Terra-Rettangolare-Desing-Italiano-H.125Cm-Onyx-Rectangular-Floor-Lamp-cosebelleantichemoderne.jpg.jpg","contentUrl":"https:\/\/www.cosebelleantichemoderne.com\/wp-content\/uploads\/2021\/03\/Lampada-Onice-Da-Terra-Rettangolare-Desing-Italiano-H.125Cm-Onyx-Rectangular-Floor-Lamp-cosebelleantichemoderne.jpg.jpg","width":1000,"height":1000,"caption":"Lampada-Onice-Da-Terra-Rettangolare-Desing-Italiano-H.125Cm-Onyx-Rectangular-Floor-Lamp-cosebelleantichemoderne.jpg"},{"@type":"BreadcrumbList","@id":"https:\/\/www.cosebelleantichemoderne.com\/en\/prodotto\/floor-lamp-in-onyx-alabastrite-italian-home-decor\/#breadcrumb","itemListElement":[{"@type":"ListItem","position":1,"name":"Home","item":"https:\/\/www.cosebelleantichemoderne.com\/en\/marble-interior-design-unique-hand-polished-pieces\/"},{"@type":"ListItem","position":2,"name":"Shop","item":"https:\/\/www.cosebelleantichemoderne.com\/en\/shop\/"},{"@type":"ListItem","position":3,"name":"Alabastrite Onyx Floor Lamp"}]},{"@type":"WebSite","@id":"https:\/\/www.cosebelleantichemoderne.com\/en\/#website","url":"https:\/\/www.cosebelleantichemoderne.com\/en\/","name":"Cose Belle Antiche Moderne - CBAM","description":"Cose belle Antiche e Moderne","publisher":{"@id":"https:\/\/www.cosebelleantichemoderne.com\/en\/#organization"},"alternateName":"CBAM","potentialAction":[{"@type":"SearchAction","target":{"@type":"EntryPoint","urlTemplate":"https:\/\/www.cosebelleantichemoderne.com\/en\/?s={search_term_string}"},"query-input":{"@type":"PropertyValueSpecification","valueRequired":true,"valueName":"search_term_string"}}],"inLanguage":"en-US"},{"@type":"Organization","@id":"https:\/\/www.cosebelleantichemoderne.com\/en\/#organization","name":"Cose Belle Antiche Moderne - CBAM","alternateName":"CBAM","url":"https:\/\/www.cosebelleantichemoderne.com\/en\/","logo":{"@type":"ImageObject","inLanguage":"en-US","@id":"https:\/\/www.cosebelleantichemoderne.com\/en\/#\/schema\/logo\/image\/","url":"https:\/\/www.cosebelleantichemoderne.com\/wp-content\/uploads\/2020\/07\/Logo.png","contentUrl":"https:\/\/www.cosebelleantichemoderne.com\/wp-content\/uploads\/2020\/07\/Logo.png","width":566,"height":194,"caption":"Cose Belle Antiche Moderne - CBAM"},"image":{"@id":"https:\/\/www.cosebelleantichemoderne.com\/en\/#\/schema\/logo\/image\/"},"sameAs":["https:\/\/www.facebook.com\/GaDArKStudioGroup","https:\/\/www.instagram.com\/gad_cbam\/","https:\/\/studio.youtube.com\/channel\/UCTxBZjBvDyg_FCroatLqjFA"]}]}},"_links":{"self":[{"href":"https:\/\/www.cosebelleantichemoderne.com\/en\/wp-json\/wp\/v2\/product\/2068","targetHints":{"allow":["GET"]}}],"collection":[{"href":"https:\/\/www.cosebelleantichemoderne.com\/en\/wp-json\/wp\/v2\/product"}],"about":[{"href":"https:\/\/www.cosebelleantichemoderne.com\/en\/wp-json\/wp\/v2\/types\/product"}],"replies":[{"embeddable":true,"href":"https:\/\/www.cosebelleantichemoderne.com\/en\/wp-json\/wp\/v2\/comments?post=2068"}],"wp:featuredmedia":[{"embeddable":true,"href":"https:\/\/www.cosebelleantichemoderne.com\/en\/wp-json\/wp\/v2\/media\/1480"}],"wp:attachment":[{"href":"https:\/\/www.cosebelleantichemoderne.com\/en\/wp-json\/wp\/v2\/media?parent=2068"}],"wp:term":[{"taxonomy":"product_brand","embeddable":true,"href":"https:\/\/www.cosebelleantichemoderne.com\/en\/wp-json\/wp\/v2\/product_brand?post=2068"},{"taxonomy":"product_cat","embeddable":true,"href":"https:\/\/www.cosebelleantichemoderne.com\/en\/wp-json\/wp\/v2\/product_cat?post=2068"},{"taxonomy":"product_tag","embeddable":true,"href":"https:\/\/www.cosebelleantichemoderne.com\/en\/wp-json\/wp\/v2\/product_tag?post=2068"}],"curies":[{"name":"wp","href":"https:\/\/api.w.org\/{rel}","templated":true}]}}