{"id":2065,"date":"2021-03-26T08:46:04","date_gmt":"2021-03-26T08:46:04","guid":{"rendered":"https:\/\/www.cosebelleantichemoderne.com\/prodotto\/onyx-tray\/"},"modified":"2024-05-28T17:35:51","modified_gmt":"2024-05-28T17:35:51","slug":"rustic-onyx-tray","status":"publish","type":"product","link":"https:\/\/www.cosebelleantichemoderne.com\/en\/prodotto\/rustic-onyx-tray\/","title":{"rendered":"Onyx Tray"},"content":{"rendered":"<p>https:\/\/www.cosebelleantichemoderne.com\/2020\/11\/25\/guida-alla-scelta-del-marmo-colori-arte-scultura-statueinterior-design-cosebelleantichemoderne\/<\/p>\n<p>Originale e pratico Vassoio  da tavolo realizzato in <em><strong>Onice <\/strong><\/em>, una particolare pietra con venature variegate.<\/p>\n<p>Il perfetto incontro tra l\u2019essenza della tradizione e la modernit\u00e0 delle linee.<\/p>\n<p>Questo vaso dal design contemporaneo capace di personalizzare e decorare la vostra casa in maniera semplice ed allo stesso tempo elegante.<\/p>\n<p>L&#8217;onice \u00e8 una particolare pietra utilizzata in ambienti interni e che risulta ideale per arredi, elementi artistici, oggettistica. L&#8217;onice \u00e8 una variet\u00e0 di quarzo in masse compatte microcristalline,  che copre le tonalit\u00e0  dal rosso al bruno e l&#8217;intera gamma di gialli. Oggetto esclusivo e di pregio realizzato a mano in Italia.<\/p>\n<p>Eventuali imperfezioni e differenze rispetto all&#8217;immagine, sono da considerarsi garanzia dell&#8217;unicit\u00e0 dell&#8217;oggetto e del materiale.<\/p>\n<p>Complemento di arredo a dir poco unico, Il Vassoio in Onice  che abbiamo selezionato per voi \u00e8 realizzato per ambienti interni e pu\u00f2 essere collocato su tavolini bassi, su  mensole o se lo preferite utilizzati come centro tavola.<\/p>\n<p>Grazie alle sue sfumature di colore uniche \u00e8 perfettamente adatto all&#8217;abbinamento con legni scuri e d&#8217;antiquariato ma anche con materiali come ferro e cemento, cari alla moderna concezione di interior Design.<\/p>\n<p><em>Sul piano simbolico, l&#8217;<strong>onice<\/strong> porta equilibrio alla mente e al corpo, ed \u00e8 perfetta per coloro che sono volubili per natura, in quanto contribuisce a stare con i piedi per terra e a mettere ben a fuoco la nostra attenzione.<\/em><\/p>\n<h3>Materiale<\/h3>\n<p>L&#8217;onice secondo gli antichi miti Greci, sarebbe stata creata quando Cupido tagli\u00f2 le unghie a Afrodite dormiente. Poich\u00e9 le parti di una Creatura Divina non sono Mortali, le Divinit\u00e0 le trasformarono in una Gemma, che venne chiamata Onice.<\/p>\n<p>Il termine Onice deriva dal greco \u1f44\u03bd\u03c5\u03be \u1f44\u03bd\u03c5\u03c7\u03bf\u03c2, che letteralmente significa \u201cunghia\u201d, ed \u00e8 un minerale , pi\u00f9 esattamente una variet\u00e0 di calcedonio , dove vediamo alternarsi zone bianche, gialle e brune.<\/p>\n<p>Con il nome di onice si indicano due tipi di rocce differenti<\/p>\n<p>Pochi sanno che l\u2019Onice non \u00e8 altro che Agata, una variet\u00e0 compatta e fibrosa di quarzo, con bande piane e parallele di colori contrastanti. Le venature naturali da millimetriche a centimetriche, che vanno del marrone e ocra, donano a questa pietra un aspetto variopinto e diafano.<\/p>\n<p>Elegante e di pregio, presenta una notevole resistenza e risulta facile da pulire grazie alla sua superficie capace di limitare l\u2019assorbimento dello sporco e dell\u2019umidit\u00e0.<\/p>\n","protected":false},"excerpt":{"rendered":"<h5><span class=\"a-list-item\">Height 25 cm, Base 45&#215;65 cm. <\/span><\/h5>\n<ul>\n<li><span class=\"a-list-item\"> Onyx <a href=\"https:\/\/www.cosebelleantichemoderne.com\/en\/the-eternal-perfection-of-marble\/\">material<\/a> . <\/span><\/li>\n<li><span class=\"a-list-item\"> Glossy finish. Suitable for outdoor and indoor environments. <\/span><\/li>\n<li><span class=\"a-list-item\"><span class=\"a-list-item\">Handmade in Italy. <\/span><\/span>Slight variations can be determined by the artistic workmanship and the use of precious natural materials.<span class=\"a-list-item\"><br \/>\n<\/span><\/li>\n<li>Onyx is a particular variety of quartz, with natural shades ranging from beige to pinkish brown.<\/li>\n<li>This vase with a contemporary design capable of personalizing and decorating your home in a simple and at the same time elegant way.<\/li>\n<\/ul>\n<p><!--more--><\/p>\n<p><!--more--><\/p>\n","protected":false},"featured_media":1523,"comment_status":"open","ping_status":"closed","template":"","meta":{"_acf_changed":false},"product_brand":[],"product_cat":[165,258],"product_tag":[139,140],"class_list":{"0":"post-2065","1":"product","2":"type-product","3":"status-publish","4":"has-post-thumbnail","6":"product_cat-home-decor-en","7":"product_cat-trays-and-centerpieces","8":"product_tag-cosebelleantichemoderne-en-2","9":"product_tag-design-en","11":"first","12":"instock","13":"shipping-taxable","14":"purchasable","15":"product-type-simple"},"acf":[],"yoast_head":"<!-- This site is optimized with the Yoast SEO plugin v27.4 - https:\/\/yoast.com\/product\/yoast-seo-wordpress\/ -->\n<title>Onyx Tray - CBAM<\/title>\n<meta name=\"description\" content=\"Original and practical Onyx table tray The perfect match between the essence of tradition and the modernity of the lines.\" \/>\n<meta name=\"robots\" content=\"index, follow, max-snippet:-1, max-image-preview:large, max-video-preview:-1\" \/>\n<link rel=\"canonical\" href=\"https:\/\/www.cosebelleantichemoderne.com\/en\/prodotto\/rustic-onyx-tray\/\" \/>\n<meta property=\"og:locale\" content=\"en_US\" \/>\n<meta property=\"og:type\" content=\"article\" \/>\n<meta property=\"og:title\" content=\"Onyx Tray - CBAM\" \/>\n<meta property=\"og:description\" content=\"Original and practical Onyx table tray The perfect match between the essence of tradition and the modernity of the lines.\" \/>\n<meta property=\"og:url\" content=\"https:\/\/www.cosebelleantichemoderne.com\/en\/prodotto\/rustic-onyx-tray\/\" \/>\n<meta property=\"og:site_name\" content=\"CBAM\" \/>\n<meta property=\"article:publisher\" content=\"https:\/\/www.facebook.com\/GaDArKStudioGroup\" \/>\n<meta property=\"article:modified_time\" content=\"2024-05-28T17:35:51+00:00\" \/>\n<meta property=\"og:image\" content=\"https:\/\/www.cosebelleantichemoderne.com\/wp-content\/uploads\/2021\/03\/vassoio-in-onice-da-tavolo-elegante-desing-Italiano-decor-arredo-casa-scultura-regalo-antiques-cosebelleantichemoderne..jpg\" \/>\n\t<meta property=\"og:image:width\" content=\"1000\" \/>\n\t<meta property=\"og:image:height\" content=\"1000\" \/>\n\t<meta property=\"og:image:type\" content=\"image\/jpeg\" \/>\n<meta name=\"twitter:card\" content=\"summary_large_image\" \/>\n<meta name=\"twitter:label1\" content=\"Est. reading time\" \/>\n\t<meta name=\"twitter:data1\" content=\"2 minutes\" \/>\n<script type=\"application\/ld+json\" class=\"yoast-schema-graph\">{\"@context\":\"https:\\\/\\\/schema.org\",\"@graph\":[{\"@type\":\"WebPage\",\"@id\":\"https:\\\/\\\/www.cosebelleantichemoderne.com\\\/en\\\/prodotto\\\/rustic-onyx-tray\\\/\",\"url\":\"https:\\\/\\\/www.cosebelleantichemoderne.com\\\/en\\\/prodotto\\\/rustic-onyx-tray\\\/\",\"name\":\"Onyx Tray - CBAM\",\"isPartOf\":{\"@id\":\"https:\\\/\\\/www.cosebelleantichemoderne.com\\\/en\\\/#website\"},\"primaryImageOfPage\":{\"@id\":\"https:\\\/\\\/www.cosebelleantichemoderne.com\\\/en\\\/prodotto\\\/rustic-onyx-tray\\\/#primaryimage\"},\"image\":{\"@id\":\"https:\\\/\\\/www.cosebelleantichemoderne.com\\\/en\\\/prodotto\\\/rustic-onyx-tray\\\/#primaryimage\"},\"thumbnailUrl\":\"https:\\\/\\\/www.cosebelleantichemoderne.com\\\/wp-content\\\/uploads\\\/2021\\\/03\\\/vassoio-in-onice-da-tavolo-elegante-desing-Italiano-decor-arredo-casa-scultura-regalo-antiques-cosebelleantichemoderne..jpg\",\"datePublished\":\"2021-03-26T08:46:04+00:00\",\"dateModified\":\"2024-05-28T17:35:51+00:00\",\"description\":\"Original and practical Onyx table tray The perfect match between the essence of tradition and the modernity of the lines.\",\"breadcrumb\":{\"@id\":\"https:\\\/\\\/www.cosebelleantichemoderne.com\\\/en\\\/prodotto\\\/rustic-onyx-tray\\\/#breadcrumb\"},\"inLanguage\":\"en-US\",\"potentialAction\":[{\"@type\":\"ReadAction\",\"target\":[\"https:\\\/\\\/www.cosebelleantichemoderne.com\\\/en\\\/prodotto\\\/rustic-onyx-tray\\\/\"]}]},{\"@type\":\"ImageObject\",\"inLanguage\":\"en-US\",\"@id\":\"https:\\\/\\\/www.cosebelleantichemoderne.com\\\/en\\\/prodotto\\\/rustic-onyx-tray\\\/#primaryimage\",\"url\":\"https:\\\/\\\/www.cosebelleantichemoderne.com\\\/wp-content\\\/uploads\\\/2021\\\/03\\\/vassoio-in-onice-da-tavolo-elegante-desing-Italiano-decor-arredo-casa-scultura-regalo-antiques-cosebelleantichemoderne..jpg\",\"contentUrl\":\"https:\\\/\\\/www.cosebelleantichemoderne.com\\\/wp-content\\\/uploads\\\/2021\\\/03\\\/vassoio-in-onice-da-tavolo-elegante-desing-Italiano-decor-arredo-casa-scultura-regalo-antiques-cosebelleantichemoderne..jpg\",\"width\":1000,\"height\":1000,\"caption\":\"Rustic Onyx Tray\"},{\"@type\":\"BreadcrumbList\",\"@id\":\"https:\\\/\\\/www.cosebelleantichemoderne.com\\\/en\\\/prodotto\\\/rustic-onyx-tray\\\/#breadcrumb\",\"itemListElement\":[{\"@type\":\"ListItem\",\"position\":1,\"name\":\"Home\",\"item\":\"https:\\\/\\\/www.cosebelleantichemoderne.com\\\/en\\\/marble-interior-design-unique-hand-polished-pieces\\\/\"},{\"@type\":\"ListItem\",\"position\":2,\"name\":\"Shop\",\"item\":\"https:\\\/\\\/www.cosebelleantichemoderne.com\\\/en\\\/shop\\\/\"},{\"@type\":\"ListItem\",\"position\":3,\"name\":\"Onyx Tray\"}]},{\"@type\":\"WebSite\",\"@id\":\"https:\\\/\\\/www.cosebelleantichemoderne.com\\\/en\\\/#website\",\"url\":\"https:\\\/\\\/www.cosebelleantichemoderne.com\\\/en\\\/\",\"name\":\"Cose Belle Antiche Moderne - CBAM\",\"description\":\"Cose belle Antiche e Moderne\",\"publisher\":{\"@id\":\"https:\\\/\\\/www.cosebelleantichemoderne.com\\\/en\\\/#organization\"},\"alternateName\":\"CBAM\",\"potentialAction\":[{\"@type\":\"SearchAction\",\"target\":{\"@type\":\"EntryPoint\",\"urlTemplate\":\"https:\\\/\\\/www.cosebelleantichemoderne.com\\\/en\\\/?s={search_term_string}\"},\"query-input\":{\"@type\":\"PropertyValueSpecification\",\"valueRequired\":true,\"valueName\":\"search_term_string\"}}],\"inLanguage\":\"en-US\"},{\"@type\":\"Organization\",\"@id\":\"https:\\\/\\\/www.cosebelleantichemoderne.com\\\/en\\\/#organization\",\"name\":\"Cose Belle Antiche Moderne - CBAM\",\"alternateName\":\"CBAM\",\"url\":\"https:\\\/\\\/www.cosebelleantichemoderne.com\\\/en\\\/\",\"logo\":{\"@type\":\"ImageObject\",\"inLanguage\":\"en-US\",\"@id\":\"https:\\\/\\\/www.cosebelleantichemoderne.com\\\/en\\\/#\\\/schema\\\/logo\\\/image\\\/\",\"url\":\"https:\\\/\\\/www.cosebelleantichemoderne.com\\\/wp-content\\\/uploads\\\/2020\\\/07\\\/Logo.png\",\"contentUrl\":\"https:\\\/\\\/www.cosebelleantichemoderne.com\\\/wp-content\\\/uploads\\\/2020\\\/07\\\/Logo.png\",\"width\":566,\"height\":194,\"caption\":\"Cose Belle Antiche Moderne - CBAM\"},\"image\":{\"@id\":\"https:\\\/\\\/www.cosebelleantichemoderne.com\\\/en\\\/#\\\/schema\\\/logo\\\/image\\\/\"},\"sameAs\":[\"https:\\\/\\\/www.facebook.com\\\/GaDArKStudioGroup\",\"https:\\\/\\\/www.instagram.com\\\/gad_cbam\\\/\",\"https:\\\/\\\/studio.youtube.com\\\/channel\\\/UCTxBZjBvDyg_FCroatLqjFA\"]}]}<\/script>\n<!-- \/ Yoast SEO plugin. -->","yoast_head_json":{"title":"Onyx Tray - CBAM","description":"Original and practical Onyx table tray The perfect match between the essence of tradition and the modernity of the lines.","robots":{"index":"index","follow":"follow","max-snippet":"max-snippet:-1","max-image-preview":"max-image-preview:large","max-video-preview":"max-video-preview:-1"},"canonical":"https:\/\/www.cosebelleantichemoderne.com\/en\/prodotto\/rustic-onyx-tray\/","og_locale":"en_US","og_type":"article","og_title":"Onyx Tray - CBAM","og_description":"Original and practical Onyx table tray The perfect match between the essence of tradition and the modernity of the lines.","og_url":"https:\/\/www.cosebelleantichemoderne.com\/en\/prodotto\/rustic-onyx-tray\/","og_site_name":"CBAM","article_publisher":"https:\/\/www.facebook.com\/GaDArKStudioGroup","article_modified_time":"2024-05-28T17:35:51+00:00","og_image":[{"width":1000,"height":1000,"url":"https:\/\/www.cosebelleantichemoderne.com\/wp-content\/uploads\/2021\/03\/vassoio-in-onice-da-tavolo-elegante-desing-Italiano-decor-arredo-casa-scultura-regalo-antiques-cosebelleantichemoderne..jpg","type":"image\/jpeg"}],"twitter_card":"summary_large_image","twitter_misc":{"Est. reading time":"2 minutes"},"schema":{"@context":"https:\/\/schema.org","@graph":[{"@type":"WebPage","@id":"https:\/\/www.cosebelleantichemoderne.com\/en\/prodotto\/rustic-onyx-tray\/","url":"https:\/\/www.cosebelleantichemoderne.com\/en\/prodotto\/rustic-onyx-tray\/","name":"Onyx Tray - CBAM","isPartOf":{"@id":"https:\/\/www.cosebelleantichemoderne.com\/en\/#website"},"primaryImageOfPage":{"@id":"https:\/\/www.cosebelleantichemoderne.com\/en\/prodotto\/rustic-onyx-tray\/#primaryimage"},"image":{"@id":"https:\/\/www.cosebelleantichemoderne.com\/en\/prodotto\/rustic-onyx-tray\/#primaryimage"},"thumbnailUrl":"https:\/\/www.cosebelleantichemoderne.com\/wp-content\/uploads\/2021\/03\/vassoio-in-onice-da-tavolo-elegante-desing-Italiano-decor-arredo-casa-scultura-regalo-antiques-cosebelleantichemoderne..jpg","datePublished":"2021-03-26T08:46:04+00:00","dateModified":"2024-05-28T17:35:51+00:00","description":"Original and practical Onyx table tray The perfect match between the essence of tradition and the modernity of the lines.","breadcrumb":{"@id":"https:\/\/www.cosebelleantichemoderne.com\/en\/prodotto\/rustic-onyx-tray\/#breadcrumb"},"inLanguage":"en-US","potentialAction":[{"@type":"ReadAction","target":["https:\/\/www.cosebelleantichemoderne.com\/en\/prodotto\/rustic-onyx-tray\/"]}]},{"@type":"ImageObject","inLanguage":"en-US","@id":"https:\/\/www.cosebelleantichemoderne.com\/en\/prodotto\/rustic-onyx-tray\/#primaryimage","url":"https:\/\/www.cosebelleantichemoderne.com\/wp-content\/uploads\/2021\/03\/vassoio-in-onice-da-tavolo-elegante-desing-Italiano-decor-arredo-casa-scultura-regalo-antiques-cosebelleantichemoderne..jpg","contentUrl":"https:\/\/www.cosebelleantichemoderne.com\/wp-content\/uploads\/2021\/03\/vassoio-in-onice-da-tavolo-elegante-desing-Italiano-decor-arredo-casa-scultura-regalo-antiques-cosebelleantichemoderne..jpg","width":1000,"height":1000,"caption":"Rustic Onyx Tray"},{"@type":"BreadcrumbList","@id":"https:\/\/www.cosebelleantichemoderne.com\/en\/prodotto\/rustic-onyx-tray\/#breadcrumb","itemListElement":[{"@type":"ListItem","position":1,"name":"Home","item":"https:\/\/www.cosebelleantichemoderne.com\/en\/marble-interior-design-unique-hand-polished-pieces\/"},{"@type":"ListItem","position":2,"name":"Shop","item":"https:\/\/www.cosebelleantichemoderne.com\/en\/shop\/"},{"@type":"ListItem","position":3,"name":"Onyx Tray"}]},{"@type":"WebSite","@id":"https:\/\/www.cosebelleantichemoderne.com\/en\/#website","url":"https:\/\/www.cosebelleantichemoderne.com\/en\/","name":"Cose Belle Antiche Moderne - CBAM","description":"Cose belle Antiche e Moderne","publisher":{"@id":"https:\/\/www.cosebelleantichemoderne.com\/en\/#organization"},"alternateName":"CBAM","potentialAction":[{"@type":"SearchAction","target":{"@type":"EntryPoint","urlTemplate":"https:\/\/www.cosebelleantichemoderne.com\/en\/?s={search_term_string}"},"query-input":{"@type":"PropertyValueSpecification","valueRequired":true,"valueName":"search_term_string"}}],"inLanguage":"en-US"},{"@type":"Organization","@id":"https:\/\/www.cosebelleantichemoderne.com\/en\/#organization","name":"Cose Belle Antiche Moderne - CBAM","alternateName":"CBAM","url":"https:\/\/www.cosebelleantichemoderne.com\/en\/","logo":{"@type":"ImageObject","inLanguage":"en-US","@id":"https:\/\/www.cosebelleantichemoderne.com\/en\/#\/schema\/logo\/image\/","url":"https:\/\/www.cosebelleantichemoderne.com\/wp-content\/uploads\/2020\/07\/Logo.png","contentUrl":"https:\/\/www.cosebelleantichemoderne.com\/wp-content\/uploads\/2020\/07\/Logo.png","width":566,"height":194,"caption":"Cose Belle Antiche Moderne - CBAM"},"image":{"@id":"https:\/\/www.cosebelleantichemoderne.com\/en\/#\/schema\/logo\/image\/"},"sameAs":["https:\/\/www.facebook.com\/GaDArKStudioGroup","https:\/\/www.instagram.com\/gad_cbam\/","https:\/\/studio.youtube.com\/channel\/UCTxBZjBvDyg_FCroatLqjFA"]}]}},"_links":{"self":[{"href":"https:\/\/www.cosebelleantichemoderne.com\/en\/wp-json\/wp\/v2\/product\/2065","targetHints":{"allow":["GET"]}}],"collection":[{"href":"https:\/\/www.cosebelleantichemoderne.com\/en\/wp-json\/wp\/v2\/product"}],"about":[{"href":"https:\/\/www.cosebelleantichemoderne.com\/en\/wp-json\/wp\/v2\/types\/product"}],"replies":[{"embeddable":true,"href":"https:\/\/www.cosebelleantichemoderne.com\/en\/wp-json\/wp\/v2\/comments?post=2065"}],"wp:featuredmedia":[{"embeddable":true,"href":"https:\/\/www.cosebelleantichemoderne.com\/en\/wp-json\/wp\/v2\/media\/1523"}],"wp:attachment":[{"href":"https:\/\/www.cosebelleantichemoderne.com\/en\/wp-json\/wp\/v2\/media?parent=2065"}],"wp:term":[{"taxonomy":"product_brand","embeddable":true,"href":"https:\/\/www.cosebelleantichemoderne.com\/en\/wp-json\/wp\/v2\/product_brand?post=2065"},{"taxonomy":"product_cat","embeddable":true,"href":"https:\/\/www.cosebelleantichemoderne.com\/en\/wp-json\/wp\/v2\/product_cat?post=2065"},{"taxonomy":"product_tag","embeddable":true,"href":"https:\/\/www.cosebelleantichemoderne.com\/en\/wp-json\/wp\/v2\/product_tag?post=2065"}],"curies":[{"name":"wp","href":"https:\/\/api.w.org\/{rel}","templated":true}]}}