{"id":2033,"date":"2021-07-13T04:40:23","date_gmt":"2021-07-13T04:40:23","guid":{"rendered":"https:\/\/www.cosebelleantichemoderne.com\/prodotto\/pair-of-bowls-in-red-travertine-marble\/"},"modified":"2022-04-20T15:11:16","modified_gmt":"2022-04-20T15:11:16","slug":"pair-bowls-picos-marble-travertine-red","status":"publish","type":"product","link":"https:\/\/www.cosebelleantichemoderne.com\/en\/prodotto\/pair-bowls-picos-marble-travertine-red\/","title":{"rendered":"Pair of Bowls in Red Travertine Marble"},"content":{"rendered":"<p>https:\/\/www.cosebelleantichemoderne.com\/2020\/11\/25\/guida-alla-scelta-del-marmo-colori-arte-scultura-statueinterior-design-cosebelleantichemoderne\/<\/p>\n<p>Elegante coppia di  ciotole Picos in marmo travertino rosso ,realizzate a mano in Italia, oggetti unici.<\/p>\n<p>La ciotola commemora gli antichi rituali di quotidianit\u00e0, affermandosi come una raffinata scelta d&#8217;arredamento.<\/p>\n<p>I suoi svariati utilizzi rendono la ciotola ,un complemento d&#8217;arredo versatile e elegante che pu\u00f2 essere utilizzato in salotto, come centrotavola in cucina, come vassoio da portata , Il travertino rosso da cui \u00e8 stata scolpita rende questa ciotola un oggetto inimitabile.<\/p>\n<h3>Materiale<\/h3>\n<p>Il marmo \u00e8  una pietra metamorfica capace di riflettere la luce, in diversi modi, risultando limpido e traslucido. Questa sua capacit\u00e0 di reazione alle diverse condizioni di luminosit\u00e0 deriva dalla singolare composizione di questa roccia.<\/p>\n<p>Il travertino rosso \u00e8 una splendida pietra naturale, il cui colore pu\u00f2 variare in intensit\u00e0 dal rosso intenso al rosso tenue.  Anche le venature possono variare in colore, dal crema chiaro al bianco latte, mentre le sfumature di colore che caratterizzano il travertino rosso, possono avere un\u2019intensit\u00e0 di rosso pi\u00f9 intensa che il colore dello sfondo. Questa speciale pietra \u00e8 capace di donare personalit\u00e0 e originalit\u00e0 a realizzazioni strutturali ma anche decorative.<\/p>\n<p>Il Marmo Travertino risulta di grande impatto in ambienti dal design contemporaneo. Si pensa che l\u2019utilizzo del Travertino in ambito architettonico, costruttivo e artistico abbia origine antica, probabilmente in epoca romana.<\/p>\n<p>&nbsp;<\/p>\n","protected":false},"excerpt":{"rendered":"<ul>\n<li>\n<h4><span class=\"a-list-item\">Large bowl base 20 x 30 cm, Height 9 cm <\/span><\/h4>\n<\/li>\n<li>\n<h4>Small bowl base 20 x 15 cm, Height 9 cm<\/h4>\n<\/li>\n<li><span class=\"a-list-item\">Red Travertine marble.<br \/>\n<\/span><\/li>\n<li><span class=\"a-list-item\"> Glossy finish. <\/span>Slight variations can be determined by the artistic workmanship and the use of precious natural materials.<\/li>\n<li>Red travertine is a splendid natural stone, whose color can vary in intensity from deep red to pale red.<\/li>\n<li>The bowl is an object that today commemorates the ancient rituals of everyday life, establishing itself as a refined choice of furniture.<\/li>\n<\/ul>\n","protected":false},"featured_media":1613,"comment_status":"open","ping_status":"closed","template":"","meta":{"_acf_changed":false},"product_brand":[],"product_cat":[165,258],"product_tag":[139],"class_list":{"0":"post-2033","1":"product","2":"type-product","3":"status-publish","4":"has-post-thumbnail","6":"product_cat-home-decor-en","7":"product_cat-trays-and-centerpieces","8":"product_tag-cosebelleantichemoderne-en-2","10":"first","11":"instock","12":"shipping-taxable","13":"purchasable","14":"product-type-simple"},"acf":[],"yoast_head":"<!-- This site is optimized with the Yoast SEO plugin v27.4 - https:\/\/yoast.com\/product\/yoast-seo-wordpress\/ -->\n<title>Pair of Bowls in Red Travertine Marble - CBAM<\/title>\n<meta name=\"description\" content=\"Elegant pair of bowls in red travertine, a splendid natural stone, an exclusive and valuable object, handmade in Italy.\" \/>\n<meta name=\"robots\" content=\"index, follow, max-snippet:-1, max-image-preview:large, max-video-preview:-1\" \/>\n<link rel=\"canonical\" href=\"https:\/\/www.cosebelleantichemoderne.com\/en\/prodotto\/pair-bowls-picos-marble-travertine-red\/\" \/>\n<meta property=\"og:locale\" content=\"en_US\" \/>\n<meta property=\"og:type\" content=\"article\" \/>\n<meta property=\"og:title\" content=\"Pair of Bowls in Red Travertine Marble - CBAM\" \/>\n<meta property=\"og:description\" content=\"Elegant pair of bowls in red travertine, a splendid natural stone, an exclusive and valuable object, handmade in Italy.\" \/>\n<meta property=\"og:url\" content=\"https:\/\/www.cosebelleantichemoderne.com\/en\/prodotto\/pair-bowls-picos-marble-travertine-red\/\" \/>\n<meta property=\"og:site_name\" content=\"CBAM\" \/>\n<meta property=\"article:publisher\" content=\"https:\/\/www.facebook.com\/GaDArKStudioGroup\" \/>\n<meta property=\"article:modified_time\" content=\"2022-04-20T15:11:16+00:00\" \/>\n<meta property=\"og:image\" content=\"https:\/\/www.cosebelleantichemoderne.com\/wp-content\/uploads\/2021\/07\/Ciotola-orientale-coppia-marmo-travertino-rosso-cosebelleantichemoderne-3.jpg\" \/>\n\t<meta property=\"og:image:width\" content=\"1000\" \/>\n\t<meta property=\"og:image:height\" content=\"1000\" \/>\n\t<meta property=\"og:image:type\" content=\"image\/jpeg\" \/>\n<meta name=\"twitter:card\" content=\"summary_large_image\" \/>\n<meta name=\"twitter:label1\" content=\"Est. reading time\" \/>\n\t<meta name=\"twitter:data1\" content=\"1 minute\" \/>\n<script type=\"application\/ld+json\" class=\"yoast-schema-graph\">{\"@context\":\"https:\\\/\\\/schema.org\",\"@graph\":[{\"@type\":\"WebPage\",\"@id\":\"https:\\\/\\\/www.cosebelleantichemoderne.com\\\/en\\\/prodotto\\\/pair-bowls-picos-marble-travertine-red\\\/\",\"url\":\"https:\\\/\\\/www.cosebelleantichemoderne.com\\\/en\\\/prodotto\\\/pair-bowls-picos-marble-travertine-red\\\/\",\"name\":\"Pair of Bowls in Red Travertine Marble - CBAM\",\"isPartOf\":{\"@id\":\"https:\\\/\\\/www.cosebelleantichemoderne.com\\\/en\\\/#website\"},\"primaryImageOfPage\":{\"@id\":\"https:\\\/\\\/www.cosebelleantichemoderne.com\\\/en\\\/prodotto\\\/pair-bowls-picos-marble-travertine-red\\\/#primaryimage\"},\"image\":{\"@id\":\"https:\\\/\\\/www.cosebelleantichemoderne.com\\\/en\\\/prodotto\\\/pair-bowls-picos-marble-travertine-red\\\/#primaryimage\"},\"thumbnailUrl\":\"https:\\\/\\\/www.cosebelleantichemoderne.com\\\/wp-content\\\/uploads\\\/2021\\\/07\\\/Ciotola-orientale-coppia-marmo-travertino-rosso-cosebelleantichemoderne-3.jpg\",\"datePublished\":\"2021-07-13T04:40:23+00:00\",\"dateModified\":\"2022-04-20T15:11:16+00:00\",\"description\":\"Elegant pair of bowls in red travertine, a splendid natural stone, an exclusive and valuable object, handmade in Italy.\",\"breadcrumb\":{\"@id\":\"https:\\\/\\\/www.cosebelleantichemoderne.com\\\/en\\\/prodotto\\\/pair-bowls-picos-marble-travertine-red\\\/#breadcrumb\"},\"inLanguage\":\"en-US\",\"potentialAction\":[{\"@type\":\"ReadAction\",\"target\":[\"https:\\\/\\\/www.cosebelleantichemoderne.com\\\/en\\\/prodotto\\\/pair-bowls-picos-marble-travertine-red\\\/\"]}]},{\"@type\":\"ImageObject\",\"inLanguage\":\"en-US\",\"@id\":\"https:\\\/\\\/www.cosebelleantichemoderne.com\\\/en\\\/prodotto\\\/pair-bowls-picos-marble-travertine-red\\\/#primaryimage\",\"url\":\"https:\\\/\\\/www.cosebelleantichemoderne.com\\\/wp-content\\\/uploads\\\/2021\\\/07\\\/Ciotola-orientale-coppia-marmo-travertino-rosso-cosebelleantichemoderne-3.jpg\",\"contentUrl\":\"https:\\\/\\\/www.cosebelleantichemoderne.com\\\/wp-content\\\/uploads\\\/2021\\\/07\\\/Ciotola-orientale-coppia-marmo-travertino-rosso-cosebelleantichemoderne-3.jpg\",\"width\":1000,\"height\":1000,\"caption\":\"Bowl-oriental-couple-marble-travertine-red-cosebellanthemoderne\"},{\"@type\":\"BreadcrumbList\",\"@id\":\"https:\\\/\\\/www.cosebelleantichemoderne.com\\\/en\\\/prodotto\\\/pair-bowls-picos-marble-travertine-red\\\/#breadcrumb\",\"itemListElement\":[{\"@type\":\"ListItem\",\"position\":1,\"name\":\"Home\",\"item\":\"https:\\\/\\\/www.cosebelleantichemoderne.com\\\/en\\\/marble-interior-design-unique-hand-polished-pieces\\\/\"},{\"@type\":\"ListItem\",\"position\":2,\"name\":\"Shop\",\"item\":\"https:\\\/\\\/www.cosebelleantichemoderne.com\\\/en\\\/shop\\\/\"},{\"@type\":\"ListItem\",\"position\":3,\"name\":\"Pair of Bowls in Red Travertine Marble\"}]},{\"@type\":\"WebSite\",\"@id\":\"https:\\\/\\\/www.cosebelleantichemoderne.com\\\/en\\\/#website\",\"url\":\"https:\\\/\\\/www.cosebelleantichemoderne.com\\\/en\\\/\",\"name\":\"Cose Belle Antiche Moderne - CBAM\",\"description\":\"Cose belle Antiche e Moderne\",\"publisher\":{\"@id\":\"https:\\\/\\\/www.cosebelleantichemoderne.com\\\/en\\\/#organization\"},\"alternateName\":\"CBAM\",\"potentialAction\":[{\"@type\":\"SearchAction\",\"target\":{\"@type\":\"EntryPoint\",\"urlTemplate\":\"https:\\\/\\\/www.cosebelleantichemoderne.com\\\/en\\\/?s={search_term_string}\"},\"query-input\":{\"@type\":\"PropertyValueSpecification\",\"valueRequired\":true,\"valueName\":\"search_term_string\"}}],\"inLanguage\":\"en-US\"},{\"@type\":\"Organization\",\"@id\":\"https:\\\/\\\/www.cosebelleantichemoderne.com\\\/en\\\/#organization\",\"name\":\"Cose Belle Antiche Moderne - CBAM\",\"alternateName\":\"CBAM\",\"url\":\"https:\\\/\\\/www.cosebelleantichemoderne.com\\\/en\\\/\",\"logo\":{\"@type\":\"ImageObject\",\"inLanguage\":\"en-US\",\"@id\":\"https:\\\/\\\/www.cosebelleantichemoderne.com\\\/en\\\/#\\\/schema\\\/logo\\\/image\\\/\",\"url\":\"https:\\\/\\\/www.cosebelleantichemoderne.com\\\/wp-content\\\/uploads\\\/2020\\\/07\\\/Logo.png\",\"contentUrl\":\"https:\\\/\\\/www.cosebelleantichemoderne.com\\\/wp-content\\\/uploads\\\/2020\\\/07\\\/Logo.png\",\"width\":566,\"height\":194,\"caption\":\"Cose Belle Antiche Moderne - CBAM\"},\"image\":{\"@id\":\"https:\\\/\\\/www.cosebelleantichemoderne.com\\\/en\\\/#\\\/schema\\\/logo\\\/image\\\/\"},\"sameAs\":[\"https:\\\/\\\/www.facebook.com\\\/GaDArKStudioGroup\",\"https:\\\/\\\/www.instagram.com\\\/gad_cbam\\\/\",\"https:\\\/\\\/studio.youtube.com\\\/channel\\\/UCTxBZjBvDyg_FCroatLqjFA\"]}]}<\/script>\n<!-- \/ Yoast SEO plugin. -->","yoast_head_json":{"title":"Pair of Bowls in Red Travertine Marble - CBAM","description":"Elegant pair of bowls in red travertine, a splendid natural stone, an exclusive and valuable object, handmade in Italy.","robots":{"index":"index","follow":"follow","max-snippet":"max-snippet:-1","max-image-preview":"max-image-preview:large","max-video-preview":"max-video-preview:-1"},"canonical":"https:\/\/www.cosebelleantichemoderne.com\/en\/prodotto\/pair-bowls-picos-marble-travertine-red\/","og_locale":"en_US","og_type":"article","og_title":"Pair of Bowls in Red Travertine Marble - CBAM","og_description":"Elegant pair of bowls in red travertine, a splendid natural stone, an exclusive and valuable object, handmade in Italy.","og_url":"https:\/\/www.cosebelleantichemoderne.com\/en\/prodotto\/pair-bowls-picos-marble-travertine-red\/","og_site_name":"CBAM","article_publisher":"https:\/\/www.facebook.com\/GaDArKStudioGroup","article_modified_time":"2022-04-20T15:11:16+00:00","og_image":[{"width":1000,"height":1000,"url":"https:\/\/www.cosebelleantichemoderne.com\/wp-content\/uploads\/2021\/07\/Ciotola-orientale-coppia-marmo-travertino-rosso-cosebelleantichemoderne-3.jpg","type":"image\/jpeg"}],"twitter_card":"summary_large_image","twitter_misc":{"Est. reading time":"1 minute"},"schema":{"@context":"https:\/\/schema.org","@graph":[{"@type":"WebPage","@id":"https:\/\/www.cosebelleantichemoderne.com\/en\/prodotto\/pair-bowls-picos-marble-travertine-red\/","url":"https:\/\/www.cosebelleantichemoderne.com\/en\/prodotto\/pair-bowls-picos-marble-travertine-red\/","name":"Pair of Bowls in Red Travertine Marble - CBAM","isPartOf":{"@id":"https:\/\/www.cosebelleantichemoderne.com\/en\/#website"},"primaryImageOfPage":{"@id":"https:\/\/www.cosebelleantichemoderne.com\/en\/prodotto\/pair-bowls-picos-marble-travertine-red\/#primaryimage"},"image":{"@id":"https:\/\/www.cosebelleantichemoderne.com\/en\/prodotto\/pair-bowls-picos-marble-travertine-red\/#primaryimage"},"thumbnailUrl":"https:\/\/www.cosebelleantichemoderne.com\/wp-content\/uploads\/2021\/07\/Ciotola-orientale-coppia-marmo-travertino-rosso-cosebelleantichemoderne-3.jpg","datePublished":"2021-07-13T04:40:23+00:00","dateModified":"2022-04-20T15:11:16+00:00","description":"Elegant pair of bowls in red travertine, a splendid natural stone, an exclusive and valuable object, handmade in Italy.","breadcrumb":{"@id":"https:\/\/www.cosebelleantichemoderne.com\/en\/prodotto\/pair-bowls-picos-marble-travertine-red\/#breadcrumb"},"inLanguage":"en-US","potentialAction":[{"@type":"ReadAction","target":["https:\/\/www.cosebelleantichemoderne.com\/en\/prodotto\/pair-bowls-picos-marble-travertine-red\/"]}]},{"@type":"ImageObject","inLanguage":"en-US","@id":"https:\/\/www.cosebelleantichemoderne.com\/en\/prodotto\/pair-bowls-picos-marble-travertine-red\/#primaryimage","url":"https:\/\/www.cosebelleantichemoderne.com\/wp-content\/uploads\/2021\/07\/Ciotola-orientale-coppia-marmo-travertino-rosso-cosebelleantichemoderne-3.jpg","contentUrl":"https:\/\/www.cosebelleantichemoderne.com\/wp-content\/uploads\/2021\/07\/Ciotola-orientale-coppia-marmo-travertino-rosso-cosebelleantichemoderne-3.jpg","width":1000,"height":1000,"caption":"Bowl-oriental-couple-marble-travertine-red-cosebellanthemoderne"},{"@type":"BreadcrumbList","@id":"https:\/\/www.cosebelleantichemoderne.com\/en\/prodotto\/pair-bowls-picos-marble-travertine-red\/#breadcrumb","itemListElement":[{"@type":"ListItem","position":1,"name":"Home","item":"https:\/\/www.cosebelleantichemoderne.com\/en\/marble-interior-design-unique-hand-polished-pieces\/"},{"@type":"ListItem","position":2,"name":"Shop","item":"https:\/\/www.cosebelleantichemoderne.com\/en\/shop\/"},{"@type":"ListItem","position":3,"name":"Pair of Bowls in Red Travertine Marble"}]},{"@type":"WebSite","@id":"https:\/\/www.cosebelleantichemoderne.com\/en\/#website","url":"https:\/\/www.cosebelleantichemoderne.com\/en\/","name":"Cose Belle Antiche Moderne - CBAM","description":"Cose belle Antiche e Moderne","publisher":{"@id":"https:\/\/www.cosebelleantichemoderne.com\/en\/#organization"},"alternateName":"CBAM","potentialAction":[{"@type":"SearchAction","target":{"@type":"EntryPoint","urlTemplate":"https:\/\/www.cosebelleantichemoderne.com\/en\/?s={search_term_string}"},"query-input":{"@type":"PropertyValueSpecification","valueRequired":true,"valueName":"search_term_string"}}],"inLanguage":"en-US"},{"@type":"Organization","@id":"https:\/\/www.cosebelleantichemoderne.com\/en\/#organization","name":"Cose Belle Antiche Moderne - CBAM","alternateName":"CBAM","url":"https:\/\/www.cosebelleantichemoderne.com\/en\/","logo":{"@type":"ImageObject","inLanguage":"en-US","@id":"https:\/\/www.cosebelleantichemoderne.com\/en\/#\/schema\/logo\/image\/","url":"https:\/\/www.cosebelleantichemoderne.com\/wp-content\/uploads\/2020\/07\/Logo.png","contentUrl":"https:\/\/www.cosebelleantichemoderne.com\/wp-content\/uploads\/2020\/07\/Logo.png","width":566,"height":194,"caption":"Cose Belle Antiche Moderne - CBAM"},"image":{"@id":"https:\/\/www.cosebelleantichemoderne.com\/en\/#\/schema\/logo\/image\/"},"sameAs":["https:\/\/www.facebook.com\/GaDArKStudioGroup","https:\/\/www.instagram.com\/gad_cbam\/","https:\/\/studio.youtube.com\/channel\/UCTxBZjBvDyg_FCroatLqjFA"]}]}},"_links":{"self":[{"href":"https:\/\/www.cosebelleantichemoderne.com\/en\/wp-json\/wp\/v2\/product\/2033","targetHints":{"allow":["GET"]}}],"collection":[{"href":"https:\/\/www.cosebelleantichemoderne.com\/en\/wp-json\/wp\/v2\/product"}],"about":[{"href":"https:\/\/www.cosebelleantichemoderne.com\/en\/wp-json\/wp\/v2\/types\/product"}],"replies":[{"embeddable":true,"href":"https:\/\/www.cosebelleantichemoderne.com\/en\/wp-json\/wp\/v2\/comments?post=2033"}],"wp:featuredmedia":[{"embeddable":true,"href":"https:\/\/www.cosebelleantichemoderne.com\/en\/wp-json\/wp\/v2\/media\/1613"}],"wp:attachment":[{"href":"https:\/\/www.cosebelleantichemoderne.com\/en\/wp-json\/wp\/v2\/media?parent=2033"}],"wp:term":[{"taxonomy":"product_brand","embeddable":true,"href":"https:\/\/www.cosebelleantichemoderne.com\/en\/wp-json\/wp\/v2\/product_brand?post=2033"},{"taxonomy":"product_cat","embeddable":true,"href":"https:\/\/www.cosebelleantichemoderne.com\/en\/wp-json\/wp\/v2\/product_cat?post=2033"},{"taxonomy":"product_tag","embeddable":true,"href":"https:\/\/www.cosebelleantichemoderne.com\/en\/wp-json\/wp\/v2\/product_tag?post=2033"}],"curies":[{"name":"wp","href":"https:\/\/api.w.org\/{rel}","templated":true}]}}