{"id":2030,"date":"2022-05-16T13:02:14","date_gmt":"2022-05-16T13:02:14","guid":{"rendered":"https:\/\/www.cosebelleantichemoderne.com\/prodotto\/pair-of-carrara-marble-spheres\/"},"modified":"2024-05-16T08:11:43","modified_gmt":"2024-05-16T08:11:43","slug":"pair-spheres-white-carrara-marble","status":"publish","type":"product","link":"https:\/\/www.cosebelleantichemoderne.com\/en\/prodotto\/pair-spheres-white-carrara-marble\/","title":{"rendered":"Pair of Carrara Marble Spheres"},"content":{"rendered":"<p>https:\/\/www.cosebelleantichemoderne.com\/2020\/11\/25\/guida-alla-scelta-del-marmo-colori-arte-scultura-statueinterior-design-cosebelleantichemoderne\/<\/p>\n<p>&nbsp;<\/p>\n<p>&nbsp;<\/p>\n<p>&nbsp;<\/p>\n<p>Coppia di sfere  di design realizzata a mano in Italia in marmo bianco Carrara.<\/p>\n<p>La preziosit\u00e0 del materiale ed eleganza della forma si fondono in un oggetto unico, versatile e senza tempo , adatto a conferire un tocco artistico moderno ad ogni ambiente della casa, dal soggiorno alla camera da letto. Risulta di grande impatto in ambientazioni dal gusto moderno, accostata a materiali come pietra, legno e cemento naturale, cari alla moderna concezione di interior design.<\/p>\n<h3><\/h3>\n<h3>Materiale<\/h3>\n<p>Il marmo bianco di Carrara \u00e8 uno dei marmi pi\u00f9 conosciuti e apprezzati e le cave delle Alpi Apuane di Carrara sono tra le pi\u00f9 antiche al mondo, luogo in cui intere generazioni di cavatori sono cresciuti e hanno tramandato quest\u2019arte millenaria fino ai giorni nostri. L\u2019elemento che contraddistingue questa pietra \u00e8 il suo colore bianco, con leggere venature grigie o nere, e proprio per questo suo aspetto veniva considerata uno delle pi\u00f9 pure e perfette.<\/p>\n<h3><i>Sfera<\/i>:  il significato simbolico<\/h3>\n<p>&nbsp;<\/p>\n<p>La forma sferica ha una simbologia antica e rimanda spesso a quella del cerchio. Energeticamente parlando rimanda alle forze terrestri e il suo magnetismo. L\u2019assenza di angoli simboleggia la perfezione e l\u2019armonia, ma anche le forze primordiali. Quando si parla di pietre, subito viene in mente la classica sfera di cristallo usata nella divinazione.<\/p>\n<p>Dietro al concetto di sfera, inoltre, si cela un significato nascosto e onirico, carico di fascino; non a caso, da sempre, moltissimi artisti sono stati ispirati in questa forma tanto antica.<\/p>\n<p>&nbsp;<\/p>\n<p>&nbsp;<\/p>\n<p>&nbsp;<\/p>\n<p>&nbsp;<\/p>\n","protected":false},"excerpt":{"rendered":"<ul>\n<li>\n<h4>Diameter 12 cm.<\/h4>\n<\/li>\n<li><span class=\"a-list-item\"> Carrara white marble<br \/>\n<\/span><\/li>\n<li><span class=\"a-list-item\"> Glossy finish. <\/span>Slight variations can be determined by the artistic workmanship and the use of precious natural materials.<\/li>\n<li>The spherical shape has an ancient symbolism and often refers to that of the circle. Energetically speaking it refers to the earthly forces and its magnetism.<\/li>\n<li>Among the artists who have used white Carrara marble, Michelangelo is certainly one of the best known. It is precisely from the blocks obtained in Carrara that La Piet\u00e0, one of the most famous masterpieces of all time, came to life.<\/li>\n<\/ul>\n","protected":false},"featured_media":1621,"comment_status":"open","ping_status":"closed","template":"","meta":{"_acf_changed":false},"product_brand":[],"product_cat":[165,401],"product_tag":[139,140,141],"class_list":{"0":"post-2030","1":"product","2":"type-product","3":"status-publish","4":"has-post-thumbnail","6":"product_cat-home-decor-en","7":"product_cat-marble-spheres","8":"product_tag-cosebelleantichemoderne-en-2","9":"product_tag-design-en","10":"product_tag-marble","12":"first","13":"instock","14":"shipping-taxable","15":"purchasable","16":"product-type-simple"},"acf":[],"yoast_head":"<!-- This site is optimized with the Yoast SEO plugin v27.4 - https:\/\/yoast.com\/product\/yoast-seo-wordpress\/ -->\n<title>Pair of Carrara Marble Spheres - CBAM<\/title>\n<meta name=\"description\" content=\"Pair of white Carrara marble spheres. Thanks to its clean and essential lines it adapts to modern and classic furnishings.\" \/>\n<meta name=\"robots\" content=\"index, follow, max-snippet:-1, max-image-preview:large, max-video-preview:-1\" \/>\n<link rel=\"canonical\" href=\"https:\/\/www.cosebelleantichemoderne.com\/en\/prodotto\/pair-spheres-white-carrara-marble\/\" \/>\n<meta property=\"og:locale\" content=\"en_US\" \/>\n<meta property=\"og:type\" content=\"article\" \/>\n<meta property=\"og:title\" content=\"Pair of Carrara Marble Spheres - CBAM\" \/>\n<meta property=\"og:description\" content=\"Pair of white Carrara marble spheres. Thanks to its clean and essential lines it adapts to modern and classic furnishings.\" \/>\n<meta property=\"og:url\" content=\"https:\/\/www.cosebelleantichemoderne.com\/en\/prodotto\/pair-spheres-white-carrara-marble\/\" \/>\n<meta property=\"og:site_name\" content=\"CBAM\" \/>\n<meta property=\"article:publisher\" content=\"https:\/\/www.facebook.com\/GaDArKStudioGroup\" \/>\n<meta property=\"article:modified_time\" content=\"2024-05-16T08:11:43+00:00\" \/>\n<meta property=\"og:image\" content=\"https:\/\/www.cosebelleantichemoderne.com\/wp-content\/uploads\/2021\/07\/coppia-sfere-marmo-carrara-pair-spheres-carrara-marble-D.12-cm-cosebelleantichemoderne.jpeg\" \/>\n\t<meta property=\"og:image:width\" content=\"1000\" \/>\n\t<meta property=\"og:image:height\" content=\"1000\" \/>\n\t<meta property=\"og:image:type\" content=\"image\/jpeg\" \/>\n<meta name=\"twitter:card\" content=\"summary_large_image\" \/>\n<meta name=\"twitter:label1\" content=\"Est. reading time\" \/>\n\t<meta name=\"twitter:data1\" content=\"1 minute\" \/>\n<script type=\"application\/ld+json\" class=\"yoast-schema-graph\">{\"@context\":\"https:\\\/\\\/schema.org\",\"@graph\":[{\"@type\":\"WebPage\",\"@id\":\"https:\\\/\\\/www.cosebelleantichemoderne.com\\\/en\\\/prodotto\\\/pair-spheres-white-carrara-marble\\\/\",\"url\":\"https:\\\/\\\/www.cosebelleantichemoderne.com\\\/en\\\/prodotto\\\/pair-spheres-white-carrara-marble\\\/\",\"name\":\"Pair of Carrara Marble Spheres - CBAM\",\"isPartOf\":{\"@id\":\"https:\\\/\\\/www.cosebelleantichemoderne.com\\\/en\\\/#website\"},\"primaryImageOfPage\":{\"@id\":\"https:\\\/\\\/www.cosebelleantichemoderne.com\\\/en\\\/prodotto\\\/pair-spheres-white-carrara-marble\\\/#primaryimage\"},\"image\":{\"@id\":\"https:\\\/\\\/www.cosebelleantichemoderne.com\\\/en\\\/prodotto\\\/pair-spheres-white-carrara-marble\\\/#primaryimage\"},\"thumbnailUrl\":\"https:\\\/\\\/www.cosebelleantichemoderne.com\\\/wp-content\\\/uploads\\\/2021\\\/07\\\/coppia-sfere-marmo-carrara-pair-spheres-carrara-marble-D.12-cm-cosebelleantichemoderne.jpeg\",\"datePublished\":\"2022-05-16T13:02:14+00:00\",\"dateModified\":\"2024-05-16T08:11:43+00:00\",\"description\":\"Pair of white Carrara marble spheres. Thanks to its clean and essential lines it adapts to modern and classic furnishings.\",\"breadcrumb\":{\"@id\":\"https:\\\/\\\/www.cosebelleantichemoderne.com\\\/en\\\/prodotto\\\/pair-spheres-white-carrara-marble\\\/#breadcrumb\"},\"inLanguage\":\"en-US\",\"potentialAction\":[{\"@type\":\"ReadAction\",\"target\":[\"https:\\\/\\\/www.cosebelleantichemoderne.com\\\/en\\\/prodotto\\\/pair-spheres-white-carrara-marble\\\/\"]}]},{\"@type\":\"ImageObject\",\"inLanguage\":\"en-US\",\"@id\":\"https:\\\/\\\/www.cosebelleantichemoderne.com\\\/en\\\/prodotto\\\/pair-spheres-white-carrara-marble\\\/#primaryimage\",\"url\":\"https:\\\/\\\/www.cosebelleantichemoderne.com\\\/wp-content\\\/uploads\\\/2021\\\/07\\\/coppia-sfere-marmo-carrara-pair-spheres-carrara-marble-D.12-cm-cosebelleantichemoderne.jpeg\",\"contentUrl\":\"https:\\\/\\\/www.cosebelleantichemoderne.com\\\/wp-content\\\/uploads\\\/2021\\\/07\\\/coppia-sfere-marmo-carrara-pair-spheres-carrara-marble-D.12-cm-cosebelleantichemoderne.jpeg\",\"width\":1000,\"height\":1000,\"caption\":\"pair-spheres-carrara-marble-pair-spheres-carrara-marble\"},{\"@type\":\"BreadcrumbList\",\"@id\":\"https:\\\/\\\/www.cosebelleantichemoderne.com\\\/en\\\/prodotto\\\/pair-spheres-white-carrara-marble\\\/#breadcrumb\",\"itemListElement\":[{\"@type\":\"ListItem\",\"position\":1,\"name\":\"Home\",\"item\":\"https:\\\/\\\/www.cosebelleantichemoderne.com\\\/en\\\/marble-interior-design-unique-hand-polished-pieces\\\/\"},{\"@type\":\"ListItem\",\"position\":2,\"name\":\"Shop\",\"item\":\"https:\\\/\\\/www.cosebelleantichemoderne.com\\\/en\\\/shop\\\/\"},{\"@type\":\"ListItem\",\"position\":3,\"name\":\"Pair of Carrara Marble Spheres\"}]},{\"@type\":\"WebSite\",\"@id\":\"https:\\\/\\\/www.cosebelleantichemoderne.com\\\/en\\\/#website\",\"url\":\"https:\\\/\\\/www.cosebelleantichemoderne.com\\\/en\\\/\",\"name\":\"Cose Belle Antiche Moderne - CBAM\",\"description\":\"Cose belle Antiche e Moderne\",\"publisher\":{\"@id\":\"https:\\\/\\\/www.cosebelleantichemoderne.com\\\/en\\\/#organization\"},\"alternateName\":\"CBAM\",\"potentialAction\":[{\"@type\":\"SearchAction\",\"target\":{\"@type\":\"EntryPoint\",\"urlTemplate\":\"https:\\\/\\\/www.cosebelleantichemoderne.com\\\/en\\\/?s={search_term_string}\"},\"query-input\":{\"@type\":\"PropertyValueSpecification\",\"valueRequired\":true,\"valueName\":\"search_term_string\"}}],\"inLanguage\":\"en-US\"},{\"@type\":\"Organization\",\"@id\":\"https:\\\/\\\/www.cosebelleantichemoderne.com\\\/en\\\/#organization\",\"name\":\"Cose Belle Antiche Moderne - CBAM\",\"alternateName\":\"CBAM\",\"url\":\"https:\\\/\\\/www.cosebelleantichemoderne.com\\\/en\\\/\",\"logo\":{\"@type\":\"ImageObject\",\"inLanguage\":\"en-US\",\"@id\":\"https:\\\/\\\/www.cosebelleantichemoderne.com\\\/en\\\/#\\\/schema\\\/logo\\\/image\\\/\",\"url\":\"https:\\\/\\\/www.cosebelleantichemoderne.com\\\/wp-content\\\/uploads\\\/2020\\\/07\\\/Logo.png\",\"contentUrl\":\"https:\\\/\\\/www.cosebelleantichemoderne.com\\\/wp-content\\\/uploads\\\/2020\\\/07\\\/Logo.png\",\"width\":566,\"height\":194,\"caption\":\"Cose Belle Antiche Moderne - CBAM\"},\"image\":{\"@id\":\"https:\\\/\\\/www.cosebelleantichemoderne.com\\\/en\\\/#\\\/schema\\\/logo\\\/image\\\/\"},\"sameAs\":[\"https:\\\/\\\/www.facebook.com\\\/GaDArKStudioGroup\",\"https:\\\/\\\/www.instagram.com\\\/gad_cbam\\\/\",\"https:\\\/\\\/studio.youtube.com\\\/channel\\\/UCTxBZjBvDyg_FCroatLqjFA\"]}]}<\/script>\n<!-- \/ Yoast SEO plugin. -->","yoast_head_json":{"title":"Pair of Carrara Marble Spheres - CBAM","description":"Pair of white Carrara marble spheres. Thanks to its clean and essential lines it adapts to modern and classic furnishings.","robots":{"index":"index","follow":"follow","max-snippet":"max-snippet:-1","max-image-preview":"max-image-preview:large","max-video-preview":"max-video-preview:-1"},"canonical":"https:\/\/www.cosebelleantichemoderne.com\/en\/prodotto\/pair-spheres-white-carrara-marble\/","og_locale":"en_US","og_type":"article","og_title":"Pair of Carrara Marble Spheres - CBAM","og_description":"Pair of white Carrara marble spheres. Thanks to its clean and essential lines it adapts to modern and classic furnishings.","og_url":"https:\/\/www.cosebelleantichemoderne.com\/en\/prodotto\/pair-spheres-white-carrara-marble\/","og_site_name":"CBAM","article_publisher":"https:\/\/www.facebook.com\/GaDArKStudioGroup","article_modified_time":"2024-05-16T08:11:43+00:00","og_image":[{"width":1000,"height":1000,"url":"https:\/\/www.cosebelleantichemoderne.com\/wp-content\/uploads\/2021\/07\/coppia-sfere-marmo-carrara-pair-spheres-carrara-marble-D.12-cm-cosebelleantichemoderne.jpeg","type":"image\/jpeg"}],"twitter_card":"summary_large_image","twitter_misc":{"Est. reading time":"1 minute"},"schema":{"@context":"https:\/\/schema.org","@graph":[{"@type":"WebPage","@id":"https:\/\/www.cosebelleantichemoderne.com\/en\/prodotto\/pair-spheres-white-carrara-marble\/","url":"https:\/\/www.cosebelleantichemoderne.com\/en\/prodotto\/pair-spheres-white-carrara-marble\/","name":"Pair of Carrara Marble Spheres - CBAM","isPartOf":{"@id":"https:\/\/www.cosebelleantichemoderne.com\/en\/#website"},"primaryImageOfPage":{"@id":"https:\/\/www.cosebelleantichemoderne.com\/en\/prodotto\/pair-spheres-white-carrara-marble\/#primaryimage"},"image":{"@id":"https:\/\/www.cosebelleantichemoderne.com\/en\/prodotto\/pair-spheres-white-carrara-marble\/#primaryimage"},"thumbnailUrl":"https:\/\/www.cosebelleantichemoderne.com\/wp-content\/uploads\/2021\/07\/coppia-sfere-marmo-carrara-pair-spheres-carrara-marble-D.12-cm-cosebelleantichemoderne.jpeg","datePublished":"2022-05-16T13:02:14+00:00","dateModified":"2024-05-16T08:11:43+00:00","description":"Pair of white Carrara marble spheres. Thanks to its clean and essential lines it adapts to modern and classic furnishings.","breadcrumb":{"@id":"https:\/\/www.cosebelleantichemoderne.com\/en\/prodotto\/pair-spheres-white-carrara-marble\/#breadcrumb"},"inLanguage":"en-US","potentialAction":[{"@type":"ReadAction","target":["https:\/\/www.cosebelleantichemoderne.com\/en\/prodotto\/pair-spheres-white-carrara-marble\/"]}]},{"@type":"ImageObject","inLanguage":"en-US","@id":"https:\/\/www.cosebelleantichemoderne.com\/en\/prodotto\/pair-spheres-white-carrara-marble\/#primaryimage","url":"https:\/\/www.cosebelleantichemoderne.com\/wp-content\/uploads\/2021\/07\/coppia-sfere-marmo-carrara-pair-spheres-carrara-marble-D.12-cm-cosebelleantichemoderne.jpeg","contentUrl":"https:\/\/www.cosebelleantichemoderne.com\/wp-content\/uploads\/2021\/07\/coppia-sfere-marmo-carrara-pair-spheres-carrara-marble-D.12-cm-cosebelleantichemoderne.jpeg","width":1000,"height":1000,"caption":"pair-spheres-carrara-marble-pair-spheres-carrara-marble"},{"@type":"BreadcrumbList","@id":"https:\/\/www.cosebelleantichemoderne.com\/en\/prodotto\/pair-spheres-white-carrara-marble\/#breadcrumb","itemListElement":[{"@type":"ListItem","position":1,"name":"Home","item":"https:\/\/www.cosebelleantichemoderne.com\/en\/marble-interior-design-unique-hand-polished-pieces\/"},{"@type":"ListItem","position":2,"name":"Shop","item":"https:\/\/www.cosebelleantichemoderne.com\/en\/shop\/"},{"@type":"ListItem","position":3,"name":"Pair of Carrara Marble Spheres"}]},{"@type":"WebSite","@id":"https:\/\/www.cosebelleantichemoderne.com\/en\/#website","url":"https:\/\/www.cosebelleantichemoderne.com\/en\/","name":"Cose Belle Antiche Moderne - CBAM","description":"Cose belle Antiche e Moderne","publisher":{"@id":"https:\/\/www.cosebelleantichemoderne.com\/en\/#organization"},"alternateName":"CBAM","potentialAction":[{"@type":"SearchAction","target":{"@type":"EntryPoint","urlTemplate":"https:\/\/www.cosebelleantichemoderne.com\/en\/?s={search_term_string}"},"query-input":{"@type":"PropertyValueSpecification","valueRequired":true,"valueName":"search_term_string"}}],"inLanguage":"en-US"},{"@type":"Organization","@id":"https:\/\/www.cosebelleantichemoderne.com\/en\/#organization","name":"Cose Belle Antiche Moderne - CBAM","alternateName":"CBAM","url":"https:\/\/www.cosebelleantichemoderne.com\/en\/","logo":{"@type":"ImageObject","inLanguage":"en-US","@id":"https:\/\/www.cosebelleantichemoderne.com\/en\/#\/schema\/logo\/image\/","url":"https:\/\/www.cosebelleantichemoderne.com\/wp-content\/uploads\/2020\/07\/Logo.png","contentUrl":"https:\/\/www.cosebelleantichemoderne.com\/wp-content\/uploads\/2020\/07\/Logo.png","width":566,"height":194,"caption":"Cose Belle Antiche Moderne - CBAM"},"image":{"@id":"https:\/\/www.cosebelleantichemoderne.com\/en\/#\/schema\/logo\/image\/"},"sameAs":["https:\/\/www.facebook.com\/GaDArKStudioGroup","https:\/\/www.instagram.com\/gad_cbam\/","https:\/\/studio.youtube.com\/channel\/UCTxBZjBvDyg_FCroatLqjFA"]}]}},"_links":{"self":[{"href":"https:\/\/www.cosebelleantichemoderne.com\/en\/wp-json\/wp\/v2\/product\/2030","targetHints":{"allow":["GET"]}}],"collection":[{"href":"https:\/\/www.cosebelleantichemoderne.com\/en\/wp-json\/wp\/v2\/product"}],"about":[{"href":"https:\/\/www.cosebelleantichemoderne.com\/en\/wp-json\/wp\/v2\/types\/product"}],"replies":[{"embeddable":true,"href":"https:\/\/www.cosebelleantichemoderne.com\/en\/wp-json\/wp\/v2\/comments?post=2030"}],"wp:featuredmedia":[{"embeddable":true,"href":"https:\/\/www.cosebelleantichemoderne.com\/en\/wp-json\/wp\/v2\/media\/1621"}],"wp:attachment":[{"href":"https:\/\/www.cosebelleantichemoderne.com\/en\/wp-json\/wp\/v2\/media?parent=2030"}],"wp:term":[{"taxonomy":"product_brand","embeddable":true,"href":"https:\/\/www.cosebelleantichemoderne.com\/en\/wp-json\/wp\/v2\/product_brand?post=2030"},{"taxonomy":"product_cat","embeddable":true,"href":"https:\/\/www.cosebelleantichemoderne.com\/en\/wp-json\/wp\/v2\/product_cat?post=2030"},{"taxonomy":"product_tag","embeddable":true,"href":"https:\/\/www.cosebelleantichemoderne.com\/en\/wp-json\/wp\/v2\/product_tag?post=2030"}],"curies":[{"name":"wp","href":"https:\/\/api.w.org\/{rel}","templated":true}]}}