{"id":16509,"date":"2025-06-19T15:41:45","date_gmt":"2025-06-19T15:41:45","guid":{"rendered":"https:\/\/www.cosebelleantichemoderne.com\/prodotto\/carrara-marble-cutting-board-15x30cm\/"},"modified":"2025-06-19T15:41:45","modified_gmt":"2025-06-19T15:41:45","slug":"carrara-marble-cutting-board-15x30cm","status":"publish","type":"product","link":"https:\/\/www.cosebelleantichemoderne.com\/en\/prodotto\/carrara-marble-cutting-board-15x30cm\/","title":{"rendered":"Carrara Marble Cutting Board 15x30cm"},"content":{"rendered":"<div>The White Carrara marble 15&#215;30 cm decorative object represents a perfect balance between traditional craftsmanship and contemporary design. Carved from selected natural stone, each piece is honed with precision to enhance the purity of the surface and the elegance of its pearl grey veins, distinctive features of one of the world&#8217;s finest marbles. <\/div>\n<div><\/div>\n<div>Thanks to its compact and essential dimension, the chopping board lends itself to multiple uses in the context of culinary interior design. It can be used as a shelf for serving dishes, or as a support for cutting them. The natural stone gives the composition a material and sculptural presence, capable of dialoguing with both modern and classic styles. <\/div>\n<div><\/div>\n<div>Each cutting board is an unrepeatable creation, born from the encounter between aesthetic rigour and the natural imperfection of marble, testifying to the uniqueness of each block extracted from the quarries. The sober finish and refined appearance make the object of art ideal for elegant and refined environments. <\/div>\n<div><\/div>\n<div>Unique, customised and tailor-made creations, perfect for every occasion, to make every room unforgettable with the elegance of marble.<\/div>\n","protected":false},"excerpt":{"rendered":"<ul>\n<li>\n<div>The White Carrara marble object is an interior design complement designed to enhance refined spaces with elegance and natural materiality.<\/div>\n<\/li>\n<li>\n<div>Das Objekt aus wei\u00dfem Carrara-Marmor ist eine innenarchitektonische Erg\u00e4nzung, die raffinierte R\u00e4ume mit Eleganz und nat\u00fcrlicher Materialit\u00e4t aufwertet.<\/div>\n<\/li>\n<li>\n<div>The white Carrara marble object is an interior design addition that enhances sophisticated rooms with elegance and natural materiality.<\/div>\n<\/li>\n<li>\n<div>The 15&#215;30 cm format allows the product to be used as a base for any type of dish.<\/div>\n<\/li>\n<li>\n<div>The polished surface with a glossy finish enhances the natural transparency of the veining of the Bianco Carrara marble, making the chopping board a true objet d&#8217;art.<\/div>\n<\/li>\n<li>\n<div>The object blends perfectly into modern or classic environments, thanks to its neutral essence and the aesthetic harmony of the natural stone design.<\/div>\n<\/li>\n<li>\n<div>An elegant and durable product, the marble chopping board becomes a distinctive element in exclusive settings, from private residences to representative environments.<\/div>\n<\/li>\n<\/ul>\n","protected":false},"featured_media":16345,"comment_status":"closed","ping_status":"closed","template":"","meta":{"_acf_changed":false},"product_brand":[1065],"product_cat":[199],"product_tag":[856,645,394],"class_list":{"0":"post-16509","1":"product","2":"type-product","3":"status-publish","4":"has-post-thumbnail","6":"product_brand-cbam-en","7":"product_cat-lifestyle-en","8":"product_tag-carrara-marble","9":"product_tag-home-en-2","10":"product_tag-inetrior-design-en","12":"first","13":"instock","14":"shipping-taxable","15":"purchasable","16":"product-type-simple"},"acf":[],"yoast_head":"<!-- This site is optimized with the Yoast SEO plugin v27.4 - https:\/\/yoast.com\/product\/yoast-seo-wordpress\/ -->\n<title>Carrara Marble Cutting Board 15x30cm - CBAM<\/title>\n<meta name=\"description\" content=\"White Carrara marble chopping board, a unique decorative object for elegant interiors. Refined design, art and natural stone for exclusive interiors.\" \/>\n<meta name=\"robots\" content=\"index, follow, max-snippet:-1, max-image-preview:large, max-video-preview:-1\" \/>\n<link rel=\"canonical\" href=\"https:\/\/www.cosebelleantichemoderne.com\/en\/prodotto\/carrara-marble-cutting-board-15x30cm\/\" \/>\n<meta property=\"og:locale\" content=\"en_US\" \/>\n<meta property=\"og:type\" content=\"article\" \/>\n<meta property=\"og:title\" content=\"Carrara Marble Cutting Board 15x30cm - CBAM\" \/>\n<meta property=\"og:description\" content=\"White Carrara marble chopping board, a unique decorative object for elegant interiors. Refined design, art and natural stone for exclusive interiors.\" \/>\n<meta property=\"og:url\" content=\"https:\/\/www.cosebelleantichemoderne.com\/en\/prodotto\/carrara-marble-cutting-board-15x30cm\/\" \/>\n<meta property=\"og:site_name\" content=\"CBAM\" \/>\n<meta property=\"article:publisher\" content=\"https:\/\/www.facebook.com\/GaDArKStudioGroup\" \/>\n<meta property=\"og:image\" content=\"https:\/\/www.cosebelleantichemoderne.com\/wp-content\/uploads\/2025\/06\/tagliere-marmo-bianco-cosebelleantichemoderne-1-Photoroom-1.jpg\" \/>\n\t<meta property=\"og:image:width\" content=\"1600\" \/>\n\t<meta property=\"og:image:height\" content=\"1600\" \/>\n\t<meta property=\"og:image:type\" content=\"image\/jpeg\" \/>\n<meta name=\"twitter:card\" content=\"summary_large_image\" \/>\n<meta name=\"twitter:label1\" content=\"Est. reading time\" \/>\n\t<meta name=\"twitter:data1\" content=\"1 minute\" \/>\n<script type=\"application\/ld+json\" class=\"yoast-schema-graph\">{\"@context\":\"https:\\\/\\\/schema.org\",\"@graph\":[{\"@type\":\"WebPage\",\"@id\":\"https:\\\/\\\/www.cosebelleantichemoderne.com\\\/en\\\/prodotto\\\/carrara-marble-cutting-board-15x30cm\\\/\",\"url\":\"https:\\\/\\\/www.cosebelleantichemoderne.com\\\/en\\\/prodotto\\\/carrara-marble-cutting-board-15x30cm\\\/\",\"name\":\"Carrara Marble Cutting Board 15x30cm - CBAM\",\"isPartOf\":{\"@id\":\"https:\\\/\\\/www.cosebelleantichemoderne.com\\\/en\\\/#website\"},\"primaryImageOfPage\":{\"@id\":\"https:\\\/\\\/www.cosebelleantichemoderne.com\\\/en\\\/prodotto\\\/carrara-marble-cutting-board-15x30cm\\\/#primaryimage\"},\"image\":{\"@id\":\"https:\\\/\\\/www.cosebelleantichemoderne.com\\\/en\\\/prodotto\\\/carrara-marble-cutting-board-15x30cm\\\/#primaryimage\"},\"thumbnailUrl\":\"https:\\\/\\\/www.cosebelleantichemoderne.com\\\/wp-content\\\/uploads\\\/2025\\\/06\\\/tagliere-marmo-bianco-cosebelleantichemoderne-1-Photoroom-1.jpg\",\"datePublished\":\"2025-06-19T15:41:45+00:00\",\"description\":\"White Carrara marble chopping board, a unique decorative object for elegant interiors. Refined design, art and natural stone for exclusive interiors.\",\"breadcrumb\":{\"@id\":\"https:\\\/\\\/www.cosebelleantichemoderne.com\\\/en\\\/prodotto\\\/carrara-marble-cutting-board-15x30cm\\\/#breadcrumb\"},\"inLanguage\":\"en-US\",\"potentialAction\":[{\"@type\":\"ReadAction\",\"target\":[\"https:\\\/\\\/www.cosebelleantichemoderne.com\\\/en\\\/prodotto\\\/carrara-marble-cutting-board-15x30cm\\\/\"]}]},{\"@type\":\"ImageObject\",\"inLanguage\":\"en-US\",\"@id\":\"https:\\\/\\\/www.cosebelleantichemoderne.com\\\/en\\\/prodotto\\\/carrara-marble-cutting-board-15x30cm\\\/#primaryimage\",\"url\":\"https:\\\/\\\/www.cosebelleantichemoderne.com\\\/wp-content\\\/uploads\\\/2025\\\/06\\\/tagliere-marmo-bianco-cosebelleantichemoderne-1-Photoroom-1.jpg\",\"contentUrl\":\"https:\\\/\\\/www.cosebelleantichemoderne.com\\\/wp-content\\\/uploads\\\/2025\\\/06\\\/tagliere-marmo-bianco-cosebelleantichemoderne-1-Photoroom-1.jpg\",\"width\":1600,\"height\":1600},{\"@type\":\"BreadcrumbList\",\"@id\":\"https:\\\/\\\/www.cosebelleantichemoderne.com\\\/en\\\/prodotto\\\/carrara-marble-cutting-board-15x30cm\\\/#breadcrumb\",\"itemListElement\":[{\"@type\":\"ListItem\",\"position\":1,\"name\":\"Home\",\"item\":\"https:\\\/\\\/www.cosebelleantichemoderne.com\\\/en\\\/marble-interior-design-unique-hand-polished-pieces\\\/\"},{\"@type\":\"ListItem\",\"position\":2,\"name\":\"Shop\",\"item\":\"https:\\\/\\\/www.cosebelleantichemoderne.com\\\/en\\\/shop\\\/\"},{\"@type\":\"ListItem\",\"position\":3,\"name\":\"Carrara Marble Cutting Board 15x30cm\"}]},{\"@type\":\"WebSite\",\"@id\":\"https:\\\/\\\/www.cosebelleantichemoderne.com\\\/en\\\/#website\",\"url\":\"https:\\\/\\\/www.cosebelleantichemoderne.com\\\/en\\\/\",\"name\":\"Cose Belle Antiche Moderne - CBAM\",\"description\":\"Cose belle Antiche e Moderne\",\"publisher\":{\"@id\":\"https:\\\/\\\/www.cosebelleantichemoderne.com\\\/en\\\/#organization\"},\"alternateName\":\"CBAM\",\"potentialAction\":[{\"@type\":\"SearchAction\",\"target\":{\"@type\":\"EntryPoint\",\"urlTemplate\":\"https:\\\/\\\/www.cosebelleantichemoderne.com\\\/en\\\/?s={search_term_string}\"},\"query-input\":{\"@type\":\"PropertyValueSpecification\",\"valueRequired\":true,\"valueName\":\"search_term_string\"}}],\"inLanguage\":\"en-US\"},{\"@type\":\"Organization\",\"@id\":\"https:\\\/\\\/www.cosebelleantichemoderne.com\\\/en\\\/#organization\",\"name\":\"Cose Belle Antiche Moderne - CBAM\",\"alternateName\":\"CBAM\",\"url\":\"https:\\\/\\\/www.cosebelleantichemoderne.com\\\/en\\\/\",\"logo\":{\"@type\":\"ImageObject\",\"inLanguage\":\"en-US\",\"@id\":\"https:\\\/\\\/www.cosebelleantichemoderne.com\\\/en\\\/#\\\/schema\\\/logo\\\/image\\\/\",\"url\":\"https:\\\/\\\/www.cosebelleantichemoderne.com\\\/wp-content\\\/uploads\\\/2020\\\/07\\\/Logo.png\",\"contentUrl\":\"https:\\\/\\\/www.cosebelleantichemoderne.com\\\/wp-content\\\/uploads\\\/2020\\\/07\\\/Logo.png\",\"width\":566,\"height\":194,\"caption\":\"Cose Belle Antiche Moderne - CBAM\"},\"image\":{\"@id\":\"https:\\\/\\\/www.cosebelleantichemoderne.com\\\/en\\\/#\\\/schema\\\/logo\\\/image\\\/\"},\"sameAs\":[\"https:\\\/\\\/www.facebook.com\\\/GaDArKStudioGroup\",\"https:\\\/\\\/www.instagram.com\\\/gad_cbam\\\/\",\"https:\\\/\\\/studio.youtube.com\\\/channel\\\/UCTxBZjBvDyg_FCroatLqjFA\"]}]}<\/script>\n<!-- \/ Yoast SEO plugin. -->","yoast_head_json":{"title":"Carrara Marble Cutting Board 15x30cm - CBAM","description":"White Carrara marble chopping board, a unique decorative object for elegant interiors. Refined design, art and natural stone for exclusive interiors.","robots":{"index":"index","follow":"follow","max-snippet":"max-snippet:-1","max-image-preview":"max-image-preview:large","max-video-preview":"max-video-preview:-1"},"canonical":"https:\/\/www.cosebelleantichemoderne.com\/en\/prodotto\/carrara-marble-cutting-board-15x30cm\/","og_locale":"en_US","og_type":"article","og_title":"Carrara Marble Cutting Board 15x30cm - CBAM","og_description":"White Carrara marble chopping board, a unique decorative object for elegant interiors. Refined design, art and natural stone for exclusive interiors.","og_url":"https:\/\/www.cosebelleantichemoderne.com\/en\/prodotto\/carrara-marble-cutting-board-15x30cm\/","og_site_name":"CBAM","article_publisher":"https:\/\/www.facebook.com\/GaDArKStudioGroup","og_image":[{"width":1600,"height":1600,"url":"https:\/\/www.cosebelleantichemoderne.com\/wp-content\/uploads\/2025\/06\/tagliere-marmo-bianco-cosebelleantichemoderne-1-Photoroom-1.jpg","type":"image\/jpeg"}],"twitter_card":"summary_large_image","twitter_misc":{"Est. reading time":"1 minute"},"schema":{"@context":"https:\/\/schema.org","@graph":[{"@type":"WebPage","@id":"https:\/\/www.cosebelleantichemoderne.com\/en\/prodotto\/carrara-marble-cutting-board-15x30cm\/","url":"https:\/\/www.cosebelleantichemoderne.com\/en\/prodotto\/carrara-marble-cutting-board-15x30cm\/","name":"Carrara Marble Cutting Board 15x30cm - CBAM","isPartOf":{"@id":"https:\/\/www.cosebelleantichemoderne.com\/en\/#website"},"primaryImageOfPage":{"@id":"https:\/\/www.cosebelleantichemoderne.com\/en\/prodotto\/carrara-marble-cutting-board-15x30cm\/#primaryimage"},"image":{"@id":"https:\/\/www.cosebelleantichemoderne.com\/en\/prodotto\/carrara-marble-cutting-board-15x30cm\/#primaryimage"},"thumbnailUrl":"https:\/\/www.cosebelleantichemoderne.com\/wp-content\/uploads\/2025\/06\/tagliere-marmo-bianco-cosebelleantichemoderne-1-Photoroom-1.jpg","datePublished":"2025-06-19T15:41:45+00:00","description":"White Carrara marble chopping board, a unique decorative object for elegant interiors. Refined design, art and natural stone for exclusive interiors.","breadcrumb":{"@id":"https:\/\/www.cosebelleantichemoderne.com\/en\/prodotto\/carrara-marble-cutting-board-15x30cm\/#breadcrumb"},"inLanguage":"en-US","potentialAction":[{"@type":"ReadAction","target":["https:\/\/www.cosebelleantichemoderne.com\/en\/prodotto\/carrara-marble-cutting-board-15x30cm\/"]}]},{"@type":"ImageObject","inLanguage":"en-US","@id":"https:\/\/www.cosebelleantichemoderne.com\/en\/prodotto\/carrara-marble-cutting-board-15x30cm\/#primaryimage","url":"https:\/\/www.cosebelleantichemoderne.com\/wp-content\/uploads\/2025\/06\/tagliere-marmo-bianco-cosebelleantichemoderne-1-Photoroom-1.jpg","contentUrl":"https:\/\/www.cosebelleantichemoderne.com\/wp-content\/uploads\/2025\/06\/tagliere-marmo-bianco-cosebelleantichemoderne-1-Photoroom-1.jpg","width":1600,"height":1600},{"@type":"BreadcrumbList","@id":"https:\/\/www.cosebelleantichemoderne.com\/en\/prodotto\/carrara-marble-cutting-board-15x30cm\/#breadcrumb","itemListElement":[{"@type":"ListItem","position":1,"name":"Home","item":"https:\/\/www.cosebelleantichemoderne.com\/en\/marble-interior-design-unique-hand-polished-pieces\/"},{"@type":"ListItem","position":2,"name":"Shop","item":"https:\/\/www.cosebelleantichemoderne.com\/en\/shop\/"},{"@type":"ListItem","position":3,"name":"Carrara Marble Cutting Board 15x30cm"}]},{"@type":"WebSite","@id":"https:\/\/www.cosebelleantichemoderne.com\/en\/#website","url":"https:\/\/www.cosebelleantichemoderne.com\/en\/","name":"Cose Belle Antiche Moderne - CBAM","description":"Cose belle Antiche e Moderne","publisher":{"@id":"https:\/\/www.cosebelleantichemoderne.com\/en\/#organization"},"alternateName":"CBAM","potentialAction":[{"@type":"SearchAction","target":{"@type":"EntryPoint","urlTemplate":"https:\/\/www.cosebelleantichemoderne.com\/en\/?s={search_term_string}"},"query-input":{"@type":"PropertyValueSpecification","valueRequired":true,"valueName":"search_term_string"}}],"inLanguage":"en-US"},{"@type":"Organization","@id":"https:\/\/www.cosebelleantichemoderne.com\/en\/#organization","name":"Cose Belle Antiche Moderne - CBAM","alternateName":"CBAM","url":"https:\/\/www.cosebelleantichemoderne.com\/en\/","logo":{"@type":"ImageObject","inLanguage":"en-US","@id":"https:\/\/www.cosebelleantichemoderne.com\/en\/#\/schema\/logo\/image\/","url":"https:\/\/www.cosebelleantichemoderne.com\/wp-content\/uploads\/2020\/07\/Logo.png","contentUrl":"https:\/\/www.cosebelleantichemoderne.com\/wp-content\/uploads\/2020\/07\/Logo.png","width":566,"height":194,"caption":"Cose Belle Antiche Moderne - CBAM"},"image":{"@id":"https:\/\/www.cosebelleantichemoderne.com\/en\/#\/schema\/logo\/image\/"},"sameAs":["https:\/\/www.facebook.com\/GaDArKStudioGroup","https:\/\/www.instagram.com\/gad_cbam\/","https:\/\/studio.youtube.com\/channel\/UCTxBZjBvDyg_FCroatLqjFA"]}]}},"_links":{"self":[{"href":"https:\/\/www.cosebelleantichemoderne.com\/en\/wp-json\/wp\/v2\/product\/16509","targetHints":{"allow":["GET"]}}],"collection":[{"href":"https:\/\/www.cosebelleantichemoderne.com\/en\/wp-json\/wp\/v2\/product"}],"about":[{"href":"https:\/\/www.cosebelleantichemoderne.com\/en\/wp-json\/wp\/v2\/types\/product"}],"replies":[{"embeddable":true,"href":"https:\/\/www.cosebelleantichemoderne.com\/en\/wp-json\/wp\/v2\/comments?post=16509"}],"wp:featuredmedia":[{"embeddable":true,"href":"https:\/\/www.cosebelleantichemoderne.com\/en\/wp-json\/wp\/v2\/media\/16345"}],"wp:attachment":[{"href":"https:\/\/www.cosebelleantichemoderne.com\/en\/wp-json\/wp\/v2\/media?parent=16509"}],"wp:term":[{"taxonomy":"product_brand","embeddable":true,"href":"https:\/\/www.cosebelleantichemoderne.com\/en\/wp-json\/wp\/v2\/product_brand?post=16509"},{"taxonomy":"product_cat","embeddable":true,"href":"https:\/\/www.cosebelleantichemoderne.com\/en\/wp-json\/wp\/v2\/product_cat?post=16509"},{"taxonomy":"product_tag","embeddable":true,"href":"https:\/\/www.cosebelleantichemoderne.com\/en\/wp-json\/wp\/v2\/product_tag?post=16509"}],"curies":[{"name":"wp","href":"https:\/\/api.w.org\/{rel}","templated":true}]}}