{"id":16170,"date":"2025-06-15T14:32:34","date_gmt":"2025-06-15T14:32:34","guid":{"rendered":"https:\/\/www.cosebelleantichemoderne.com\/prodotto\/green-alps-marble-bath-set\/"},"modified":"2025-06-15T14:32:34","modified_gmt":"2025-06-15T14:32:34","slug":"green-alps-marble-bath-set","status":"publish","type":"product","link":"https:\/\/www.cosebelleantichemoderne.com\/en\/prodotto\/green-alps-marble-bath-set\/","title":{"rendered":"Green Alps Marble Bath Set"},"content":{"rendered":"<div>Il set da bagno in marmo Verde Alpi rappresenta la perfetta fusione tra funzionalit\u00e0 e raffinatezza. Ogni pezzo \u00e8 realizzato a mano da abili artigiani che lavorano con uno dei materiali pi\u00f9 pregiati e apprezzati nel mondo del design: il marmo. Questo marmo, riconosciuto per la sua purezza e le sue delicate venature, \u00e8 stato utilizzato per secoli in opere d&#8217;arte e di interior design per le sue eccezionali qualit\u00e0 estetiche e fisiche.  <\/div>\n<div><\/div>\n<div>Each item in this set is unique, as the shades and veining of the marble naturally vary from piece to piece, ensuring an exclusive result that cannot be replicated. The clean-lined tumbler and steel-finished dispenser are designed to offer practicality and style in any setting. <\/div>\n<div><\/div>\n<div>Marble is not only a symbol of natural beauty, but also of durability. It is a material prized by designers and architects for its ability to enrich any environment with its timeless appeal. The use of marble in everyday objects such as these elevates functionality, bringing a piece of Italian history and tradition into homes.  <\/div>\n<div><\/div>\n<div>A design that will endure because of both the intrinsic quality of the material and its aesthetic value. The neutral tones of marble make it suitable for any furnishing style, from classic to contemporary, always adding a touch of elegance and naturalness.<\/div>\n","protected":false},"excerpt":{"rendered":"<ul>\n<li>The Set consists of two items, a tumbler and a dispenser with dispenser.<\/li>\n<li>Made of fine Green Alps marble with characteristic veining.<\/li>\n<li>The tumbler measures \u00d8 7cm, H 10cm. The dispenser with dispenser measures \u00d8 8cm, H 16cm. <\/li>\n<li>Craftsmanship that enhances the authenticity and nuances of the stone.<\/li>\n<li>Natural marble in cool tones, perfect for refined settings.<\/li>\n<li>Each piece is handmade to ensure uniqueness and beauty.<\/li>\n<\/ul>\n","protected":false},"featured_media":16137,"comment_status":"closed","ping_status":"closed","template":"","meta":{"_acf_changed":false},"product_brand":[],"product_cat":[1233,199],"product_tag":[],"class_list":{"0":"post-16170","1":"product","2":"type-product","3":"status-publish","4":"has-post-thumbnail","6":"product_cat-gift-sets","7":"product_cat-lifestyle-en","9":"first","10":"instock","11":"shipping-taxable","12":"purchasable","13":"product-type-simple"},"acf":[],"yoast_head":"<!-- This site is optimized with the Yoast SEO plugin v27.4 - https:\/\/yoast.com\/product\/yoast-seo-wordpress\/ -->\n<title>Green Alps Marble Bath Set - CBAM<\/title>\n<meta name=\"description\" content=\"Marble bath set, elegant and original home decoration. Exclusive furniture for refined environments and lovers of classic and contemporary design.\" \/>\n<meta name=\"robots\" content=\"index, follow, max-snippet:-1, max-image-preview:large, max-video-preview:-1\" \/>\n<link rel=\"canonical\" href=\"https:\/\/www.cosebelleantichemoderne.com\/en\/prodotto\/green-alps-marble-bath-set\/\" \/>\n<meta property=\"og:locale\" content=\"en_US\" \/>\n<meta property=\"og:type\" content=\"article\" \/>\n<meta property=\"og:title\" content=\"Green Alps Marble Bath Set - CBAM\" \/>\n<meta property=\"og:description\" content=\"Marble bath set, elegant and original home decoration. Exclusive furniture for refined environments and lovers of classic and contemporary design.\" \/>\n<meta property=\"og:url\" content=\"https:\/\/www.cosebelleantichemoderne.com\/en\/prodotto\/green-alps-marble-bath-set\/\" \/>\n<meta property=\"og:site_name\" content=\"CBAM\" \/>\n<meta property=\"article:publisher\" content=\"https:\/\/www.facebook.com\/GaDArKStudioGroup\" \/>\n<meta property=\"og:image\" content=\"https:\/\/www.cosebelleantichemoderne.com\/wp-content\/uploads\/2025\/06\/set-bagno-2pz-verde-cosebelleantichemoderne-0.webp\" \/>\n\t<meta property=\"og:image:width\" content=\"1600\" \/>\n\t<meta property=\"og:image:height\" content=\"1600\" \/>\n\t<meta property=\"og:image:type\" content=\"image\/webp\" \/>\n<meta name=\"twitter:card\" content=\"summary_large_image\" \/>\n<meta name=\"twitter:label1\" content=\"Est. reading time\" \/>\n\t<meta name=\"twitter:data1\" content=\"1 minute\" \/>\n<script type=\"application\/ld+json\" class=\"yoast-schema-graph\">{\"@context\":\"https:\\\/\\\/schema.org\",\"@graph\":[{\"@type\":\"WebPage\",\"@id\":\"https:\\\/\\\/www.cosebelleantichemoderne.com\\\/en\\\/prodotto\\\/green-alps-marble-bath-set\\\/\",\"url\":\"https:\\\/\\\/www.cosebelleantichemoderne.com\\\/en\\\/prodotto\\\/green-alps-marble-bath-set\\\/\",\"name\":\"Green Alps Marble Bath Set - CBAM\",\"isPartOf\":{\"@id\":\"https:\\\/\\\/www.cosebelleantichemoderne.com\\\/en\\\/#website\"},\"primaryImageOfPage\":{\"@id\":\"https:\\\/\\\/www.cosebelleantichemoderne.com\\\/en\\\/prodotto\\\/green-alps-marble-bath-set\\\/#primaryimage\"},\"image\":{\"@id\":\"https:\\\/\\\/www.cosebelleantichemoderne.com\\\/en\\\/prodotto\\\/green-alps-marble-bath-set\\\/#primaryimage\"},\"thumbnailUrl\":\"https:\\\/\\\/www.cosebelleantichemoderne.com\\\/wp-content\\\/uploads\\\/2025\\\/06\\\/set-bagno-2pz-verde-cosebelleantichemoderne-0.webp\",\"datePublished\":\"2025-06-15T14:32:34+00:00\",\"description\":\"Marble bath set, elegant and original home decoration. Exclusive furniture for refined environments and lovers of classic and contemporary design.\",\"breadcrumb\":{\"@id\":\"https:\\\/\\\/www.cosebelleantichemoderne.com\\\/en\\\/prodotto\\\/green-alps-marble-bath-set\\\/#breadcrumb\"},\"inLanguage\":\"en-US\",\"potentialAction\":[{\"@type\":\"ReadAction\",\"target\":[\"https:\\\/\\\/www.cosebelleantichemoderne.com\\\/en\\\/prodotto\\\/green-alps-marble-bath-set\\\/\"]}]},{\"@type\":\"ImageObject\",\"inLanguage\":\"en-US\",\"@id\":\"https:\\\/\\\/www.cosebelleantichemoderne.com\\\/en\\\/prodotto\\\/green-alps-marble-bath-set\\\/#primaryimage\",\"url\":\"https:\\\/\\\/www.cosebelleantichemoderne.com\\\/wp-content\\\/uploads\\\/2025\\\/06\\\/set-bagno-2pz-verde-cosebelleantichemoderne-0.webp\",\"contentUrl\":\"https:\\\/\\\/www.cosebelleantichemoderne.com\\\/wp-content\\\/uploads\\\/2025\\\/06\\\/set-bagno-2pz-verde-cosebelleantichemoderne-0.webp\",\"width\":1600,\"height\":1600,\"caption\":\"set-bagno-2pz-verde-cosebelleantichemoderne-\"},{\"@type\":\"BreadcrumbList\",\"@id\":\"https:\\\/\\\/www.cosebelleantichemoderne.com\\\/en\\\/prodotto\\\/green-alps-marble-bath-set\\\/#breadcrumb\",\"itemListElement\":[{\"@type\":\"ListItem\",\"position\":1,\"name\":\"Home\",\"item\":\"https:\\\/\\\/www.cosebelleantichemoderne.com\\\/en\\\/marble-interior-design-unique-hand-polished-pieces\\\/\"},{\"@type\":\"ListItem\",\"position\":2,\"name\":\"Shop\",\"item\":\"https:\\\/\\\/www.cosebelleantichemoderne.com\\\/en\\\/shop\\\/\"},{\"@type\":\"ListItem\",\"position\":3,\"name\":\"Green Alps Marble Bath Set\"}]},{\"@type\":\"WebSite\",\"@id\":\"https:\\\/\\\/www.cosebelleantichemoderne.com\\\/en\\\/#website\",\"url\":\"https:\\\/\\\/www.cosebelleantichemoderne.com\\\/en\\\/\",\"name\":\"Cose Belle Antiche Moderne - CBAM\",\"description\":\"Cose belle Antiche e Moderne\",\"publisher\":{\"@id\":\"https:\\\/\\\/www.cosebelleantichemoderne.com\\\/en\\\/#organization\"},\"alternateName\":\"CBAM\",\"potentialAction\":[{\"@type\":\"SearchAction\",\"target\":{\"@type\":\"EntryPoint\",\"urlTemplate\":\"https:\\\/\\\/www.cosebelleantichemoderne.com\\\/en\\\/?s={search_term_string}\"},\"query-input\":{\"@type\":\"PropertyValueSpecification\",\"valueRequired\":true,\"valueName\":\"search_term_string\"}}],\"inLanguage\":\"en-US\"},{\"@type\":\"Organization\",\"@id\":\"https:\\\/\\\/www.cosebelleantichemoderne.com\\\/en\\\/#organization\",\"name\":\"Cose Belle Antiche Moderne - CBAM\",\"alternateName\":\"CBAM\",\"url\":\"https:\\\/\\\/www.cosebelleantichemoderne.com\\\/en\\\/\",\"logo\":{\"@type\":\"ImageObject\",\"inLanguage\":\"en-US\",\"@id\":\"https:\\\/\\\/www.cosebelleantichemoderne.com\\\/en\\\/#\\\/schema\\\/logo\\\/image\\\/\",\"url\":\"https:\\\/\\\/www.cosebelleantichemoderne.com\\\/wp-content\\\/uploads\\\/2020\\\/07\\\/Logo.png\",\"contentUrl\":\"https:\\\/\\\/www.cosebelleantichemoderne.com\\\/wp-content\\\/uploads\\\/2020\\\/07\\\/Logo.png\",\"width\":566,\"height\":194,\"caption\":\"Cose Belle Antiche Moderne - CBAM\"},\"image\":{\"@id\":\"https:\\\/\\\/www.cosebelleantichemoderne.com\\\/en\\\/#\\\/schema\\\/logo\\\/image\\\/\"},\"sameAs\":[\"https:\\\/\\\/www.facebook.com\\\/GaDArKStudioGroup\",\"https:\\\/\\\/www.instagram.com\\\/gad_cbam\\\/\",\"https:\\\/\\\/studio.youtube.com\\\/channel\\\/UCTxBZjBvDyg_FCroatLqjFA\"]}]}<\/script>\n<!-- \/ Yoast SEO plugin. -->","yoast_head_json":{"title":"Green Alps Marble Bath Set - CBAM","description":"Marble bath set, elegant and original home decoration. Exclusive furniture for refined environments and lovers of classic and contemporary design.","robots":{"index":"index","follow":"follow","max-snippet":"max-snippet:-1","max-image-preview":"max-image-preview:large","max-video-preview":"max-video-preview:-1"},"canonical":"https:\/\/www.cosebelleantichemoderne.com\/en\/prodotto\/green-alps-marble-bath-set\/","og_locale":"en_US","og_type":"article","og_title":"Green Alps Marble Bath Set - CBAM","og_description":"Marble bath set, elegant and original home decoration. Exclusive furniture for refined environments and lovers of classic and contemporary design.","og_url":"https:\/\/www.cosebelleantichemoderne.com\/en\/prodotto\/green-alps-marble-bath-set\/","og_site_name":"CBAM","article_publisher":"https:\/\/www.facebook.com\/GaDArKStudioGroup","og_image":[{"width":1600,"height":1600,"url":"https:\/\/www.cosebelleantichemoderne.com\/wp-content\/uploads\/2025\/06\/set-bagno-2pz-verde-cosebelleantichemoderne-0.webp","type":"image\/webp"}],"twitter_card":"summary_large_image","twitter_misc":{"Est. reading time":"1 minute"},"schema":{"@context":"https:\/\/schema.org","@graph":[{"@type":"WebPage","@id":"https:\/\/www.cosebelleantichemoderne.com\/en\/prodotto\/green-alps-marble-bath-set\/","url":"https:\/\/www.cosebelleantichemoderne.com\/en\/prodotto\/green-alps-marble-bath-set\/","name":"Green Alps Marble Bath Set - CBAM","isPartOf":{"@id":"https:\/\/www.cosebelleantichemoderne.com\/en\/#website"},"primaryImageOfPage":{"@id":"https:\/\/www.cosebelleantichemoderne.com\/en\/prodotto\/green-alps-marble-bath-set\/#primaryimage"},"image":{"@id":"https:\/\/www.cosebelleantichemoderne.com\/en\/prodotto\/green-alps-marble-bath-set\/#primaryimage"},"thumbnailUrl":"https:\/\/www.cosebelleantichemoderne.com\/wp-content\/uploads\/2025\/06\/set-bagno-2pz-verde-cosebelleantichemoderne-0.webp","datePublished":"2025-06-15T14:32:34+00:00","description":"Marble bath set, elegant and original home decoration. Exclusive furniture for refined environments and lovers of classic and contemporary design.","breadcrumb":{"@id":"https:\/\/www.cosebelleantichemoderne.com\/en\/prodotto\/green-alps-marble-bath-set\/#breadcrumb"},"inLanguage":"en-US","potentialAction":[{"@type":"ReadAction","target":["https:\/\/www.cosebelleantichemoderne.com\/en\/prodotto\/green-alps-marble-bath-set\/"]}]},{"@type":"ImageObject","inLanguage":"en-US","@id":"https:\/\/www.cosebelleantichemoderne.com\/en\/prodotto\/green-alps-marble-bath-set\/#primaryimage","url":"https:\/\/www.cosebelleantichemoderne.com\/wp-content\/uploads\/2025\/06\/set-bagno-2pz-verde-cosebelleantichemoderne-0.webp","contentUrl":"https:\/\/www.cosebelleantichemoderne.com\/wp-content\/uploads\/2025\/06\/set-bagno-2pz-verde-cosebelleantichemoderne-0.webp","width":1600,"height":1600,"caption":"set-bagno-2pz-verde-cosebelleantichemoderne-"},{"@type":"BreadcrumbList","@id":"https:\/\/www.cosebelleantichemoderne.com\/en\/prodotto\/green-alps-marble-bath-set\/#breadcrumb","itemListElement":[{"@type":"ListItem","position":1,"name":"Home","item":"https:\/\/www.cosebelleantichemoderne.com\/en\/marble-interior-design-unique-hand-polished-pieces\/"},{"@type":"ListItem","position":2,"name":"Shop","item":"https:\/\/www.cosebelleantichemoderne.com\/en\/shop\/"},{"@type":"ListItem","position":3,"name":"Green Alps Marble Bath Set"}]},{"@type":"WebSite","@id":"https:\/\/www.cosebelleantichemoderne.com\/en\/#website","url":"https:\/\/www.cosebelleantichemoderne.com\/en\/","name":"Cose Belle Antiche Moderne - CBAM","description":"Cose belle Antiche e Moderne","publisher":{"@id":"https:\/\/www.cosebelleantichemoderne.com\/en\/#organization"},"alternateName":"CBAM","potentialAction":[{"@type":"SearchAction","target":{"@type":"EntryPoint","urlTemplate":"https:\/\/www.cosebelleantichemoderne.com\/en\/?s={search_term_string}"},"query-input":{"@type":"PropertyValueSpecification","valueRequired":true,"valueName":"search_term_string"}}],"inLanguage":"en-US"},{"@type":"Organization","@id":"https:\/\/www.cosebelleantichemoderne.com\/en\/#organization","name":"Cose Belle Antiche Moderne - CBAM","alternateName":"CBAM","url":"https:\/\/www.cosebelleantichemoderne.com\/en\/","logo":{"@type":"ImageObject","inLanguage":"en-US","@id":"https:\/\/www.cosebelleantichemoderne.com\/en\/#\/schema\/logo\/image\/","url":"https:\/\/www.cosebelleantichemoderne.com\/wp-content\/uploads\/2020\/07\/Logo.png","contentUrl":"https:\/\/www.cosebelleantichemoderne.com\/wp-content\/uploads\/2020\/07\/Logo.png","width":566,"height":194,"caption":"Cose Belle Antiche Moderne - CBAM"},"image":{"@id":"https:\/\/www.cosebelleantichemoderne.com\/en\/#\/schema\/logo\/image\/"},"sameAs":["https:\/\/www.facebook.com\/GaDArKStudioGroup","https:\/\/www.instagram.com\/gad_cbam\/","https:\/\/studio.youtube.com\/channel\/UCTxBZjBvDyg_FCroatLqjFA"]}]}},"_links":{"self":[{"href":"https:\/\/www.cosebelleantichemoderne.com\/en\/wp-json\/wp\/v2\/product\/16170","targetHints":{"allow":["GET"]}}],"collection":[{"href":"https:\/\/www.cosebelleantichemoderne.com\/en\/wp-json\/wp\/v2\/product"}],"about":[{"href":"https:\/\/www.cosebelleantichemoderne.com\/en\/wp-json\/wp\/v2\/types\/product"}],"replies":[{"embeddable":true,"href":"https:\/\/www.cosebelleantichemoderne.com\/en\/wp-json\/wp\/v2\/comments?post=16170"}],"wp:featuredmedia":[{"embeddable":true,"href":"https:\/\/www.cosebelleantichemoderne.com\/en\/wp-json\/wp\/v2\/media\/16137"}],"wp:attachment":[{"href":"https:\/\/www.cosebelleantichemoderne.com\/en\/wp-json\/wp\/v2\/media?parent=16170"}],"wp:term":[{"taxonomy":"product_brand","embeddable":true,"href":"https:\/\/www.cosebelleantichemoderne.com\/en\/wp-json\/wp\/v2\/product_brand?post=16170"},{"taxonomy":"product_cat","embeddable":true,"href":"https:\/\/www.cosebelleantichemoderne.com\/en\/wp-json\/wp\/v2\/product_cat?post=16170"},{"taxonomy":"product_tag","embeddable":true,"href":"https:\/\/www.cosebelleantichemoderne.com\/en\/wp-json\/wp\/v2\/product_tag?post=16170"}],"curies":[{"name":"wp","href":"https:\/\/api.w.org\/{rel}","templated":true}]}}